{"id":12353,"date":"2025-12-23T10:51:52","date_gmt":"2025-12-23T09:51:52","guid":{"rendered":"http:\/\/divinginelba.youelba.com\/escursioni\/escursioni-private\/"},"modified":"2026-02-19T09:36:12","modified_gmt":"2026-02-19T08:36:12","slug":"private-ausfluge","status":"publish","type":"page","link":"https:\/\/www.divinginelba.com\/de\/ausfluge\/private-ausfluge\/","title":{"rendered":"Private Ausfl\u00fcge"},"content":{"rendered":"\t\t<div data-elementor-type=\"wp-page\" data-elementor-id=\"12353\" class=\"elementor elementor-12353 elementor-4648\">\n\t\t\t\t\t\t<section class=\"elementor-section elementor-top-section elementor-element elementor-element-cb8473f animated-slow elementor-section-boxed elementor-section-height-default elementor-section-height-default elementor-invisible\" data-id=\"cb8473f\" data-element_type=\"section\" data-e-type=\"section\" data-settings=\"{&quot;background_background&quot;:&quot;classic&quot;,&quot;animation&quot;:&quot;fadeIn&quot;}\">\n\t\t\t\t\t\t<div class=\"elementor-container elementor-column-gap-narrow\">\n\t\t\t\t\t<div class=\"elementor-column elementor-col-100 elementor-top-column elementor-element elementor-element-a067189\" data-id=\"a067189\" data-element_type=\"column\" data-e-type=\"column\">\n\t\t\t<div class=\"elementor-widget-wrap elementor-element-populated\">\n\t\t\t\t<div class=\"elementor-element elementor-element-195c607 e-flex e-con-boxed e-con e-parent\" data-id=\"195c607\" data-element_type=\"container\" data-e-type=\"container\">\n\t\t\t\t\t<div class=\"e-con-inner\">\n\t\t\t\t<div class=\"elementor-element elementor-element-89e5f5d aleft elementor-widget elementor-widget-wgl-double-headings\" data-id=\"89e5f5d\" data-element_type=\"widget\" data-e-type=\"widget\" data-widget_type=\"wgl-double-headings.default\">\n\t\t\t\t<div class=\"elementor-widget-container\">\n\t\t\t\t\t<div class=\"wgl-double_heading\"><div class=\"dbl__subtitle type-default\"><span class=\"svg_media\"><svg version=\"1.1\" xmlns=\"http:\/\/www.w3.org\/2000\/svg\" xmlns:xlink=\"http:\/\/www.w3.org\/1999\/xlink\" x=\"0px\" y=\"0px\" viewBox=\"0 0 100 13.6\" style=\"enable-background:new 0 0 100 13.6;\" xml:space=\"preserve\"><path class=\"st0\" d=\"M28.8,9.7L33,6.9l4.3,2.9c7.7,5.2,17.7,5.2,25.4,0L67,6.9l4.3,2.9c3.9,2.6,8.3,3.9,12.7,3.9c4.4,0,8.8-1.3,12.7-3.9l3.2-2.1C99.9,6.3,100,5,100,3.7c0-0.6,0-1.1,0-1.7l-0.6-0.9L93.5,5c-5.8,3.9-13.3,3.9-19.1,0L67,0l-7.4,5c-5.8,3.9-13.3,3.9-19.1,0L33,0l-7.4,5C19.8,8.9,12.3,8.9,6.5,5L0.7,1.1L0,2c0,0.6,0,1.1,0,1.7C0,5,0.1,6.3,0.2,7.6l3.2,2.1C11.1,14.9,21,14.9,28.8,9.7z\"\/><\/svg><\/span> <\/div><h3 class=\"dbl__title-wrapper\"><span class=\"dbl__title\">Boot exklusiv buchen<\/span><\/h3><\/div>\t\t\t\t<\/div>\n\t\t\t\t<\/div>\n\t\t\t\t<div class=\"elementor-element elementor-element-c0ae0d2 elementor-widget elementor-widget-text-editor\" data-id=\"c0ae0d2\" data-element_type=\"widget\" data-e-type=\"widget\" data-widget_type=\"text-editor.default\">\n\t\t\t\t\t\t\t\t\t<p>M\u00f6glichkeit, private Ausfl\u00fcge mit exklusiven Services f\u00fcr anspruchsvolle G\u00e4ste zu organisieren. Technische oder Sporttauchg\u00e4nge, Schnorcheln oder Apnoe in einem privaten Rahmen.<\/p><p>Reservieren Sie ein Boot ganz f\u00fcr sich \u2013 mit Crew, die sich Ihren Bed\u00fcrfnissen widmet.<\/p>\t\t\t\t\t\t\t\t<\/div>\n\t\t<div class=\"elementor-element elementor-element-74cd528 e-con-full e-flex e-con e-child\" data-id=\"74cd528\" data-element_type=\"container\" data-e-type=\"container\">\n\t\t\t\t<div class=\"elementor-element elementor-element-3afa790 elementor-widget__width-auto elementor-absolute elementor-widget elementor-widget-image\" data-id=\"3afa790\" data-element_type=\"widget\" data-e-type=\"widget\" data-settings=\"{&quot;_position&quot;:&quot;absolute&quot;}\" data-widget_type=\"image.default\">\n\t\t\t\t\t\t\t\t\t\t\t\t\t\t\t<img decoding=\"async\" src=\"https:\/\/www.divinginelba.com\/wp-content\/uploads\/elementor\/thumbs\/cavalluccio_filigrana-rid0qximq1t9eb9xn0ma926ilbk4dc84vn6iy3oveo.png\" title=\"cavalluccio_filigrana\" alt=\"cavalluccio_filigrana\" loading=\"lazy\" \/>\t\t\t\t\t\t\t\t\t\t\t\t\t\t\t<\/div>\n\t\t\t\t<\/div>\n\t\t<div class=\"elementor-element elementor-element-7eca8ae e-con-full e-flex e-con e-child\" data-id=\"7eca8ae\" data-element_type=\"container\" data-e-type=\"container\">\n\t\t\t\t<div class=\"elementor-element elementor-element-880c3f1 elementor-widget elementor-widget-heading\" data-id=\"880c3f1\" data-element_type=\"widget\" data-e-type=\"widget\" data-widget_type=\"heading.default\">\n\t\t\t\t\t<h6 class=\"elementor-heading-title elementor-size-default\">Kontaktieren Sie uns, um Ihren Ausflug zu planen. Reservieren Sie Ihr exklusives Boot!<\/h6>\t\t\t\t<\/div>\n\t\t\t\t<div class=\"elementor-element elementor-element-a7fb092 aright a-mobileleft a-tabletleft elementor-widget-icon-box wgl-icon-box elementor-widget elementor-widget-wgl-button\" data-id=\"a7fb092\" data-element_type=\"widget\" data-e-type=\"widget\" data-widget_type=\"wgl-button.default\">\n\t\t\t\t<div class=\"elementor-widget-container\">\n\t\t\t\t\t<div class=\"button-wrapper\"><a  class=\"wgl-button btn-size-lg \" role=\"button\" href=\"https:\/\/wa.me\/393473715788\" target=\"_blank\"><span class=\"morph_element theme_mode\"><\/span><div class=\"button-content-wrapper align-icon-right\"><div class=\"media-wrapper icon-wrapper\"><span class=\"wgl-icon\" ><i class=\"icon elementor-icon flaticon flaticon-arrow-right\" aria-hidden=\"true\"><\/i><\/span><\/div><span class=\"wgl-button-text\">Kontakt<\/span><\/div><\/a><\/div>\t\t\t\t<\/div>\n\t\t\t\t<\/div>\n\t\t\t\t<\/div>\n\t\t\t\t\t<\/div>\n\t\t\t\t<\/div>\n\t\t\t\t\t<\/div>\n\t\t<\/div>\n\t\t\t\t\t<\/div>\n\t\t<\/section>\n\t\t\t\t<section class=\"elementor-section elementor-top-section elementor-element elementor-element-244f7ad elementor-section-boxed elementor-section-height-default elementor-section-height-default\" data-id=\"244f7ad\" data-element_type=\"section\" data-e-type=\"section\">\n\t\t\t\t\t\t<div class=\"elementor-container elementor-column-gap-default\">\n\t\t\t\t\t<div class=\"elementor-column elementor-col-100 elementor-top-column elementor-element elementor-element-0be7d81\" data-id=\"0be7d81\" data-element_type=\"column\" data-e-type=\"column\">\n\t\t\t<div class=\"elementor-widget-wrap elementor-element-populated\">\n\t\t\t\t\t\t<div class=\"elementor-element elementor-element-c907efc elementor-widget elementor-widget-spacer\" data-id=\"c907efc\" data-element_type=\"widget\" data-e-type=\"widget\" data-widget_type=\"spacer.default\">\n\t\t\t\t\t\t\t<div class=\"elementor-spacer\">\n\t\t\t<div class=\"elementor-spacer-inner\"><\/div>\n\t\t<\/div>\n\t\t\t\t\t\t<\/div>\n\t\t\t\t\t<\/div>\n\t\t<\/div>\n\t\t\t\t\t<\/div>\n\t\t<\/section>\n\t\t<div class=\"elementor-element elementor-element-f82d659 e-flex e-con-boxed e-con e-parent\" data-id=\"f82d659\" data-element_type=\"container\" data-e-type=\"container\">\n\t\t\t\t\t<div class=\"e-con-inner\">\n\t\t\t\t<div class=\"elementor-element elementor-element-f020470 acenter elementor-widget elementor-widget-wgl-double-headings\" data-id=\"f020470\" data-element_type=\"widget\" data-e-type=\"widget\" data-widget_type=\"wgl-double-headings.default\">\n\t\t\t\t<div class=\"elementor-widget-container\">\n\t\t\t\t\t<div class=\"wgl-double_heading\"><div class=\"dbl__subtitle type-default\"><span class=\"svg_media\"><svg version=\"1.1\" xmlns=\"http:\/\/www.w3.org\/2000\/svg\" xmlns:xlink=\"http:\/\/www.w3.org\/1999\/xlink\" x=\"0px\" y=\"0px\" viewBox=\"0 0 100 13.6\" style=\"enable-background:new 0 0 100 13.6;\" xml:space=\"preserve\"><path class=\"st0\" d=\"M28.8,9.7L33,6.9l4.3,2.9c7.7,5.2,17.7,5.2,25.4,0L67,6.9l4.3,2.9c3.9,2.6,8.3,3.9,12.7,3.9c4.4,0,8.8-1.3,12.7-3.9l3.2-2.1C99.9,6.3,100,5,100,3.7c0-0.6,0-1.1,0-1.7l-0.6-0.9L93.5,5c-5.8,3.9-13.3,3.9-19.1,0L67,0l-7.4,5c-5.8,3.9-13.3,3.9-19.1,0L33,0l-7.4,5C19.8,8.9,12.3,8.9,6.5,5L0.7,1.1L0,2c0,0.6,0,1.1,0,1.7C0,5,0.1,6.3,0.2,7.6l3.2,2.1C11.1,14.9,21,14.9,28.8,9.7z\"\/><\/svg><\/span> <\/div><h3 class=\"dbl__title-wrapper\"><span class=\"dbl__title\">Alle Erlebnisse unter Wasser<\/span><\/h3><\/div>\t\t\t\t<\/div>\n\t\t\t\t<\/div>\n\t\t\t\t<div class=\"elementor-element elementor-element-44a9fda elementor-widget elementor-widget-text-editor\" data-id=\"44a9fda\" data-element_type=\"widget\" data-e-type=\"widget\" data-widget_type=\"text-editor.default\">\n\t\t\t\t\t\t\t\t\t<p class=\"p1\">Entdecken Sie alle verf\u00fcgbaren Ausfl\u00fcge und Tauchg\u00e4nge<\/p>\t\t\t\t\t\t\t\t<\/div>\n\t\t\t\t\t<\/div>\n\t\t\t\t<\/div>\n\t\t<div class=\"elementor-element elementor-element-6a7f0a9 e-con-full e-flex elementor-invisible e-con e-parent\" data-id=\"6a7f0a9\" data-element_type=\"container\" data-e-type=\"container\" data-settings=\"{&quot;animation&quot;:&quot;fadeIn&quot;}\">\n\t\t<div class=\"elementor-element elementor-element-2118b87 e-con-full e-flex e-con e-child\" data-id=\"2118b87\" data-element_type=\"container\" data-e-type=\"container\">\n\t\t\t\t<div class=\"elementor-element elementor-element-06b10c1 aright animation_lifting elementor-widget-image-box wgl-image-box elementor-widget elementor-widget-wgl-info-box\" data-id=\"06b10c1\" data-element_type=\"widget\" data-e-type=\"widget\" data-widget_type=\"wgl-info-box.default\">\n\t\t\t\t<div class=\"elementor-widget-container\">\n\t\t\t\t\t<a class=\"wgl-infobox__link\" href=\"\/de\/ausfluge\/schnorcheln\/\"><\/a><div class=\"wgl-infobox\"><div class=\"wgl-infobox_wrapper wgl-layout-top\"><div class=\"media-wrapper img-wrapper\"><figure class=\"wgl-image-box_img\"><span ><img decoding=\"async\" src=\"https:\/\/www.divinginelba.com\/wp-content\/uploads\/2026\/01\/snorkeling-2.png\" title=\"\" alt=\"\" loading=\"lazy\" \/><\/span><\/figure><\/div><div class=\"content_wrapper\"><div class=\"wgl-infobox-title_wrapper\"><h3 class=\"wgl-infobox_title\">Schnorcheln<\/h3><\/div><div class=\"wgl-infobox_content\">Gef\u00fchrte Oberfl\u00e4chenausfl\u00fcge, ideal um Buchten und Meeresgr\u00fcnde auf einfache und entspannte Weise zu entdecken.<\/div><\/div><\/div><\/div>\t\t\t\t<\/div>\n\t\t\t\t<\/div>\n\t\t\t\t<\/div>\n\t\t<div class=\"elementor-element elementor-element-fd6f732 e-con-full e-flex e-con e-child\" data-id=\"fd6f732\" data-element_type=\"container\" data-e-type=\"container\">\n\t\t\t\t<div class=\"elementor-element elementor-element-f2fa15f aright animation_lifting elementor-widget-image-box wgl-image-box elementor-widget elementor-widget-wgl-info-box\" data-id=\"f2fa15f\" data-element_type=\"widget\" data-e-type=\"widget\" data-widget_type=\"wgl-info-box.default\">\n\t\t\t\t<div class=\"elementor-widget-container\">\n\t\t\t\t\t<a class=\"wgl-infobox__link\" href=\"\/de\/ausfluge\/sporttauchgange\/\"><\/a><div class=\"wgl-infobox\"><div class=\"wgl-infobox_wrapper wgl-layout-top\"><div class=\"media-wrapper img-wrapper\"><figure class=\"wgl-image-box_img\"><span ><img fetchpriority=\"high\" decoding=\"async\" width=\"301\" height=\"240\" src=\"https:\/\/www.divinginelba.com\/wp-content\/uploads\/2026\/01\/sub-2.png\" class=\"attachment-full size-full wp-image-7339\" alt=\"\" \/><\/span><\/figure><\/div><div class=\"content_wrapper\"><div class=\"wgl-infobox-title_wrapper\"><h3 class=\"wgl-infobox_title\">Sporttauchen<\/h3><\/div><div class=\"wgl-infobox_content\">Tauchg\u00e4nge zur Erkundung der faszinierendsten Tauchpl\u00e4tze der Insel Elba.<\/div><\/div><\/div><\/div>\t\t\t\t<\/div>\n\t\t\t\t<\/div>\n\t\t\t\t<\/div>\n\t\t<div class=\"elementor-element elementor-element-2f8e0b8 e-con-full e-flex e-con e-child\" data-id=\"2f8e0b8\" data-element_type=\"container\" data-e-type=\"container\">\n\t\t\t\t<div class=\"elementor-element elementor-element-318b77d aright animation_lifting elementor-widget-image-box wgl-image-box elementor-widget elementor-widget-wgl-info-box\" data-id=\"318b77d\" data-element_type=\"widget\" data-e-type=\"widget\" data-widget_type=\"wgl-info-box.default\">\n\t\t\t\t<div class=\"elementor-widget-container\">\n\t\t\t\t\t<a class=\"wgl-infobox__link\" href=\"\/de\/ausfluge\/technische-tauchgaenge\/\"><\/a><div class=\"wgl-infobox\"><div class=\"wgl-infobox_wrapper wgl-layout-top\"><div class=\"media-wrapper img-wrapper\"><figure class=\"wgl-image-box_img\"><span ><img decoding=\"async\" width=\"525\" height=\"240\" src=\"https:\/\/www.divinginelba.com\/wp-content\/uploads\/2026\/01\/sub.png\" class=\"attachment-full size-full wp-image-7337\" alt=\"\" srcset=\"https:\/\/www.divinginelba.com\/wp-content\/uploads\/2026\/01\/sub.png 525w, https:\/\/www.divinginelba.com\/wp-content\/uploads\/2026\/01\/sub-300x137.png 300w\" sizes=\"(max-width: 525px) 100vw, 525px\" \/><\/span><\/figure><\/div><div class=\"content_wrapper\"><div class=\"wgl-infobox-title_wrapper\"><h3 class=\"wgl-infobox_title\">Technisches Tauchen<\/h3><\/div><div class=\"wgl-infobox_content\">Anspruchsvolle Tauchg\u00e4nge mit komplexeren Tauchprofilen und besonderen Umgebungen.<\/div><\/div><\/div><\/div>\t\t\t\t<\/div>\n\t\t\t\t<\/div>\n\t\t\t\t<\/div>\n\t\t<div class=\"elementor-element elementor-element-cb3b1b6 e-con-full e-flex e-con e-child\" data-id=\"cb3b1b6\" data-element_type=\"container\" data-e-type=\"container\">\n\t\t\t\t<div class=\"elementor-element elementor-element-b74926b aright animation_lifting elementor-widget-image-box wgl-image-box elementor-widget elementor-widget-wgl-info-box\" data-id=\"b74926b\" data-element_type=\"widget\" data-e-type=\"widget\" data-widget_type=\"wgl-info-box.default\">\n\t\t\t\t<div class=\"elementor-widget-container\">\n\t\t\t\t\t<a class=\"wgl-infobox__link\" href=\"\/de\/ausfluge\/apnoe\/\"><\/a><div class=\"wgl-infobox\"><div class=\"wgl-infobox_wrapper wgl-layout-left\"><div class=\"media-wrapper img-wrapper\"><figure class=\"wgl-image-box_img\"><span ><img decoding=\"async\" width=\"240\" height=\"307\" src=\"https:\/\/www.divinginelba.com\/wp-content\/uploads\/2026\/01\/apnea.png\" class=\"attachment-full size-full wp-image-7342\" alt=\"\" srcset=\"https:\/\/www.divinginelba.com\/wp-content\/uploads\/2026\/01\/apnea.png 240w, https:\/\/www.divinginelba.com\/wp-content\/uploads\/2026\/01\/apnea-235x300.png 235w\" sizes=\"(max-width: 240px) 100vw, 240px\" \/><\/span><\/figure><\/div><div class=\"content_wrapper\"><div class=\"wgl-infobox-title_wrapper\"><h3 class=\"wgl-infobox_title\">Apnoetauchen<\/h3><\/div><div class=\"wgl-infobox_content\">Aktivit\u00e4ten im Apnoetauchen, um das Meer auf eine bewusste und urspr\u00fcngliche Weise zu erleben.<\/div><\/div><\/div><\/div>\t\t\t\t<\/div>\n\t\t\t\t<\/div>\n\t\t\t\t<\/div>\n\t\t<div class=\"elementor-element elementor-element-a6413be e-con-full e-flex e-con e-child\" data-id=\"a6413be\" data-element_type=\"container\" data-e-type=\"container\">\n\t\t\t\t<div class=\"elementor-element elementor-element-141ca23 aright animation_lifting elementor-widget-image-box wgl-image-box elementor-widget elementor-widget-wgl-info-box\" data-id=\"141ca23\" data-element_type=\"widget\" data-e-type=\"widget\" data-widget_type=\"wgl-info-box.default\">\n\t\t\t\t<div class=\"elementor-widget-container\">\n\t\t\t\t\t<a class=\"wgl-infobox__link\" href=\"\/de\/ausfluge\/private-ausfluge\/\"><\/a><div class=\"wgl-infobox\"><div class=\"wgl-infobox_wrapper wgl-layout-left\"><div class=\"media-wrapper img-wrapper\"><figure class=\"wgl-image-box_img\"><span ><img loading=\"lazy\" decoding=\"async\" width=\"240\" height=\"290\" src=\"https:\/\/www.divinginelba.com\/wp-content\/uploads\/2026\/01\/sub-3.png\" class=\"attachment-full size-full wp-image-7338\" alt=\"\" \/><\/span><\/figure><\/div><div class=\"content_wrapper\"><div class=\"wgl-infobox-title_wrapper\"><h3 class=\"wgl-infobox_title\">Private Ausfahrten<\/h3><\/div><div class=\"wgl-infobox_content\">Bootsausfahrten f\u00fcr alle, die ein individuelles und exklusives Erlebnis w\u00fcnschen.<\/div><\/div><\/div><\/div>\t\t\t\t<\/div>\n\t\t\t\t<\/div>\n\t\t\t\t<\/div>\n\t\t\t\t<\/div>\n\t\t\t\t<section class=\"elementor-section elementor-top-section elementor-element elementor-element-0eef6e7 elementor-section-boxed elementor-section-height-default elementor-section-height-default\" data-id=\"0eef6e7\" data-element_type=\"section\" data-e-type=\"section\">\n\t\t\t\t\t\t<div class=\"elementor-container elementor-column-gap-no\">\n\t\t\t\t\t<div class=\"elementor-column elementor-col-100 elementor-top-column elementor-element elementor-element-e964ea9\" data-id=\"e964ea9\" data-element_type=\"column\" data-e-type=\"column\">\n\t\t\t<div class=\"elementor-widget-wrap elementor-element-populated\">\n\t\t\t\t\t\t<section class=\"elementor-section elementor-inner-section elementor-element elementor-element-889fda6 elementor-section-boxed elementor-section-height-default elementor-section-height-default\" data-id=\"889fda6\" data-element_type=\"section\" data-e-type=\"section\" data-settings=\"{&quot;background_background&quot;:&quot;classic&quot;}\">\n\t\t\t\t\t\t<div class=\"elementor-container elementor-column-gap-no\">\n\t\t\t\t\t<div class=\"elementor-column elementor-col-33 elementor-inner-column elementor-element elementor-element-0dd280e\" data-id=\"0dd280e\" data-element_type=\"column\" data-e-type=\"column\" data-settings=\"{&quot;background_background&quot;:&quot;classic&quot;}\">\n\t\t\t<div class=\"elementor-widget-wrap elementor-element-populated\">\n\t\t\t\t\t\t<div class=\"elementor-element elementor-element-fb6f1ce elementor-widget elementor-widget-spacer\" data-id=\"fb6f1ce\" data-element_type=\"widget\" data-e-type=\"widget\" data-widget_type=\"spacer.default\">\n\t\t\t\t\t\t\t<div class=\"elementor-spacer\">\n\t\t\t<div class=\"elementor-spacer-inner\"><\/div>\n\t\t<\/div>\n\t\t\t\t\t\t<\/div>\n\t\t\t\t\t<\/div>\n\t\t<\/div>\n\t\t\t\t<div class=\"elementor-column elementor-col-33 elementor-inner-column elementor-element elementor-element-fd6613a\" data-id=\"fd6613a\" data-element_type=\"column\" data-e-type=\"column\">\n\t\t\t<div class=\"elementor-widget-wrap elementor-element-populated\">\n\t\t\t\t\t\t<div class=\"elementor-element elementor-element-1740dfa elementor-view-stacked elementor-widget__width-initial aleft elementor-widget-icon-box wgl-icon-box elementor-shape-circle elementor-widget elementor-widget-wgl-info-box\" data-id=\"1740dfa\" data-element_type=\"widget\" data-e-type=\"widget\" data-widget_type=\"wgl-info-box.default\">\n\t\t\t\t<div class=\"elementor-widget-container\">\n\t\t\t\t\t<a class=\"wgl-infobox__link\" href=\"tel:+393473715788\"><\/a><div class=\"wgl-infobox\"><div class=\"wgl-infobox_wrapper wgl-layout-top\"><div class=\"media-wrapper icon-wrapper\"><span class=\"wgl-icon\" ><i class=\"icon elementor-icon flaticon flaticon-phone-2\" aria-hidden=\"true\"><\/i><\/span><\/div><div class=\"content_wrapper\"><div class=\"wgl-infobox-title_wrapper\"><\/div><\/div><\/div><\/div>\t\t\t\t<\/div>\n\t\t\t\t<\/div>\n\t\t\t\t\t<\/div>\n\t\t<\/div>\n\t\t\t\t<div class=\"elementor-column elementor-col-33 elementor-inner-column elementor-element elementor-element-b0610d1\" data-id=\"b0610d1\" data-element_type=\"column\" data-e-type=\"column\" data-settings=\"{&quot;background_background&quot;:&quot;classic&quot;}\">\n\t\t\t<div class=\"elementor-widget-wrap elementor-element-populated\">\n\t\t\t\t\t\t<div class=\"elementor-element elementor-element-5f95897 elementor-widget elementor-widget-text-editor\" data-id=\"5f95897\" data-element_type=\"widget\" data-e-type=\"widget\" data-widget_type=\"text-editor.default\">\n\t\t\t\t\t\t\t\t\t<p style=\"margin-bottom: 0px;\"><span style=\"color: #ffffff; font-size: 30px;\">Fragen? Schreiben Sie uns<\/span> <span style=\"color: #d80019;\" class=\"additional-font\"><a href=\"https:\/\/wa.me\/393473715788\" target=\"_blank\" rel=\"noopener\">+39 347 3715788<\/a> <\/span><\/p>\t\t\t\t\t\t\t\t<\/div>\n\t\t\t\t\t<\/div>\n\t\t<\/div>\n\t\t\t\t\t<\/div>\n\t\t<\/section>\n\t\t\t\t\t<\/div>\n\t\t<\/div>\n\t\t\t\t\t<\/div>\n\t\t<\/section>\n\t\t\t\t<section class=\"elementor-section elementor-top-section elementor-element elementor-element-95f7095 elementor-section-boxed elementor-section-height-default elementor-section-height-default\" data-id=\"95f7095\" data-element_type=\"section\" data-e-type=\"section\">\n\t\t\t\t\t\t<div class=\"elementor-container elementor-column-gap-default\">\n\t\t\t\t\t<div class=\"elementor-column elementor-col-100 elementor-top-column elementor-element elementor-element-f61a268\" data-id=\"f61a268\" data-element_type=\"column\" data-e-type=\"column\">\n\t\t\t<div class=\"elementor-widget-wrap elementor-element-populated\">\n\t\t\t\t\t\t<div class=\"elementor-element elementor-element-3f5a443 elementor-widget elementor-widget-spacer\" data-id=\"3f5a443\" data-element_type=\"widget\" data-e-type=\"widget\" data-widget_type=\"spacer.default\">\n\t\t\t\t\t\t\t<div class=\"elementor-spacer\">\n\t\t\t<div class=\"elementor-spacer-inner\"><\/div>\n\t\t<\/div>\n\t\t\t\t\t\t<\/div>\n\t\t\t\t\t<\/div>\n\t\t<\/div>\n\t\t\t\t\t<\/div>\n\t\t<\/section>\n\t\t\t\t<\/div>\n\t\t","protected":false},"excerpt":{"rendered":"<p>Boot exklusiv buchen M\u00f6glichkeit, private Ausfl\u00fcge mit exklusiven Services f\u00fcr anspruchsvolle G\u00e4ste zu organisieren. Technische oder Sporttauchg\u00e4nge, Schnorcheln oder Apnoe in einem privaten Rahmen. Reservieren Sie ein Boot ganz f\u00fcr sich \u2013 mit Crew, die sich Ihren Bed\u00fcrfnissen widmet. Kontaktieren Sie uns, um Ihren Ausflug zu planen. Reservieren Sie Ihr exklusives Boot! Kontakt Alle Erlebnisse [&hellip;]<\/p>\n","protected":false},"author":2,"featured_media":0,"parent":12346,"menu_order":0,"comment_status":"closed","ping_status":"closed","template":"","meta":{"footnotes":""},"class_list":["post-12353","page","type-page","status-publish","hentry"],"_links":{"self":[{"href":"https:\/\/www.divinginelba.com\/de\/wp-json\/wp\/v2\/pages\/12353","targetHints":{"allow":["GET"]}}],"collection":[{"href":"https:\/\/www.divinginelba.com\/de\/wp-json\/wp\/v2\/pages"}],"about":[{"href":"https:\/\/www.divinginelba.com\/de\/wp-json\/wp\/v2\/types\/page"}],"author":[{"embeddable":true,"href":"https:\/\/www.divinginelba.com\/de\/wp-json\/wp\/v2\/users\/2"}],"replies":[{"embeddable":true,"href":"https:\/\/www.divinginelba.com\/de\/wp-json\/wp\/v2\/comments?post=12353"}],"version-history":[{"count":5,"href":"https:\/\/www.divinginelba.com\/de\/wp-json\/wp\/v2\/pages\/12353\/revisions"}],"predecessor-version":[{"id":15044,"href":"https:\/\/www.divinginelba.com\/de\/wp-json\/wp\/v2\/pages\/12353\/revisions\/15044"}],"up":[{"embeddable":true,"href":"https:\/\/www.divinginelba.com\/de\/wp-json\/wp\/v2\/pages\/12346"}],"wp:attachment":[{"href":"https:\/\/www.divinginelba.com\/de\/wp-json\/wp\/v2\/media?parent=12353"}],"curies":[{"name":"wp","href":"https:\/\/api.w.org\/{rel}","templated":true}]}}