{"id":12358,"date":"2025-12-23T10:34:44","date_gmt":"2025-12-23T09:34:44","guid":{"rendered":"http:\/\/divinginelba.youelba.com\/escursioni\/immersioni-ricreative\/"},"modified":"2026-02-19T09:45:30","modified_gmt":"2026-02-19T08:45:30","slug":"sporttauchgange","status":"publish","type":"page","link":"https:\/\/www.divinginelba.com\/de\/ausfluge\/sporttauchgange\/","title":{"rendered":"Sporttauchg\u00e4nge"},"content":{"rendered":"\t\t<div data-elementor-type=\"wp-page\" data-elementor-id=\"12358\" class=\"elementor elementor-12358 elementor-4624\">\n\t\t\t\t\t\t<section class=\"elementor-section elementor-top-section elementor-element elementor-element-e8a22d6 animated-slow elementor-section-boxed elementor-section-height-default elementor-section-height-default elementor-invisible\" data-id=\"e8a22d6\" data-element_type=\"section\" data-e-type=\"section\" data-settings=\"{&quot;background_background&quot;:&quot;classic&quot;,&quot;animation&quot;:&quot;fadeIn&quot;}\">\n\t\t\t\t\t\t<div class=\"elementor-container elementor-column-gap-narrow\">\n\t\t\t\t\t<div class=\"elementor-column elementor-col-100 elementor-top-column elementor-element elementor-element-7c14bbc\" data-id=\"7c14bbc\" data-element_type=\"column\" data-e-type=\"column\">\n\t\t\t<div class=\"elementor-widget-wrap elementor-element-populated\">\n\t\t\t\t<div class=\"elementor-element elementor-element-ada72fb e-flex e-con-boxed e-con e-parent\" data-id=\"ada72fb\" data-element_type=\"container\" data-e-type=\"container\">\n\t\t\t\t\t<div class=\"e-con-inner\">\n\t\t\t\t<div class=\"elementor-element elementor-element-2902441 aleft elementor-widget elementor-widget-wgl-double-headings\" data-id=\"2902441\" data-element_type=\"widget\" data-e-type=\"widget\" data-widget_type=\"wgl-double-headings.default\">\n\t\t\t\t<div class=\"elementor-widget-container\">\n\t\t\t\t\t<div class=\"wgl-double_heading\"><div class=\"dbl__subtitle type-default\"><span class=\"svg_media\"><svg version=\"1.1\" xmlns=\"http:\/\/www.w3.org\/2000\/svg\" xmlns:xlink=\"http:\/\/www.w3.org\/1999\/xlink\" x=\"0px\" y=\"0px\" viewBox=\"0 0 100 13.6\" style=\"enable-background:new 0 0 100 13.6;\" xml:space=\"preserve\"><path class=\"st0\" d=\"M28.8,9.7L33,6.9l4.3,2.9c7.7,5.2,17.7,5.2,25.4,0L67,6.9l4.3,2.9c3.9,2.6,8.3,3.9,12.7,3.9c4.4,0,8.8-1.3,12.7-3.9l3.2-2.1C99.9,6.3,100,5,100,3.7c0-0.6,0-1.1,0-1.7l-0.6-0.9L93.5,5c-5.8,3.9-13.3,3.9-19.1,0L67,0l-7.4,5c-5.8,3.9-13.3,3.9-19.1,0L33,0l-7.4,5C19.8,8.9,12.3,8.9,6.5,5L0.7,1.1L0,2c0,0.6,0,1.1,0,1.7C0,5,0.1,6.3,0.2,7.6l3.2,2.1C11.1,14.9,21,14.9,28.8,9.7z\"\/><\/svg><\/span> <\/div><h3 class=\"dbl__title-wrapper\"><span class=\"dbl__title\">Unterwasser-Explorationen<\/span><\/h3><\/div>\t\t\t\t<\/div>\n\t\t\t\t<\/div>\n\t\t\t\t<div class=\"elementor-element elementor-element-d9fcb14 elementor-widget elementor-widget-text-editor\" data-id=\"d9fcb14\" data-element_type=\"widget\" data-e-type=\"widget\" data-widget_type=\"text-editor.default\">\n\t\t\t\t\t\t\t\t\t<p>Jeden Tag bringen wir Sie zu verschiedenen Tauchpl\u00e4tzen entlang der K\u00fcsten der Insel Elba, der Insel Pianosa und der Insel Capraia.<\/p><p>Wir verf\u00fcgen \u00fcber mehr als 50 Tauchspots f\u00fcr das Sporttauchen, darunter beeindruckende Steilw\u00e4nde, Untiefen und Wracks.<\/p><p>Unsere Tauchg\u00e4nge erfolgen stets mit Guide in kleinen Gruppen, eingeteilt nach Brevetstufe und Erfahrung.<\/p>\t\t\t\t\t\t\t\t<\/div>\n\t\t\t\t\t<\/div>\n\t\t\t\t<\/div>\n\t\t\t\t<div class=\"elementor-element elementor-element-9225986 elementor-widget elementor-widget-catalogbooking\" data-id=\"9225986\" data-element_type=\"widget\" data-e-type=\"widget\" data-widget_type=\"catalogbooking.default\">\n\t\t\t\t<div class=\"elementor-widget-container\">\n\t\t\t\t\t\n<script>\n  if (typeof hasAmeliaEntitiesApiCall === 'undefined' && ('' === '' && '' !== '1')) {\n    var hasAmeliaEntitiesApiCall = true;\n  }\n  var ameliaShortcodeData = (typeof ameliaShortcodeData === 'undefined') ? [] : ameliaShortcodeData;\n  ameliaShortcodeData.push(\n    {\n      'hasApiCall': (typeof hasAmeliaEntitiesApiCall !== 'undefined') && hasAmeliaEntitiesApiCall,\n      'trigger': '',\n      'trigger_type': '',\n      'triggered_form': 'cbf',\n      'in_dialog': '',\n      'show': '',\n      'counter': '1000',\n      'package': '',\n      'category': '8',\n      'service': '',\n      'employee': '',\n      'location': '',\n      'categories_hidden': '1'\n    }\n  );\n  var ameliaShortcodeDataTriggered = (typeof ameliaShortcodeDataTriggered === 'undefined') ? [] : ameliaShortcodeDataTriggered;\n  if (ameliaShortcodeData[ameliaShortcodeData.length - 1].trigger !== '') {\n    if (ameliaShortcodeDataTriggered.filter(a => a.counter === ameliaShortcodeData[ameliaShortcodeData.length - 1].counter).length === 0) {\n      ameliaShortcodeDataTriggered.push(ameliaShortcodeData.pop());\n    } else {\n      ameliaShortcodeData.pop()\n    }\n  }\n  if (typeof hasAmeliaEntitiesApiCall !== 'undefined' && hasAmeliaEntitiesApiCall) {\n    hasAmeliaEntitiesApiCall = false;\n  }\n<\/script>\n\n<div\n  id=\"amelia-v2-booking-1000\"\n  class=\"amelia-v2-booking\"\n>\n    <catalog-form-wrapper><\/catalog-form-wrapper><\/div>\n\t\t\t\t<\/div>\n\t\t\t\t<\/div>\n\t\t\t\t\t<\/div>\n\t\t<\/div>\n\t\t\t\t\t<\/div>\n\t\t<\/section>\n\t\t\t\t<section class=\"elementor-section elementor-top-section elementor-element elementor-element-f9031c7 animated-slow elementor-section-boxed elementor-section-height-default elementor-section-height-default elementor-invisible\" data-id=\"f9031c7\" data-element_type=\"section\" data-e-type=\"section\" data-settings=\"{&quot;background_background&quot;:&quot;classic&quot;,&quot;animation&quot;:&quot;fadeIn&quot;}\">\n\t\t\t\t\t\t<div class=\"elementor-container elementor-column-gap-narrow\">\n\t\t\t\t\t<div class=\"elementor-column elementor-col-100 elementor-top-column elementor-element elementor-element-17479c6\" data-id=\"17479c6\" data-element_type=\"column\" data-e-type=\"column\">\n\t\t\t<div class=\"elementor-widget-wrap elementor-element-populated\">\n\t\t\t\t<div class=\"elementor-element elementor-element-3a560e2 e-flex e-con-boxed e-con e-parent\" data-id=\"3a560e2\" data-element_type=\"container\" data-e-type=\"container\">\n\t\t\t\t\t<div class=\"e-con-inner\">\n\t\t\t\t<div class=\"elementor-element elementor-element-1625a1e aleft elementor-widget elementor-widget-wgl-double-headings\" data-id=\"1625a1e\" data-element_type=\"widget\" data-e-type=\"widget\" data-widget_type=\"wgl-double-headings.default\">\n\t\t\t\t<div class=\"elementor-widget-container\">\n\t\t\t\t\t<div class=\"wgl-double_heading\"><div class=\"dbl__subtitle type-default\"><span class=\"svg_media\"><svg version=\"1.1\" xmlns=\"http:\/\/www.w3.org\/2000\/svg\" xmlns:xlink=\"http:\/\/www.w3.org\/1999\/xlink\" x=\"0px\" y=\"0px\" viewBox=\"0 0 100 13.6\" style=\"enable-background:new 0 0 100 13.6;\" xml:space=\"preserve\"><path class=\"st0\" d=\"M28.8,9.7L33,6.9l4.3,2.9c7.7,5.2,17.7,5.2,25.4,0L67,6.9l4.3,2.9c3.9,2.6,8.3,3.9,12.7,3.9c4.4,0,8.8-1.3,12.7-3.9l3.2-2.1C99.9,6.3,100,5,100,3.7c0-0.6,0-1.1,0-1.7l-0.6-0.9L93.5,5c-5.8,3.9-13.3,3.9-19.1,0L67,0l-7.4,5c-5.8,3.9-13.3,3.9-19.1,0L33,0l-7.4,5C19.8,8.9,12.3,8.9,6.5,5L0.7,1.1L0,2c0,0.6,0,1.1,0,1.7C0,5,0.1,6.3,0.2,7.6l3.2,2.1C11.1,14.9,21,14.9,28.8,9.7z\"\/><\/svg><\/span> <\/div><h3 class=\"dbl__title-wrapper\"><span class=\"dbl__title\">Ganztages-Tauchg\u00e4nge nach Pianosa<\/span><\/h3><\/div>\t\t\t\t<\/div>\n\t\t\t\t<\/div>\n\t\t\t\t<div class=\"elementor-element elementor-element-e6379d4 elementor-widget elementor-widget-text-editor\" data-id=\"e6379d4\" data-element_type=\"widget\" data-e-type=\"widget\" data-widget_type=\"text-editor.default\">\n\t\t\t\t\t\t\t\t\t<p>Die Full-Day-Ausfahrten nach Pianosa sind ein besonderes Erlebnis f\u00fcr alle, die in einem der faszinierendsten und am strengsten gesch\u00fctzten Meeresgebiete des Mittelmeers tauchen m\u00f6chten. Der Tag beinhaltet die Navigation zur Insel Pianosa sowie zwei gef\u00fchrte Tauchg\u00e4nge an ausgew\u00e4hlten Spots mit unber\u00fchrten Unterwasserlandschaften, gro\u00dfen Steilw\u00e4nden und einer au\u00dfergew\u00f6hnlich hohen Konzentration an Meeresleben.<\/p><p>Diese Ausfahrten finden an festgelegten Terminen und mit begrenzter Teilnehmerzahl statt \u2013 im Einklang mit den Bestimmungen des Meeresschutzgebiets.<\/p>\t\t\t\t\t\t\t\t<\/div>\n\t\t\t\t<div class=\"elementor-element elementor-element-e69c326 elementor-widget elementor-widget-ameliaeventslistbooking\" data-id=\"e69c326\" data-element_type=\"widget\" data-e-type=\"widget\" data-widget_type=\"ameliaeventslistbooking.default\">\n\t\t\t\t<div class=\"elementor-widget-container\">\n\t\t\t\t\t<script>\n  if (typeof hasAmeliaEvent === 'undefined') {\n    var hasAmeliaEvent = true;\n  }\n  if (typeof hasEventApiCall === 'undefined' && ('' === '' && '' !== '1')) {\n    var hasEventApiCall = true;\n  }\n  var hasEventShortcode = (typeof hasEventShortcode === 'undefined') ? false : true;\n  var ameliaShortcodeData = (typeof ameliaShortcodeData === 'undefined') ? [] : ameliaShortcodeData;\n  ameliaShortcodeData.push(\n    {\n      'hasApiCall': (typeof hasEventApiCall !== 'undefined') && hasEventApiCall,\n      'trigger': '',\n      'trigger_type': '',\n      'triggered_form': 'elf',\n      'in_dialog': '',\n      'counter': '1001',\n      'employee': '',\n      'eventId': '',\n      'eventRecurring': 0,\n      'eventTag': \"\",\n      'locationId': \"\"\n    }\n  );\n  var ameliaShortcodeDataTriggered = (typeof ameliaShortcodeDataTriggered === 'undefined') ? [] : ameliaShortcodeDataTriggered;\n  if (ameliaShortcodeData[ameliaShortcodeData.length - 1].trigger !== '') {\n    if (ameliaShortcodeDataTriggered.filter(a => a.counter === ameliaShortcodeData[ameliaShortcodeData.length - 1].counter).length === 0) {\n      ameliaShortcodeDataTriggered.push(ameliaShortcodeData.pop());\n    } else {\n      ameliaShortcodeData.pop()\n    }\n  }\n  if (typeof hasEventApiCall !== 'undefined' && hasEventApiCall) {\n    hasEventApiCall = false;\n  }\n<\/script>\n\n<div\n  id=\"amelia-v2-booking-1001\"\n  class=\"amelia-v2-booking\"\n>\n    <events-list-form-wrapper><\/div>\n\t\t\t\t<\/div>\n\t\t\t\t<\/div>\n\t\t\t\t\t<\/div>\n\t\t\t\t<\/div>\n\t\t\t\t\t<\/div>\n\t\t<\/div>\n\t\t\t\t\t<\/div>\n\t\t<\/section>\n\t\t<div class=\"elementor-element elementor-element-fd545ca e-flex e-con-boxed e-con e-parent\" data-id=\"fd545ca\" data-element_type=\"container\" data-e-type=\"container\">\n\t\t\t\t\t<div class=\"e-con-inner\">\n\t\t\t\t<div class=\"elementor-element elementor-element-fa0807e acenter elementor-widget elementor-widget-wgl-double-headings\" data-id=\"fa0807e\" data-element_type=\"widget\" data-e-type=\"widget\" data-widget_type=\"wgl-double-headings.default\">\n\t\t\t\t<div class=\"elementor-widget-container\">\n\t\t\t\t\t<div class=\"wgl-double_heading\"><div class=\"dbl__subtitle type-default\"><span class=\"svg_media\"><svg version=\"1.1\" xmlns=\"http:\/\/www.w3.org\/2000\/svg\" xmlns:xlink=\"http:\/\/www.w3.org\/1999\/xlink\" x=\"0px\" y=\"0px\" viewBox=\"0 0 100 13.6\" style=\"enable-background:new 0 0 100 13.6;\" xml:space=\"preserve\"><path class=\"st0\" d=\"M28.8,9.7L33,6.9l4.3,2.9c7.7,5.2,17.7,5.2,25.4,0L67,6.9l4.3,2.9c3.9,2.6,8.3,3.9,12.7,3.9c4.4,0,8.8-1.3,12.7-3.9l3.2-2.1C99.9,6.3,100,5,100,3.7c0-0.6,0-1.1,0-1.7l-0.6-0.9L93.5,5c-5.8,3.9-13.3,3.9-19.1,0L67,0l-7.4,5c-5.8,3.9-13.3,3.9-19.1,0L33,0l-7.4,5C19.8,8.9,12.3,8.9,6.5,5L0.7,1.1L0,2c0,0.6,0,1.1,0,1.7C0,5,0.1,6.3,0.2,7.6l3.2,2.1C11.1,14.9,21,14.9,28.8,9.7z\"\/><\/svg><\/span> <\/div><h3 class=\"dbl__title-wrapper\"><span class=\"dbl__title\">Alle Erlebnisse unter Wasser<\/span><\/h3><\/div>\t\t\t\t<\/div>\n\t\t\t\t<\/div>\n\t\t\t\t<div class=\"elementor-element elementor-element-797c56f elementor-widget elementor-widget-text-editor\" data-id=\"797c56f\" data-element_type=\"widget\" data-e-type=\"widget\" data-widget_type=\"text-editor.default\">\n\t\t\t\t\t\t\t\t\t<p class=\"p1\">Entdecken Sie alle verf\u00fcgbaren Ausfl\u00fcge und Tauchg\u00e4nge<\/p>\t\t\t\t\t\t\t\t<\/div>\n\t\t\t\t\t<\/div>\n\t\t\t\t<\/div>\n\t\t<div class=\"elementor-element elementor-element-d552735 e-con-full e-flex elementor-invisible e-con e-parent\" data-id=\"d552735\" data-element_type=\"container\" data-e-type=\"container\" data-settings=\"{&quot;animation&quot;:&quot;fadeIn&quot;}\">\n\t\t<div class=\"elementor-element elementor-element-cab76de e-con-full e-flex e-con e-child\" data-id=\"cab76de\" data-element_type=\"container\" data-e-type=\"container\">\n\t\t\t\t<div class=\"elementor-element elementor-element-3fae517 aright animation_lifting elementor-widget-image-box wgl-image-box elementor-widget elementor-widget-wgl-info-box\" data-id=\"3fae517\" data-element_type=\"widget\" data-e-type=\"widget\" data-widget_type=\"wgl-info-box.default\">\n\t\t\t\t<div class=\"elementor-widget-container\">\n\t\t\t\t\t<a class=\"wgl-infobox__link\" href=\"\/de\/ausfluge\/schnorcheln\/\"><\/a><div class=\"wgl-infobox\"><div class=\"wgl-infobox_wrapper wgl-layout-top\"><div class=\"media-wrapper img-wrapper\"><figure class=\"wgl-image-box_img\"><span ><img decoding=\"async\" src=\"https:\/\/www.divinginelba.com\/wp-content\/uploads\/2026\/01\/snorkeling-2.png\" title=\"\" alt=\"\" loading=\"lazy\" \/><\/span><\/figure><\/div><div class=\"content_wrapper\"><div class=\"wgl-infobox-title_wrapper\"><h3 class=\"wgl-infobox_title\">Schnorcheln<\/h3><\/div><div class=\"wgl-infobox_content\">Gef\u00fchrte Oberfl\u00e4chenausfl\u00fcge, ideal um Buchten und Meeresgr\u00fcnde auf einfache und entspannte Weise zu entdecken.<\/div><\/div><\/div><\/div>\t\t\t\t<\/div>\n\t\t\t\t<\/div>\n\t\t\t\t<\/div>\n\t\t<div class=\"elementor-element elementor-element-09381dd e-con-full e-flex e-con e-child\" data-id=\"09381dd\" data-element_type=\"container\" data-e-type=\"container\">\n\t\t\t\t<div class=\"elementor-element elementor-element-35b7e52 aright animation_lifting elementor-widget-image-box wgl-image-box elementor-widget elementor-widget-wgl-info-box\" data-id=\"35b7e52\" data-element_type=\"widget\" data-e-type=\"widget\" data-widget_type=\"wgl-info-box.default\">\n\t\t\t\t<div class=\"elementor-widget-container\">\n\t\t\t\t\t<a class=\"wgl-infobox__link\" href=\"\/de\/ausfluge\/sporttauchgange\/\"><\/a><div class=\"wgl-infobox\"><div class=\"wgl-infobox_wrapper wgl-layout-top\"><div class=\"media-wrapper img-wrapper\"><figure class=\"wgl-image-box_img\"><span ><img fetchpriority=\"high\" decoding=\"async\" width=\"301\" height=\"240\" src=\"https:\/\/www.divinginelba.com\/wp-content\/uploads\/2026\/01\/sub-2.png\" class=\"attachment-full size-full wp-image-7339\" alt=\"\" \/><\/span><\/figure><\/div><div class=\"content_wrapper\"><div class=\"wgl-infobox-title_wrapper\"><h3 class=\"wgl-infobox_title\">Sporttauchen<\/h3><\/div><div class=\"wgl-infobox_content\">Tauchg\u00e4nge zur Erkundung der faszinierendsten Tauchpl\u00e4tze der Insel Elba.<\/div><\/div><\/div><\/div>\t\t\t\t<\/div>\n\t\t\t\t<\/div>\n\t\t\t\t<\/div>\n\t\t<div class=\"elementor-element elementor-element-afdaf50 e-con-full e-flex e-con e-child\" data-id=\"afdaf50\" data-element_type=\"container\" data-e-type=\"container\">\n\t\t\t\t<div class=\"elementor-element elementor-element-802bcbf aright animation_lifting elementor-widget-image-box wgl-image-box elementor-widget elementor-widget-wgl-info-box\" data-id=\"802bcbf\" data-element_type=\"widget\" data-e-type=\"widget\" data-widget_type=\"wgl-info-box.default\">\n\t\t\t\t<div class=\"elementor-widget-container\">\n\t\t\t\t\t<a class=\"wgl-infobox__link\" href=\"\/de\/ausfluge\/technische-tauchgaenge\/\"><\/a><div class=\"wgl-infobox\"><div class=\"wgl-infobox_wrapper wgl-layout-top\"><div class=\"media-wrapper img-wrapper\"><figure class=\"wgl-image-box_img\"><span ><img decoding=\"async\" width=\"525\" height=\"240\" src=\"https:\/\/www.divinginelba.com\/wp-content\/uploads\/2026\/01\/sub.png\" class=\"attachment-full size-full wp-image-7337\" alt=\"\" srcset=\"https:\/\/www.divinginelba.com\/wp-content\/uploads\/2026\/01\/sub.png 525w, https:\/\/www.divinginelba.com\/wp-content\/uploads\/2026\/01\/sub-300x137.png 300w\" sizes=\"(max-width: 525px) 100vw, 525px\" \/><\/span><\/figure><\/div><div class=\"content_wrapper\"><div class=\"wgl-infobox-title_wrapper\"><h3 class=\"wgl-infobox_title\">Technisches Tauchen<\/h3><\/div><div class=\"wgl-infobox_content\">Anspruchsvolle Tauchg\u00e4nge mit komplexeren Tauchprofilen und besonderen Umgebungen.<\/div><\/div><\/div><\/div>\t\t\t\t<\/div>\n\t\t\t\t<\/div>\n\t\t\t\t<\/div>\n\t\t<div class=\"elementor-element elementor-element-ff28179 e-con-full e-flex e-con e-child\" data-id=\"ff28179\" data-element_type=\"container\" data-e-type=\"container\">\n\t\t\t\t<div class=\"elementor-element elementor-element-cb35c16 aright animation_lifting elementor-widget-image-box wgl-image-box elementor-widget elementor-widget-wgl-info-box\" data-id=\"cb35c16\" data-element_type=\"widget\" data-e-type=\"widget\" data-widget_type=\"wgl-info-box.default\">\n\t\t\t\t<div class=\"elementor-widget-container\">\n\t\t\t\t\t<a class=\"wgl-infobox__link\" href=\"\/de\/ausfluge\/apnoe\/\"><\/a><div class=\"wgl-infobox\"><div class=\"wgl-infobox_wrapper wgl-layout-left\"><div class=\"media-wrapper img-wrapper\"><figure class=\"wgl-image-box_img\"><span ><img decoding=\"async\" width=\"240\" height=\"307\" src=\"https:\/\/www.divinginelba.com\/wp-content\/uploads\/2026\/01\/apnea.png\" class=\"attachment-full size-full wp-image-7342\" alt=\"\" srcset=\"https:\/\/www.divinginelba.com\/wp-content\/uploads\/2026\/01\/apnea.png 240w, https:\/\/www.divinginelba.com\/wp-content\/uploads\/2026\/01\/apnea-235x300.png 235w\" sizes=\"(max-width: 240px) 100vw, 240px\" \/><\/span><\/figure><\/div><div class=\"content_wrapper\"><div class=\"wgl-infobox-title_wrapper\"><h3 class=\"wgl-infobox_title\">Apnoetauchen<\/h3><\/div><div class=\"wgl-infobox_content\">Aktivit\u00e4ten im Apnoetauchen, um das Meer auf eine bewusste und urspr\u00fcngliche Weise zu erleben.<\/div><\/div><\/div><\/div>\t\t\t\t<\/div>\n\t\t\t\t<\/div>\n\t\t\t\t<\/div>\n\t\t<div class=\"elementor-element elementor-element-60a3c72 e-con-full e-flex e-con e-child\" data-id=\"60a3c72\" data-element_type=\"container\" data-e-type=\"container\">\n\t\t\t\t<div class=\"elementor-element elementor-element-2e16605 aright animation_lifting elementor-widget-image-box wgl-image-box elementor-widget elementor-widget-wgl-info-box\" data-id=\"2e16605\" data-element_type=\"widget\" data-e-type=\"widget\" data-widget_type=\"wgl-info-box.default\">\n\t\t\t\t<div class=\"elementor-widget-container\">\n\t\t\t\t\t<a class=\"wgl-infobox__link\" href=\"\/de\/ausfluge\/private-ausfluge\/\"><\/a><div class=\"wgl-infobox\"><div class=\"wgl-infobox_wrapper wgl-layout-left\"><div class=\"media-wrapper img-wrapper\"><figure class=\"wgl-image-box_img\"><span ><img loading=\"lazy\" decoding=\"async\" width=\"240\" height=\"290\" src=\"https:\/\/www.divinginelba.com\/wp-content\/uploads\/2026\/01\/sub-3.png\" class=\"attachment-full size-full wp-image-7338\" alt=\"\" \/><\/span><\/figure><\/div><div class=\"content_wrapper\"><div class=\"wgl-infobox-title_wrapper\"><h3 class=\"wgl-infobox_title\">Private Ausfahrten<\/h3><\/div><div class=\"wgl-infobox_content\">Bootsausfahrten f\u00fcr alle, die ein individuelles und exklusives Erlebnis w\u00fcnschen.<\/div><\/div><\/div><\/div>\t\t\t\t<\/div>\n\t\t\t\t<\/div>\n\t\t\t\t<\/div>\n\t\t\t\t<\/div>\n\t\t\t\t<section class=\"elementor-section elementor-top-section elementor-element elementor-element-058c3b1 elementor-section-boxed elementor-section-height-default elementor-section-height-default\" data-id=\"058c3b1\" data-element_type=\"section\" data-e-type=\"section\">\n\t\t\t\t\t\t<div class=\"elementor-container elementor-column-gap-no\">\n\t\t\t\t\t<div class=\"elementor-column elementor-col-100 elementor-top-column elementor-element elementor-element-da4f70e\" data-id=\"da4f70e\" data-element_type=\"column\" data-e-type=\"column\">\n\t\t\t<div class=\"elementor-widget-wrap elementor-element-populated\">\n\t\t\t\t\t\t<section class=\"elementor-section elementor-inner-section elementor-element elementor-element-623bd09 elementor-section-boxed elementor-section-height-default elementor-section-height-default\" data-id=\"623bd09\" data-element_type=\"section\" data-e-type=\"section\" data-settings=\"{&quot;background_background&quot;:&quot;classic&quot;}\">\n\t\t\t\t\t\t<div class=\"elementor-container elementor-column-gap-no\">\n\t\t\t\t\t<div class=\"elementor-column elementor-col-33 elementor-inner-column elementor-element elementor-element-9abfcfe\" data-id=\"9abfcfe\" data-element_type=\"column\" data-e-type=\"column\" data-settings=\"{&quot;background_background&quot;:&quot;classic&quot;}\">\n\t\t\t<div class=\"elementor-widget-wrap elementor-element-populated\">\n\t\t\t\t\t\t<div class=\"elementor-element elementor-element-76f85b8 elementor-widget elementor-widget-spacer\" data-id=\"76f85b8\" data-element_type=\"widget\" data-e-type=\"widget\" data-widget_type=\"spacer.default\">\n\t\t\t\t\t\t\t<div class=\"elementor-spacer\">\n\t\t\t<div class=\"elementor-spacer-inner\"><\/div>\n\t\t<\/div>\n\t\t\t\t\t\t<\/div>\n\t\t\t\t\t<\/div>\n\t\t<\/div>\n\t\t\t\t<div class=\"elementor-column elementor-col-33 elementor-inner-column elementor-element elementor-element-01fc979\" data-id=\"01fc979\" data-element_type=\"column\" data-e-type=\"column\">\n\t\t\t<div class=\"elementor-widget-wrap elementor-element-populated\">\n\t\t\t\t\t\t<div class=\"elementor-element elementor-element-97bad81 elementor-view-stacked elementor-widget__width-initial aleft elementor-widget-icon-box wgl-icon-box elementor-shape-circle elementor-widget elementor-widget-wgl-info-box\" data-id=\"97bad81\" data-element_type=\"widget\" data-e-type=\"widget\" data-widget_type=\"wgl-info-box.default\">\n\t\t\t\t<div class=\"elementor-widget-container\">\n\t\t\t\t\t<a class=\"wgl-infobox__link\" href=\"tel:+393473715788\"><\/a><div class=\"wgl-infobox\"><div class=\"wgl-infobox_wrapper wgl-layout-top\"><div class=\"media-wrapper icon-wrapper\"><span class=\"wgl-icon\" ><i class=\"icon elementor-icon flaticon flaticon-phone-2\" aria-hidden=\"true\"><\/i><\/span><\/div><div class=\"content_wrapper\"><div class=\"wgl-infobox-title_wrapper\"><\/div><\/div><\/div><\/div>\t\t\t\t<\/div>\n\t\t\t\t<\/div>\n\t\t\t\t\t<\/div>\n\t\t<\/div>\n\t\t\t\t<div class=\"elementor-column elementor-col-33 elementor-inner-column elementor-element elementor-element-c996067\" data-id=\"c996067\" data-element_type=\"column\" data-e-type=\"column\" data-settings=\"{&quot;background_background&quot;:&quot;classic&quot;}\">\n\t\t\t<div class=\"elementor-widget-wrap elementor-element-populated\">\n\t\t\t\t\t\t<div class=\"elementor-element elementor-element-3f07e89 elementor-widget elementor-widget-text-editor\" data-id=\"3f07e89\" data-element_type=\"widget\" data-e-type=\"widget\" data-widget_type=\"text-editor.default\">\n\t\t\t\t\t\t\t\t\t<p style=\"margin-bottom: 0px;\"><span style=\"color: #ffffff; font-size: 30px;\">Fragen? Schreiben Sie uns<\/span> <span style=\"color: #d80019;\" class=\"additional-font\"><a href=\"https:\/\/wa.me\/393473715788\" target=\"_blank\" rel=\"noopener\">+39 347 3715788<\/a> <\/span><\/p>\t\t\t\t\t\t\t\t<\/div>\n\t\t\t\t\t<\/div>\n\t\t<\/div>\n\t\t\t\t\t<\/div>\n\t\t<\/section>\n\t\t\t\t\t<\/div>\n\t\t<\/div>\n\t\t\t\t\t<\/div>\n\t\t<\/section>\n\t\t\t\t<section class=\"elementor-section elementor-top-section elementor-element elementor-element-076a17e elementor-section-boxed elementor-section-height-default elementor-section-height-default\" data-id=\"076a17e\" data-element_type=\"section\" data-e-type=\"section\">\n\t\t\t\t\t\t<div class=\"elementor-container elementor-column-gap-default\">\n\t\t\t\t\t<div class=\"elementor-column elementor-col-100 elementor-top-column elementor-element elementor-element-beb97be\" data-id=\"beb97be\" data-element_type=\"column\" data-e-type=\"column\">\n\t\t\t<div class=\"elementor-widget-wrap elementor-element-populated\">\n\t\t\t\t\t\t<div class=\"elementor-element elementor-element-a1a8f33 elementor-widget elementor-widget-spacer\" data-id=\"a1a8f33\" data-element_type=\"widget\" data-e-type=\"widget\" data-widget_type=\"spacer.default\">\n\t\t\t\t\t\t\t<div class=\"elementor-spacer\">\n\t\t\t<div class=\"elementor-spacer-inner\"><\/div>\n\t\t<\/div>\n\t\t\t\t\t\t<\/div>\n\t\t\t\t\t<\/div>\n\t\t<\/div>\n\t\t\t\t\t<\/div>\n\t\t<\/section>\n\t\t\t\t<\/div>\n\t\t","protected":false},"excerpt":{"rendered":"<p>Unterwasser-Explorationen Jeden Tag bringen wir Sie zu verschiedenen Tauchpl\u00e4tzen entlang der K\u00fcsten der Insel Elba, der Insel Pianosa und der Insel Capraia. Wir verf\u00fcgen \u00fcber mehr als 50 Tauchspots f\u00fcr das Sporttauchen, darunter beeindruckende Steilw\u00e4nde, Untiefen und Wracks. Unsere Tauchg\u00e4nge erfolgen stets mit Guide in kleinen Gruppen, eingeteilt nach Brevetstufe und Erfahrung. Ganztages-Tauchg\u00e4nge nach Pianosa [&hellip;]<\/p>\n","protected":false},"author":2,"featured_media":0,"parent":12346,"menu_order":0,"comment_status":"closed","ping_status":"closed","template":"","meta":{"footnotes":""},"class_list":["post-12358","page","type-page","status-publish","hentry"],"_links":{"self":[{"href":"https:\/\/www.divinginelba.com\/de\/wp-json\/wp\/v2\/pages\/12358","targetHints":{"allow":["GET"]}}],"collection":[{"href":"https:\/\/www.divinginelba.com\/de\/wp-json\/wp\/v2\/pages"}],"about":[{"href":"https:\/\/www.divinginelba.com\/de\/wp-json\/wp\/v2\/types\/page"}],"author":[{"embeddable":true,"href":"https:\/\/www.divinginelba.com\/de\/wp-json\/wp\/v2\/users\/2"}],"replies":[{"embeddable":true,"href":"https:\/\/www.divinginelba.com\/de\/wp-json\/wp\/v2\/comments?post=12358"}],"version-history":[{"count":5,"href":"https:\/\/www.divinginelba.com\/de\/wp-json\/wp\/v2\/pages\/12358\/revisions"}],"predecessor-version":[{"id":15054,"href":"https:\/\/www.divinginelba.com\/de\/wp-json\/wp\/v2\/pages\/12358\/revisions\/15054"}],"up":[{"embeddable":true,"href":"https:\/\/www.divinginelba.com\/de\/wp-json\/wp\/v2\/pages\/12346"}],"wp:attachment":[{"href":"https:\/\/www.divinginelba.com\/de\/wp-json\/wp\/v2\/media?parent=12358"}],"curies":[{"name":"wp","href":"https:\/\/api.w.org\/{rel}","templated":true}]}}