{"id":12365,"date":"2025-12-23T10:39:03","date_gmt":"2025-12-23T09:39:03","guid":{"rendered":"http:\/\/divinginelba.youelba.com\/escursioni\/immersioni-tecniche\/"},"modified":"2026-02-19T09:52:31","modified_gmt":"2026-02-19T08:52:31","slug":"technische-tauchgaenge","status":"publish","type":"page","link":"https:\/\/www.divinginelba.com\/de\/ausfluge\/technische-tauchgaenge\/","title":{"rendered":"Technische Tauchg\u00e4nge"},"content":{"rendered":"\t\t<div data-elementor-type=\"wp-page\" data-elementor-id=\"12365\" class=\"elementor elementor-12365 elementor-4633\">\n\t\t\t\t<div class=\"elementor-element elementor-element-09e2f34 e-con-full e-flex e-con e-parent\" data-id=\"09e2f34\" data-element_type=\"container\" data-e-type=\"container\">\n\t\t\t\t<div class=\"elementor-element elementor-element-afa04e6 elementor-widget elementor-widget-video\" data-id=\"afa04e6\" data-element_type=\"widget\" data-e-type=\"widget\" data-settings=\"{&quot;video_type&quot;:&quot;hosted&quot;,&quot;autoplay&quot;:&quot;yes&quot;,&quot;play_on_mobile&quot;:&quot;yes&quot;,&quot;mute&quot;:&quot;yes&quot;}\" data-widget_type=\"video.default\">\n\t\t\t\t\t\t\t<div class=\"e-hosted-video elementor-wrapper elementor-open-inline\">\n\t\t\t\t\t<video class=\"elementor-video\" src=\"https:\/\/www.divinginelba.com\/wp-content\/uploads\/2026\/01\/Video-XR-MD.mp4\" autoplay=\"\" muted=\"muted\" playsinline=\"\" controlsList=\"nodownload\"><\/video>\n\t\t\t\t<\/div>\n\t\t\t\t\t\t<\/div>\n\t\t\t\t<\/div>\n\t\t<div class=\"elementor-element elementor-element-4878b6c e-flex e-con-boxed e-con e-parent\" data-id=\"4878b6c\" data-element_type=\"container\" data-e-type=\"container\">\n\t\t\t\t\t<div class=\"e-con-inner\">\n\t\t\t\t<div class=\"elementor-element elementor-element-506a4aa aleft elementor-widget elementor-widget-wgl-double-headings\" data-id=\"506a4aa\" data-element_type=\"widget\" data-e-type=\"widget\" data-widget_type=\"wgl-double-headings.default\">\n\t\t\t\t<div class=\"elementor-widget-container\">\n\t\t\t\t\t<div class=\"wgl-double_heading\"><div class=\"dbl__subtitle type-default\"><span class=\"svg_media\"><svg version=\"1.1\" xmlns=\"http:\/\/www.w3.org\/2000\/svg\" xmlns:xlink=\"http:\/\/www.w3.org\/1999\/xlink\" x=\"0px\" y=\"0px\" viewBox=\"0 0 100 13.6\" style=\"enable-background:new 0 0 100 13.6;\" xml:space=\"preserve\"><path class=\"st0\" d=\"M28.8,9.7L33,6.9l4.3,2.9c7.7,5.2,17.7,5.2,25.4,0L67,6.9l4.3,2.9c3.9,2.6,8.3,3.9,12.7,3.9c4.4,0,8.8-1.3,12.7-3.9l3.2-2.1C99.9,6.3,100,5,100,3.7c0-0.6,0-1.1,0-1.7l-0.6-0.9L93.5,5c-5.8,3.9-13.3,3.9-19.1,0L67,0l-7.4,5c-5.8,3.9-13.3,3.9-19.1,0L33,0l-7.4,5C19.8,8.9,12.3,8.9,6.5,5L0.7,1.1L0,2c0,0.6,0,1.1,0,1.7C0,5,0.1,6.3,0.2,7.6l3.2,2.1C11.1,14.9,21,14.9,28.8,9.7z\"\/><\/svg><\/span> <\/div><h3 class=\"dbl__title-wrapper\"><span class=\"dbl__title\">Tauchg\u00e4nge f\u00fcr erfahrene Taucher<\/span><\/h3><\/div>\t\t\t\t<\/div>\n\t\t\t\t<\/div>\n\t\t\t\t<div class=\"elementor-element elementor-element-66637be elementor-widget elementor-widget-text-editor\" data-id=\"66637be\" data-element_type=\"widget\" data-e-type=\"widget\" data-widget_type=\"text-editor.default\">\n\t\t\t\t\t\t\t\t\tLe <strong>immersioni tecnich<\/strong>e sono l\u2019esperienza ideale per chi possiede gi\u00e0 un <strong>brevetto adeguato<\/strong> e vuole <strong>spingersi oltre l\u2019immersione ricreativa<\/strong>, esplorando ambienti avanzati con il massimo livello di controllo e pianificazione. Profondit\u00e0 oltre i 40 metri, <strong>relitti, grotte e immersioni overhead<\/strong> diventano accessibili grazie all\u2019uso di <strong>miscele avanzate<\/strong>, <strong>configurazioni ridondanti<\/strong> e <strong>procedure specialistiche<\/strong>.\n\nOgni immersione \u00e8 progettata per offrire <strong>sfida, precisione ed esplorazione<\/strong>, valorizzando le competenze gi\u00e0 acquisite e permettendo di vivere il mare in modo pi\u00f9 <strong>intenso, consapevole ed esclusivo<\/strong>. Qui non si tratta solo di andare pi\u00f9 a fondo, ma di <strong>immergersi con metodo, disciplina e visione tecnica<\/strong>.\n\nPer subacquei che non cercano semplici immersioni, ma <strong>obiettivi, performance ed esperienze di alto livello!<\/strong>\t\t\t\t\t\t\t\t<\/div>\n\t\t<div class=\"elementor-element elementor-element-79bd5e8 e-con-full e-flex e-con e-child\" data-id=\"79bd5e8\" data-element_type=\"container\" data-e-type=\"container\">\n\t\t<div class=\"elementor-element elementor-element-b9e5b02 e-con-full e-flex e-con e-child\" data-id=\"b9e5b02\" data-element_type=\"container\" data-e-type=\"container\">\n\t\t\t\t<div class=\"elementor-element elementor-element-a397dd2 elementor-widget elementor-widget-image\" data-id=\"a397dd2\" data-element_type=\"widget\" data-e-type=\"widget\" data-widget_type=\"image.default\">\n\t\t\t\t\t\t\t\t\t\t\t\t\t\t\t<img fetchpriority=\"high\" decoding=\"async\" width=\"500\" height=\"584\" src=\"https:\/\/www.divinginelba.com\/wp-content\/uploads\/2026\/02\/DE-XR-Elba-team.png\" class=\"attachment-full size-full wp-image-12367\" alt=\"\" srcset=\"https:\/\/www.divinginelba.com\/wp-content\/uploads\/2026\/02\/DE-XR-Elba-team.png 500w, https:\/\/www.divinginelba.com\/wp-content\/uploads\/2026\/02\/DE-XR-Elba-team-257x300.png 257w\" sizes=\"(max-width: 500px) 100vw, 500px\" \/>\t\t\t\t\t\t\t\t\t\t\t\t\t\t\t<\/div>\n\t\t\t\t<\/div>\n\t\t<div class=\"elementor-element elementor-element-8cd2c49 e-con-full e-flex e-con e-child\" data-id=\"8cd2c49\" data-element_type=\"container\" data-e-type=\"container\">\n\t\t\t\t<div class=\"elementor-element elementor-element-7afad27 elementor-widget elementor-widget-heading\" data-id=\"7afad27\" data-element_type=\"widget\" data-e-type=\"widget\" data-widget_type=\"heading.default\">\n\t\t\t\t\t<h6 class=\"elementor-heading-title elementor-size-default\">Kontaktieren Sie uns zur Planung Ihres technischen Tauchgangs.<br \/>\nWir bieten Ausr\u00fcstungsverleih, einschlie\u00dflich Stage-Flaschen f\u00fcr Dekompression sowie Nitrox- und Trimix-F\u00fcllungen.<\/h6>\t\t\t\t<\/div>\n\t\t\t\t<\/div>\n\t\t<div class=\"elementor-element elementor-element-f3272d3 e-con-full e-flex e-con e-child\" data-id=\"f3272d3\" data-element_type=\"container\" data-e-type=\"container\">\n\t\t\t\t<div class=\"elementor-element elementor-element-ab21256 aright a-mobileleft a-tabletleft a-laptopright elementor-widget-icon-box wgl-icon-box elementor-widget elementor-widget-wgl-button\" data-id=\"ab21256\" data-element_type=\"widget\" data-e-type=\"widget\" data-widget_type=\"wgl-button.default\">\n\t\t\t\t<div class=\"elementor-widget-container\">\n\t\t\t\t\t<div class=\"button-wrapper\"><a  class=\"wgl-button btn-size-lg \" role=\"button\" href=\"https:\/\/wa.me\/393473715788\" target=\"_blank\"><span class=\"morph_element theme_mode\"><\/span><div class=\"button-content-wrapper align-icon-right\"><div class=\"media-wrapper icon-wrapper\"><span class=\"wgl-icon\" ><i class=\"icon elementor-icon flaticon flaticon-arrow-right\" aria-hidden=\"true\"><\/i><\/span><\/div><span class=\"wgl-button-text\">Kontakt<\/span><\/div><\/a><\/div>\t\t\t\t<\/div>\n\t\t\t\t<\/div>\n\t\t\t\t<\/div>\n\t\t\t\t<\/div>\n\t\t\t\t\t<\/div>\n\t\t\t\t<\/div>\n\t\t<div class=\"elementor-element elementor-element-80d00fb e-flex e-con-boxed e-con e-parent\" data-id=\"80d00fb\" data-element_type=\"container\" data-e-type=\"container\">\n\t\t\t\t\t<div class=\"e-con-inner\">\n\t\t\t\t<div class=\"elementor-element elementor-element-0d49915 acenter elementor-widget elementor-widget-wgl-double-headings\" data-id=\"0d49915\" data-element_type=\"widget\" data-e-type=\"widget\" data-widget_type=\"wgl-double-headings.default\">\n\t\t\t\t<div class=\"elementor-widget-container\">\n\t\t\t\t\t<div class=\"wgl-double_heading\"><div class=\"dbl__subtitle type-default\"><span class=\"svg_media\"><svg version=\"1.1\" xmlns=\"http:\/\/www.w3.org\/2000\/svg\" xmlns:xlink=\"http:\/\/www.w3.org\/1999\/xlink\" x=\"0px\" y=\"0px\" viewBox=\"0 0 100 13.6\" style=\"enable-background:new 0 0 100 13.6;\" xml:space=\"preserve\"><path class=\"st0\" d=\"M28.8,9.7L33,6.9l4.3,2.9c7.7,5.2,17.7,5.2,25.4,0L67,6.9l4.3,2.9c3.9,2.6,8.3,3.9,12.7,3.9c4.4,0,8.8-1.3,12.7-3.9l3.2-2.1C99.9,6.3,100,5,100,3.7c0-0.6,0-1.1,0-1.7l-0.6-0.9L93.5,5c-5.8,3.9-13.3,3.9-19.1,0L67,0l-7.4,5c-5.8,3.9-13.3,3.9-19.1,0L33,0l-7.4,5C19.8,8.9,12.3,8.9,6.5,5L0.7,1.1L0,2c0,0.6,0,1.1,0,1.7C0,5,0.1,6.3,0.2,7.6l3.2,2.1C11.1,14.9,21,14.9,28.8,9.7z\"\/><\/svg><\/span> <\/div><h3 class=\"dbl__title-wrapper\"><span class=\"dbl__title\">Alle Erlebnisse unter Wasser<\/span><\/h3><\/div>\t\t\t\t<\/div>\n\t\t\t\t<\/div>\n\t\t\t\t<div class=\"elementor-element elementor-element-4ddcd37 elementor-widget elementor-widget-text-editor\" data-id=\"4ddcd37\" data-element_type=\"widget\" data-e-type=\"widget\" data-widget_type=\"text-editor.default\">\n\t\t\t\t\t\t\t\t\t<p class=\"p1\">Entdecken Sie alle verf\u00fcgbaren Ausfl\u00fcge und Tauchg\u00e4nge<\/p>\t\t\t\t\t\t\t\t<\/div>\n\t\t\t\t\t<\/div>\n\t\t\t\t<\/div>\n\t\t<div class=\"elementor-element elementor-element-ffe7a9c e-con-full e-flex elementor-invisible e-con e-parent\" data-id=\"ffe7a9c\" data-element_type=\"container\" data-e-type=\"container\" data-settings=\"{&quot;animation&quot;:&quot;fadeIn&quot;}\">\n\t\t<div class=\"elementor-element elementor-element-3cca522 e-con-full e-flex e-con e-child\" data-id=\"3cca522\" data-element_type=\"container\" data-e-type=\"container\">\n\t\t\t\t<div class=\"elementor-element elementor-element-efdf6fa aright animation_lifting elementor-widget-image-box wgl-image-box elementor-widget elementor-widget-wgl-info-box\" data-id=\"efdf6fa\" data-element_type=\"widget\" data-e-type=\"widget\" data-widget_type=\"wgl-info-box.default\">\n\t\t\t\t<div class=\"elementor-widget-container\">\n\t\t\t\t\t<a class=\"wgl-infobox__link\" href=\"\/de\/ausfluge\/schnorcheln\/\"><\/a><div class=\"wgl-infobox\"><div class=\"wgl-infobox_wrapper wgl-layout-top\"><div class=\"media-wrapper img-wrapper\"><figure class=\"wgl-image-box_img\"><span ><img decoding=\"async\" src=\"https:\/\/www.divinginelba.com\/wp-content\/uploads\/2026\/01\/snorkeling-2.png\" title=\"\" alt=\"\" loading=\"lazy\" \/><\/span><\/figure><\/div><div class=\"content_wrapper\"><div class=\"wgl-infobox-title_wrapper\"><h3 class=\"wgl-infobox_title\">Schnorcheln<\/h3><\/div><div class=\"wgl-infobox_content\">Gef\u00fchrte Oberfl\u00e4chenausfl\u00fcge, ideal um Buchten und Meeresgr\u00fcnde auf einfache und entspannte Weise zu entdecken.<\/div><\/div><\/div><\/div>\t\t\t\t<\/div>\n\t\t\t\t<\/div>\n\t\t\t\t<\/div>\n\t\t<div class=\"elementor-element elementor-element-fa035fb e-con-full e-flex e-con e-child\" data-id=\"fa035fb\" data-element_type=\"container\" data-e-type=\"container\">\n\t\t\t\t<div class=\"elementor-element elementor-element-a714ccd aright animation_lifting elementor-widget-image-box wgl-image-box elementor-widget elementor-widget-wgl-info-box\" data-id=\"a714ccd\" data-element_type=\"widget\" data-e-type=\"widget\" data-widget_type=\"wgl-info-box.default\">\n\t\t\t\t<div class=\"elementor-widget-container\">\n\t\t\t\t\t<a class=\"wgl-infobox__link\" href=\"\/de\/ausfluge\/sporttauchgange\/\"><\/a><div class=\"wgl-infobox\"><div class=\"wgl-infobox_wrapper wgl-layout-top\"><div class=\"media-wrapper img-wrapper\"><figure class=\"wgl-image-box_img\"><span ><img decoding=\"async\" width=\"301\" height=\"240\" src=\"https:\/\/www.divinginelba.com\/wp-content\/uploads\/2026\/01\/sub-2.png\" class=\"attachment-full size-full wp-image-7339\" alt=\"\" \/><\/span><\/figure><\/div><div class=\"content_wrapper\"><div class=\"wgl-infobox-title_wrapper\"><h3 class=\"wgl-infobox_title\">Sporttauchen<\/h3><\/div><div class=\"wgl-infobox_content\">Tauchg\u00e4nge zur Erkundung der faszinierendsten Tauchpl\u00e4tze der Insel Elba.<\/div><\/div><\/div><\/div>\t\t\t\t<\/div>\n\t\t\t\t<\/div>\n\t\t\t\t<\/div>\n\t\t<div class=\"elementor-element elementor-element-78c211a e-con-full e-flex e-con e-child\" data-id=\"78c211a\" data-element_type=\"container\" data-e-type=\"container\">\n\t\t\t\t<div class=\"elementor-element elementor-element-701314c aright animation_lifting elementor-widget-image-box wgl-image-box elementor-widget elementor-widget-wgl-info-box\" data-id=\"701314c\" data-element_type=\"widget\" data-e-type=\"widget\" data-widget_type=\"wgl-info-box.default\">\n\t\t\t\t<div class=\"elementor-widget-container\">\n\t\t\t\t\t<a class=\"wgl-infobox__link\" href=\"\/de\/ausfluge\/technische-tauchgaenge\/\"><\/a><div class=\"wgl-infobox\"><div class=\"wgl-infobox_wrapper wgl-layout-top\"><div class=\"media-wrapper img-wrapper\"><figure class=\"wgl-image-box_img\"><span ><img decoding=\"async\" width=\"525\" height=\"240\" src=\"https:\/\/www.divinginelba.com\/wp-content\/uploads\/2026\/01\/sub.png\" class=\"attachment-full size-full wp-image-7337\" alt=\"\" srcset=\"https:\/\/www.divinginelba.com\/wp-content\/uploads\/2026\/01\/sub.png 525w, https:\/\/www.divinginelba.com\/wp-content\/uploads\/2026\/01\/sub-300x137.png 300w\" sizes=\"(max-width: 525px) 100vw, 525px\" \/><\/span><\/figure><\/div><div class=\"content_wrapper\"><div class=\"wgl-infobox-title_wrapper\"><h3 class=\"wgl-infobox_title\">Technisches Tauchen<\/h3><\/div><div class=\"wgl-infobox_content\">Anspruchsvolle Tauchg\u00e4nge mit komplexeren Tauchprofilen und besonderen Umgebungen.<\/div><\/div><\/div><\/div>\t\t\t\t<\/div>\n\t\t\t\t<\/div>\n\t\t\t\t<\/div>\n\t\t<div class=\"elementor-element elementor-element-c2dae4a e-con-full e-flex e-con e-child\" data-id=\"c2dae4a\" data-element_type=\"container\" data-e-type=\"container\">\n\t\t\t\t<div class=\"elementor-element elementor-element-4151441 aright animation_lifting elementor-widget-image-box wgl-image-box elementor-widget elementor-widget-wgl-info-box\" data-id=\"4151441\" data-element_type=\"widget\" data-e-type=\"widget\" data-widget_type=\"wgl-info-box.default\">\n\t\t\t\t<div class=\"elementor-widget-container\">\n\t\t\t\t\t<a class=\"wgl-infobox__link\" href=\"\/de\/ausfluge\/apnoe\/\"><\/a><div class=\"wgl-infobox\"><div class=\"wgl-infobox_wrapper wgl-layout-left\"><div class=\"media-wrapper img-wrapper\"><figure class=\"wgl-image-box_img\"><span ><img loading=\"lazy\" decoding=\"async\" width=\"240\" height=\"307\" src=\"https:\/\/www.divinginelba.com\/wp-content\/uploads\/2026\/01\/apnea.png\" class=\"attachment-full size-full wp-image-7342\" alt=\"\" srcset=\"https:\/\/www.divinginelba.com\/wp-content\/uploads\/2026\/01\/apnea.png 240w, https:\/\/www.divinginelba.com\/wp-content\/uploads\/2026\/01\/apnea-235x300.png 235w\" sizes=\"(max-width: 240px) 100vw, 240px\" \/><\/span><\/figure><\/div><div class=\"content_wrapper\"><div class=\"wgl-infobox-title_wrapper\"><h3 class=\"wgl-infobox_title\">Apnoetauchen<\/h3><\/div><div class=\"wgl-infobox_content\">Aktivit\u00e4ten im Apnoetauchen, um das Meer auf eine bewusste und urspr\u00fcngliche Weise zu erleben.<\/div><\/div><\/div><\/div>\t\t\t\t<\/div>\n\t\t\t\t<\/div>\n\t\t\t\t<\/div>\n\t\t<div class=\"elementor-element elementor-element-68cecb2 e-con-full e-flex e-con e-child\" data-id=\"68cecb2\" data-element_type=\"container\" data-e-type=\"container\">\n\t\t\t\t<div class=\"elementor-element elementor-element-5b7f3c1 aright animation_lifting elementor-widget-image-box wgl-image-box elementor-widget elementor-widget-wgl-info-box\" data-id=\"5b7f3c1\" data-element_type=\"widget\" data-e-type=\"widget\" data-widget_type=\"wgl-info-box.default\">\n\t\t\t\t<div class=\"elementor-widget-container\">\n\t\t\t\t\t<a class=\"wgl-infobox__link\" href=\"\/de\/ausfluge\/private-ausfluge\/\"><\/a><div class=\"wgl-infobox\"><div class=\"wgl-infobox_wrapper wgl-layout-left\"><div class=\"media-wrapper img-wrapper\"><figure class=\"wgl-image-box_img\"><span ><img loading=\"lazy\" decoding=\"async\" width=\"240\" height=\"290\" src=\"https:\/\/www.divinginelba.com\/wp-content\/uploads\/2026\/01\/sub-3.png\" class=\"attachment-full size-full wp-image-7338\" alt=\"\" \/><\/span><\/figure><\/div><div class=\"content_wrapper\"><div class=\"wgl-infobox-title_wrapper\"><h3 class=\"wgl-infobox_title\">Private Ausfahrten<\/h3><\/div><div class=\"wgl-infobox_content\">Bootsausfahrten f\u00fcr alle, die ein individuelles und exklusives Erlebnis w\u00fcnschen.<\/div><\/div><\/div><\/div>\t\t\t\t<\/div>\n\t\t\t\t<\/div>\n\t\t\t\t<\/div>\n\t\t\t\t<\/div>\n\t\t\t\t<section class=\"elementor-section elementor-top-section elementor-element elementor-element-564262b elementor-section-boxed elementor-section-height-default elementor-section-height-default\" data-id=\"564262b\" data-element_type=\"section\" data-e-type=\"section\">\n\t\t\t\t\t\t<div class=\"elementor-container elementor-column-gap-no\">\n\t\t\t\t\t<div class=\"elementor-column elementor-col-100 elementor-top-column elementor-element elementor-element-1f800cc\" data-id=\"1f800cc\" data-element_type=\"column\" data-e-type=\"column\">\n\t\t\t<div class=\"elementor-widget-wrap elementor-element-populated\">\n\t\t\t\t\t\t<section class=\"elementor-section elementor-inner-section elementor-element elementor-element-33543eb elementor-section-boxed elementor-section-height-default elementor-section-height-default\" data-id=\"33543eb\" data-element_type=\"section\" data-e-type=\"section\" data-settings=\"{&quot;background_background&quot;:&quot;classic&quot;}\">\n\t\t\t\t\t\t<div class=\"elementor-container elementor-column-gap-no\">\n\t\t\t\t\t<div class=\"elementor-column elementor-col-33 elementor-inner-column elementor-element elementor-element-0d898a5\" data-id=\"0d898a5\" data-element_type=\"column\" data-e-type=\"column\" data-settings=\"{&quot;background_background&quot;:&quot;classic&quot;}\">\n\t\t\t<div class=\"elementor-widget-wrap elementor-element-populated\">\n\t\t\t\t\t\t<div class=\"elementor-element elementor-element-752a74b elementor-widget elementor-widget-spacer\" data-id=\"752a74b\" data-element_type=\"widget\" data-e-type=\"widget\" data-widget_type=\"spacer.default\">\n\t\t\t\t\t\t\t<div class=\"elementor-spacer\">\n\t\t\t<div class=\"elementor-spacer-inner\"><\/div>\n\t\t<\/div>\n\t\t\t\t\t\t<\/div>\n\t\t\t\t\t<\/div>\n\t\t<\/div>\n\t\t\t\t<div class=\"elementor-column elementor-col-33 elementor-inner-column elementor-element elementor-element-3c0682a\" data-id=\"3c0682a\" data-element_type=\"column\" data-e-type=\"column\">\n\t\t\t<div class=\"elementor-widget-wrap elementor-element-populated\">\n\t\t\t\t\t\t<div class=\"elementor-element elementor-element-f21ebad elementor-view-stacked elementor-widget__width-initial aleft elementor-widget-icon-box wgl-icon-box elementor-shape-circle elementor-widget elementor-widget-wgl-info-box\" data-id=\"f21ebad\" data-element_type=\"widget\" data-e-type=\"widget\" data-widget_type=\"wgl-info-box.default\">\n\t\t\t\t<div class=\"elementor-widget-container\">\n\t\t\t\t\t<a class=\"wgl-infobox__link\" href=\"tel:+393473715788\"><\/a><div class=\"wgl-infobox\"><div class=\"wgl-infobox_wrapper wgl-layout-top\"><div class=\"media-wrapper icon-wrapper\"><span class=\"wgl-icon\" ><i class=\"icon elementor-icon flaticon flaticon-phone-2\" aria-hidden=\"true\"><\/i><\/span><\/div><div class=\"content_wrapper\"><div class=\"wgl-infobox-title_wrapper\"><\/div><\/div><\/div><\/div>\t\t\t\t<\/div>\n\t\t\t\t<\/div>\n\t\t\t\t\t<\/div>\n\t\t<\/div>\n\t\t\t\t<div class=\"elementor-column elementor-col-33 elementor-inner-column elementor-element elementor-element-9f86b07\" data-id=\"9f86b07\" data-element_type=\"column\" data-e-type=\"column\" data-settings=\"{&quot;background_background&quot;:&quot;classic&quot;}\">\n\t\t\t<div class=\"elementor-widget-wrap elementor-element-populated\">\n\t\t\t\t\t\t<div class=\"elementor-element elementor-element-91d02fb elementor-widget elementor-widget-text-editor\" data-id=\"91d02fb\" data-element_type=\"widget\" data-e-type=\"widget\" data-widget_type=\"text-editor.default\">\n\t\t\t\t\t\t\t\t\t<p style=\"margin-bottom: 0px;\"><span style=\"color: #ffffff; font-size: 30px;\">Fragen? Schreiben Sie uns<\/span> <span style=\"color: #d80019;\" class=\"additional-font\"><a href=\"https:\/\/wa.me\/393473715788\" target=\"_blank\" rel=\"noopener\">+39 347 3715788<\/a> <\/span><\/p>\t\t\t\t\t\t\t\t<\/div>\n\t\t\t\t\t<\/div>\n\t\t<\/div>\n\t\t\t\t\t<\/div>\n\t\t<\/section>\n\t\t\t\t\t<\/div>\n\t\t<\/div>\n\t\t\t\t\t<\/div>\n\t\t<\/section>\n\t\t\t\t<section class=\"elementor-section elementor-top-section elementor-element elementor-element-d46ea17 elementor-section-boxed elementor-section-height-default elementor-section-height-default\" data-id=\"d46ea17\" data-element_type=\"section\" data-e-type=\"section\">\n\t\t\t\t\t\t<div class=\"elementor-container elementor-column-gap-default\">\n\t\t\t\t\t<div class=\"elementor-column elementor-col-100 elementor-top-column elementor-element elementor-element-5ab0b34\" data-id=\"5ab0b34\" data-element_type=\"column\" data-e-type=\"column\">\n\t\t\t<div class=\"elementor-widget-wrap elementor-element-populated\">\n\t\t\t\t\t\t<div class=\"elementor-element elementor-element-18d5ab3 elementor-widget elementor-widget-spacer\" data-id=\"18d5ab3\" data-element_type=\"widget\" data-e-type=\"widget\" data-widget_type=\"spacer.default\">\n\t\t\t\t\t\t\t<div class=\"elementor-spacer\">\n\t\t\t<div class=\"elementor-spacer-inner\"><\/div>\n\t\t<\/div>\n\t\t\t\t\t\t<\/div>\n\t\t\t\t\t<\/div>\n\t\t<\/div>\n\t\t\t\t\t<\/div>\n\t\t<\/section>\n\t\t\t\t<\/div>\n\t\t","protected":false},"excerpt":{"rendered":"<p>https:\/\/www.divinginelba.com\/wp-content\/uploads\/2026\/01\/Video-XR-MD.mp4 Tauchg\u00e4nge f\u00fcr erfahrene Taucher Le immersioni tecniche sono l\u2019esperienza ideale per chi possiede gi\u00e0 un brevetto adeguato e vuole spingersi oltre l\u2019immersione ricreativa, esplorando ambienti avanzati con il massimo livello di controllo e pianificazione. Profondit\u00e0 oltre i 40 metri, relitti, grotte e immersioni overhead diventano accessibili grazie all\u2019uso di miscele avanzate, configurazioni ridondanti e [&hellip;]<\/p>\n","protected":false},"author":2,"featured_media":0,"parent":12346,"menu_order":0,"comment_status":"closed","ping_status":"closed","template":"","meta":{"footnotes":""},"class_list":["post-12365","page","type-page","status-publish","hentry"],"_links":{"self":[{"href":"https:\/\/www.divinginelba.com\/de\/wp-json\/wp\/v2\/pages\/12365","targetHints":{"allow":["GET"]}}],"collection":[{"href":"https:\/\/www.divinginelba.com\/de\/wp-json\/wp\/v2\/pages"}],"about":[{"href":"https:\/\/www.divinginelba.com\/de\/wp-json\/wp\/v2\/types\/page"}],"author":[{"embeddable":true,"href":"https:\/\/www.divinginelba.com\/de\/wp-json\/wp\/v2\/users\/2"}],"replies":[{"embeddable":true,"href":"https:\/\/www.divinginelba.com\/de\/wp-json\/wp\/v2\/comments?post=12365"}],"version-history":[{"count":5,"href":"https:\/\/www.divinginelba.com\/de\/wp-json\/wp\/v2\/pages\/12365\/revisions"}],"predecessor-version":[{"id":15061,"href":"https:\/\/www.divinginelba.com\/de\/wp-json\/wp\/v2\/pages\/12365\/revisions\/15061"}],"up":[{"embeddable":true,"href":"https:\/\/www.divinginelba.com\/de\/wp-json\/wp\/v2\/pages\/12346"}],"wp:attachment":[{"href":"https:\/\/www.divinginelba.com\/de\/wp-json\/wp\/v2\/media?parent=12365"}],"curies":[{"name":"wp","href":"https:\/\/api.w.org\/{rel}","templated":true}]}}