{"id":12417,"date":"2025-12-10T11:54:07","date_gmt":"2025-12-10T10:54:07","guid":{"rendered":"http:\/\/divinginelba.youelba.com\/siti-di-immersione\/"},"modified":"2026-02-19T12:37:27","modified_gmt":"2026-02-19T11:37:27","slug":"tauchplatze","status":"publish","type":"page","link":"https:\/\/www.divinginelba.com\/de\/tauchplatze\/","title":{"rendered":"Tauchpl\u00e4tze"},"content":{"rendered":"\t\t<div data-elementor-type=\"wp-page\" data-elementor-id=\"12417\" class=\"elementor elementor-12417 elementor-3785\">\n\t\t\t\t\t\t<section class=\"elementor-section elementor-top-section elementor-element elementor-element-46dd677 elementor-section-boxed elementor-section-height-default elementor-section-height-default\" data-id=\"46dd677\" data-element_type=\"section\" data-e-type=\"section\">\n\t\t\t\t\t\t<div class=\"elementor-container elementor-column-gap-default\">\n\t\t\t\t\t<div class=\"elementor-column elementor-col-100 elementor-top-column elementor-element elementor-element-00cf7e3\" data-id=\"00cf7e3\" data-element_type=\"column\" data-e-type=\"column\">\n\t\t\t<div class=\"elementor-widget-wrap elementor-element-populated\">\n\t\t\t\t\t\t<div class=\"elementor-element elementor-element-e622874 elementor-widget elementor-widget-spacer\" data-id=\"e622874\" data-element_type=\"widget\" data-e-type=\"widget\" data-widget_type=\"spacer.default\">\n\t\t\t\t\t\t\t<div class=\"elementor-spacer\">\n\t\t\t<div class=\"elementor-spacer-inner\"><\/div>\n\t\t<\/div>\n\t\t\t\t\t\t<\/div>\n\t\t\t\t\t<\/div>\n\t\t<\/div>\n\t\t\t\t\t<\/div>\n\t\t<\/section>\n\t\t\t\t<section class=\"elementor-section elementor-top-section elementor-element elementor-element-e751927 elementor-section-boxed elementor-section-height-default elementor-section-height-default\" data-id=\"e751927\" data-element_type=\"section\" data-e-type=\"section\">\n\t\t\t\t\t\t<div class=\"elementor-container elementor-column-gap-default\">\n\t\t\t\t\t<div class=\"elementor-column elementor-col-100 elementor-top-column elementor-element elementor-element-7963bb4\" data-id=\"7963bb4\" data-element_type=\"column\" data-e-type=\"column\">\n\t\t\t<div class=\"elementor-widget-wrap elementor-element-populated\">\n\t\t\t\t\t\t<div class=\"elementor-element elementor-element-4bda63a acenter animated-slow elementor-invisible elementor-widget elementor-widget-wgl-double-headings\" data-id=\"4bda63a\" data-element_type=\"widget\" data-e-type=\"widget\" data-settings=\"{&quot;_animation&quot;:&quot;fadeIn&quot;}\" data-widget_type=\"wgl-double-headings.default\">\n\t\t\t\t<div class=\"elementor-widget-container\">\n\t\t\t\t\t<div class=\"wgl-double_heading\"><div class=\"dbl__subtitle type-default\"><span class=\"svg_media\"><svg version=\"1.1\" xmlns=\"http:\/\/www.w3.org\/2000\/svg\" xmlns:xlink=\"http:\/\/www.w3.org\/1999\/xlink\" x=\"0px\" y=\"0px\" viewBox=\"0 0 100 13.6\" style=\"enable-background:new 0 0 100 13.6;\" xml:space=\"preserve\"><path class=\"st0\" d=\"M28.8,9.7L33,6.9l4.3,2.9c7.7,5.2,17.7,5.2,25.4,0L67,6.9l4.3,2.9c3.9,2.6,8.3,3.9,12.7,3.9c4.4,0,8.8-1.3,12.7-3.9l3.2-2.1C99.9,6.3,100,5,100,3.7c0-0.6,0-1.1,0-1.7l-0.6-0.9L93.5,5c-5.8,3.9-13.3,3.9-19.1,0L67,0l-7.4,5c-5.8,3.9-13.3,3.9-19.1,0L33,0l-7.4,5C19.8,8.9,12.3,8.9,6.5,5L0.7,1.1L0,2c0,0.6,0,1.1,0,1.7C0,5,0.1,6.3,0.2,7.6l3.2,2.1C11.1,14.9,21,14.9,28.8,9.7z\"\/><\/svg><\/span> <\/div><h3 class=\"dbl__title-wrapper\"><span class=\"dbl__title\">Tauchpl\u00e4tze<\/span><\/h3><\/div>\t\t\t\t<\/div>\n\t\t\t\t<\/div>\n\t\t\t\t\t<\/div>\n\t\t<\/div>\n\t\t\t\t\t<\/div>\n\t\t<\/section>\n\t\t\t\t<section class=\"elementor-section elementor-top-section elementor-element elementor-element-a8a9cf3 elementor-section-boxed elementor-section-height-default elementor-section-height-default\" data-id=\"a8a9cf3\" data-element_type=\"section\" data-e-type=\"section\">\n\t\t\t\t\t\t<div class=\"elementor-container elementor-column-gap-default\">\n\t\t\t\t\t<div class=\"elementor-column elementor-col-100 elementor-top-column elementor-element elementor-element-96ac2ce\" data-id=\"96ac2ce\" data-element_type=\"column\" data-e-type=\"column\">\n\t\t\t<div class=\"elementor-widget-wrap elementor-element-populated\">\n\t\t\t\t\t\t<div class=\"elementor-element elementor-element-9d30ae4 elementor-widget elementor-widget-spacer\" data-id=\"9d30ae4\" data-element_type=\"widget\" data-e-type=\"widget\" data-widget_type=\"spacer.default\">\n\t\t\t\t\t\t\t<div class=\"elementor-spacer\">\n\t\t\t<div class=\"elementor-spacer-inner\"><\/div>\n\t\t<\/div>\n\t\t\t\t\t\t<\/div>\n\t\t\t\t\t<\/div>\n\t\t<\/div>\n\t\t\t\t\t<\/div>\n\t\t<\/section>\n\t\t\t\t<section class=\"elementor-section elementor-top-section elementor-element elementor-element-ac0c1d0 animated-slow elementor-section-boxed elementor-section-height-default elementor-section-height-default elementor-invisible\" data-id=\"ac0c1d0\" data-element_type=\"section\" data-e-type=\"section\" data-settings=\"{&quot;animation&quot;:&quot;fadeIn&quot;}\">\n\t\t\t\t\t\t<div class=\"elementor-container elementor-column-gap-default\">\n\t\t\t\t\t<div class=\"elementor-column elementor-col-100 elementor-top-column elementor-element elementor-element-702b9ad\" data-id=\"702b9ad\" data-element_type=\"column\" data-e-type=\"column\">\n\t\t\t<div class=\"elementor-widget-wrap elementor-element-populated\">\n\t\t\t\t\t\t<div class=\"elementor-element elementor-element-206483f elementor-widget elementor-widget-text-editor\" data-id=\"206483f\" data-element_type=\"widget\" data-e-type=\"widget\" data-widget_type=\"text-editor.default\">\n\t\t\t\t\t\t\t\t\t<p>Der Toskanische Archipel bietet einige der interessantesten Tauchpl\u00e4tze im Mittelmeer, gepr\u00e4gt von unterschiedlichen Unterwasserlandschaften hinsichtlich Morphologie, Tiefe und Biodiversit\u00e4t.<\/p><p>Mit Gorgonien bewachsene Steilw\u00e4nde, Untiefen mit gro\u00dfen Fischschw\u00e4rmen, Wracks und unber\u00fchrte Meeresb\u00f6den machen jeden Tauchgang zu einem besonderen Erlebnis \u2013 geeignet f\u00fcr Sporttaucher ebenso wie f\u00fcr erfahrene Taucher.<\/p><p>Die Tauchg\u00e4nge finden in Gebieten von hohem naturkundlichem Wert statt, wie der Insel Elba, der Insel Pianosa und der Insel Capraia, jede mit eigenen Besonderheiten und klar erkennbaren Unterwasserszenarien.<\/p>\t\t\t\t\t\t\t\t<\/div>\n\t\t\t\t\t<\/div>\n\t\t<\/div>\n\t\t\t\t\t<\/div>\n\t\t<\/section>\n\t\t\t\t<section class=\"elementor-section elementor-top-section elementor-element elementor-element-e82e657 elementor-section-boxed elementor-section-height-default elementor-section-height-default\" data-id=\"e82e657\" data-element_type=\"section\" data-e-type=\"section\">\n\t\t\t\t\t\t<div class=\"elementor-container elementor-column-gap-default\">\n\t\t\t\t\t<div class=\"elementor-column elementor-col-100 elementor-top-column elementor-element elementor-element-1c07d5a\" data-id=\"1c07d5a\" data-element_type=\"column\" data-e-type=\"column\">\n\t\t\t<div class=\"elementor-widget-wrap elementor-element-populated\">\n\t\t\t\t\t\t<div class=\"elementor-element elementor-element-1c9241d elementor-widget elementor-widget-spacer\" data-id=\"1c9241d\" data-element_type=\"widget\" data-e-type=\"widget\" data-widget_type=\"spacer.default\">\n\t\t\t\t\t\t\t<div class=\"elementor-spacer\">\n\t\t\t<div class=\"elementor-spacer-inner\"><\/div>\n\t\t<\/div>\n\t\t\t\t\t\t<\/div>\n\t\t\t\t\t<\/div>\n\t\t<\/div>\n\t\t\t\t\t<\/div>\n\t\t<\/section>\n\t\t\t\t<section class=\"elementor-section elementor-top-section elementor-element elementor-element-6b8f3d8 elementor-section-full_width elementor-section-height-default elementor-section-height-default\" data-id=\"6b8f3d8\" data-element_type=\"section\" data-e-type=\"section\" data-settings=\"{&quot;background_background&quot;:&quot;classic&quot;}\">\n\t\t\t\t\t\t<div class=\"elementor-container elementor-column-gap-wide\">\n\t\t\t\t\t<div class=\"elementor-column elementor-col-100 elementor-top-column elementor-element elementor-element-be5381e\" data-id=\"be5381e\" data-element_type=\"column\" data-e-type=\"column\">\n\t\t\t<div class=\"elementor-widget-wrap elementor-element-populated\">\n\t\t\t\t\t\t<div class=\"elementor-element elementor-element-6e49936 item_col-3 elementor-widget elementor-widget-wgl-accordion-service\" data-id=\"6e49936\" data-element_type=\"widget\" data-e-type=\"widget\" data-widget_type=\"wgl-accordion-service.default\">\n\t\t\t\t<div class=\"elementor-widget-container\">\n\t\t\t\t\t\r\n        <div class=\"wgl-accordion-services\">                <div class=\"wgl-services_item\">\r\n                    <div class=\"wgl-services_media-wrap \" style=\"background-image: url(https:\/\/www.divinginelba.com\/wp-content\/uploads\/2025\/12\/Polpo.jpg); background-position: center center; background-size: cover; \"><div class=\"button-read-more flaticon flaticon-arrow-right\"><\/div><\/div>\r\n                    <div class=\"wgl-services_content-wrap\">                        <div class=\"wgl-services_icon-wrap\">                            <span class=\"wgl-services_icon\">\r\n                                <i aria-hidden=\"true\" class=\"flaticon flaticon-snorkel\"><\/i>                            <\/span>\r\n                                                    <\/div><div class=\"wgl-services_wrapper_title\">                            <div class=\"wgl-services_watermark\">Tauchg\u00e4nge<\/div>                            <h3 class=\"wgl-services_title\">Insel Elba<\/h3><\/div>                        <div class=\"wgl-services_text\">\u00dcber 30 Tauchpl\u00e4tze f\u00fcr alle Ausbildungsstufen geeignet<\/div>                        <div class=\"wgl-services_link_wrapper\">\r\n                            <a class=\"wgl-services_link button-read-more flaticon flaticon-arrow-right\" href=\"\/de\/tauchplatze\/insel-elba\/\"><span>Scopri di pi\u00f9<\/span><\/a>\r\n                        <\/div>\r\n                                        <\/div>\r\n                <\/div>                <div class=\"wgl-services_item\">\r\n                    <div class=\"wgl-services_media-wrap \" style=\"background-image: url(https:\/\/www.divinginelba.com\/wp-content\/uploads\/2025\/12\/Cernia2-sp2.jpg); background-position: center center; background-size: cover; \"><div class=\"button-read-more flaticon flaticon-arrow-right\"><\/div><\/div>\r\n                    <div class=\"wgl-services_content-wrap\">                        <div class=\"wgl-services_icon-wrap\">                            <span class=\"wgl-services_icon\">\r\n                                <i aria-hidden=\"true\" class=\"flaticon flaticon-snorkel\"><\/i>                            <\/span>\r\n                                                    <\/div><div class=\"wgl-services_wrapper_title\">                            <div class=\"wgl-services_watermark\">Tauchg\u00e4nge<\/div>                            <h3 class=\"wgl-services_title\">Pianosa<\/h3><\/div>                        <div class=\"wgl-services_text\">6 Bojen, die ausschlie\u00dflich f\u00fcr Ger\u00e4tetauchg\u00e4nge innerhalb der Zone des Integral-Naturschutzgebiets vorgesehen sind<\/div>                        <div class=\"wgl-services_link_wrapper\">\r\n                            <a class=\"wgl-services_link button-read-more flaticon flaticon-arrow-right\" href=\"\/de\/tauchplatze\/insel-pianosa\/\"><span>Scopri di pi\u00f9<\/span><\/a>\r\n                        <\/div>\r\n                                        <\/div>\r\n                <\/div>                <div class=\"wgl-services_item\">\r\n                    <div class=\"wgl-services_media-wrap \" style=\"background-image: url(https:\/\/www.divinginelba.com\/wp-content\/uploads\/2025\/12\/immersioni-capraia.jpg); background-position: center center; background-size: cover; \"><div class=\"button-read-more flaticon flaticon-arrow-right\"><\/div><\/div>\r\n                    <div class=\"wgl-services_content-wrap\">                        <div class=\"wgl-services_icon-wrap\">                            <span class=\"wgl-services_icon\">\r\n                                <i aria-hidden=\"true\" class=\"flaticon flaticon-snorkel\"><\/i>                            <\/span>\r\n                                                    <\/div><div class=\"wgl-services_wrapper_title\">                            <div class=\"wgl-services_watermark\">Tauchg\u00e4nge<\/div>                            <h3 class=\"wgl-services_title\">Capraia<\/h3><\/div>                        <div class=\"wgl-services_text\">Wundersch\u00f6ne Full-Day-Ausfahrten nach Capraia<\/div>                        <div class=\"wgl-services_link_wrapper\">\r\n                            <a class=\"wgl-services_link button-read-more flaticon flaticon-arrow-right\" href=\"\/de\/tauchplatze\/insel-capraia\/\"><span>Scopri di pi\u00f9<\/span><\/a>\r\n                        <\/div>\r\n                                        <\/div>\r\n                <\/div>        <\/div>\r\n\r\n        \t\t\t\t<\/div>\n\t\t\t\t<\/div>\n\t\t\t\t\t<\/div>\n\t\t<\/div>\n\t\t\t\t\t<\/div>\n\t\t<\/section>\n\t\t\t\t<\/div>\n\t\t","protected":false},"excerpt":{"rendered":"<p>Tauchpl\u00e4tze Der Toskanische Archipel bietet einige der interessantesten Tauchpl\u00e4tze im Mittelmeer, gepr\u00e4gt von unterschiedlichen Unterwasserlandschaften hinsichtlich Morphologie, Tiefe und Biodiversit\u00e4t. Mit Gorgonien bewachsene Steilw\u00e4nde, Untiefen mit gro\u00dfen Fischschw\u00e4rmen, Wracks und unber\u00fchrte Meeresb\u00f6den machen jeden Tauchgang zu einem besonderen Erlebnis \u2013 geeignet f\u00fcr Sporttaucher ebenso wie f\u00fcr erfahrene Taucher. Die Tauchg\u00e4nge finden in Gebieten von hohem [&hellip;]<\/p>\n","protected":false},"author":2,"featured_media":0,"parent":0,"menu_order":0,"comment_status":"closed","ping_status":"closed","template":"","meta":{"footnotes":""},"class_list":["post-12417","page","type-page","status-publish","hentry"],"_links":{"self":[{"href":"https:\/\/www.divinginelba.com\/de\/wp-json\/wp\/v2\/pages\/12417","targetHints":{"allow":["GET"]}}],"collection":[{"href":"https:\/\/www.divinginelba.com\/de\/wp-json\/wp\/v2\/pages"}],"about":[{"href":"https:\/\/www.divinginelba.com\/de\/wp-json\/wp\/v2\/types\/page"}],"author":[{"embeddable":true,"href":"https:\/\/www.divinginelba.com\/de\/wp-json\/wp\/v2\/users\/2"}],"replies":[{"embeddable":true,"href":"https:\/\/www.divinginelba.com\/de\/wp-json\/wp\/v2\/comments?post=12417"}],"version-history":[{"count":5,"href":"https:\/\/www.divinginelba.com\/de\/wp-json\/wp\/v2\/pages\/12417\/revisions"}],"predecessor-version":[{"id":15257,"href":"https:\/\/www.divinginelba.com\/de\/wp-json\/wp\/v2\/pages\/12417\/revisions\/15257"}],"wp:attachment":[{"href":"https:\/\/www.divinginelba.com\/de\/wp-json\/wp\/v2\/media?parent=12417"}],"curies":[{"name":"wp","href":"https:\/\/api.w.org\/{rel}","templated":true}]}}