{"id":12924,"date":"2026-01-26T16:38:06","date_gmt":"2026-01-26T15:38:06","guid":{"rendered":"http:\/\/divinginelba.youelba.com\/siti-di-immersione\/isola-di-capraia\/"},"modified":"2026-02-19T12:44:44","modified_gmt":"2026-02-19T11:44:44","slug":"insel-capraia","status":"publish","type":"page","link":"https:\/\/www.divinginelba.com\/de\/tauchplatze\/insel-capraia\/","title":{"rendered":"Insel Capraia"},"content":{"rendered":"\t\t<div data-elementor-type=\"wp-page\" data-elementor-id=\"12924\" class=\"elementor elementor-12924 elementor-6808\">\n\t\t\t\t<div class=\"elementor-element elementor-element-d76ed56 animated-slow e-flex e-con-boxed elementor-invisible e-con e-parent\" data-id=\"d76ed56\" data-element_type=\"container\" data-e-type=\"container\" data-settings=\"{&quot;animation&quot;:&quot;fadeIn&quot;,&quot;background_background&quot;:&quot;classic&quot;}\">\n\t\t\t\t\t<div class=\"e-con-inner\">\n\t\t\t\t<div class=\"elementor-element elementor-element-77baefc acenter elementor-widget elementor-widget-wgl-double-headings\" data-id=\"77baefc\" data-element_type=\"widget\" data-e-type=\"widget\" data-widget_type=\"wgl-double-headings.default\">\n\t\t\t\t<div class=\"elementor-widget-container\">\n\t\t\t\t\t<div class=\"wgl-double_heading\"><div class=\"dbl__subtitle type-default\"><span class=\"svg_media\"><svg version=\"1.1\" xmlns=\"http:\/\/www.w3.org\/2000\/svg\" xmlns:xlink=\"http:\/\/www.w3.org\/1999\/xlink\" x=\"0px\" y=\"0px\" viewBox=\"0 0 100 13.6\" style=\"enable-background:new 0 0 100 13.6;\" xml:space=\"preserve\"><path class=\"st0\" d=\"M28.8,9.7L33,6.9l4.3,2.9c7.7,5.2,17.7,5.2,25.4,0L67,6.9l4.3,2.9c3.9,2.6,8.3,3.9,12.7,3.9c4.4,0,8.8-1.3,12.7-3.9l3.2-2.1C99.9,6.3,100,5,100,3.7c0-0.6,0-1.1,0-1.7l-0.6-0.9L93.5,5c-5.8,3.9-13.3,3.9-19.1,0L67,0l-7.4,5c-5.8,3.9-13.3,3.9-19.1,0L33,0l-7.4,5C19.8,8.9,12.3,8.9,6.5,5L0.7,1.1L0,2c0,0.6,0,1.1,0,1.7C0,5,0.1,6.3,0.2,7.6l3.2,2.1C11.1,14.9,21,14.9,28.8,9.7z\"\/><\/svg><\/span> <\/div><h3 class=\"dbl__title-wrapper\"><span class=\"dbl__title\">Tauchg\u00e4nge auf Capraia<\/span><\/h3><\/div>\t\t\t\t<\/div>\n\t\t\t\t<\/div>\n\t\t\t\t<div class=\"elementor-element elementor-element-3b2ab5d elementor-widget__width-initial animated-slow elementor-invisible elementor-widget elementor-widget-text-editor\" data-id=\"3b2ab5d\" data-element_type=\"widget\" data-e-type=\"widget\" data-settings=\"{&quot;_animation&quot;:&quot;fadeIn&quot;}\" data-widget_type=\"text-editor.default\">\n\t\t\t\t\t\t\t\t\tTauchg\u00e4nge auf Capraia bieten eine intensive Begegnung mit einem \u00fcberraschend wilden Meer: vulkanische Unterwasserlandschaften, vom Meer geformte Grotten und eine au\u00dfergew\u00f6hnlich artenreiche Biodiversit\u00e4t zwischen Licht und tiefem Blau. Ein urspr\u00fcngliches Erlebnis, bei dem die Stille unter Wasser die authentische Sch\u00f6nheit des Mittelmeers noch verst\u00e4rkt. Die Sichtweiten sind au\u00dfergew\u00f6hnlich klar, und neben der typischen Fauna des Toskanischen Archipels sind auch besondere Begegnungen m\u00f6glich.\t\t\t\t\t\t\t\t<\/div>\n\t\t\t\t<div class=\"elementor-element elementor-element-5169f91 elementor-widget__width-initial aleft elementor-widget-icon-box wgl-icon-box elementor-view-default elementor-widget elementor-widget-wgl-info-box\" data-id=\"5169f91\" data-element_type=\"widget\" data-e-type=\"widget\" data-widget_type=\"wgl-info-box.default\">\n\t\t\t\t<div class=\"elementor-widget-container\">\n\t\t\t\t\t<div class=\"wgl-infobox\"><div class=\"wgl-infobox_wrapper wgl-layout-left\"><div class=\"media-wrapper icon-wrapper\"><span class=\"wgl-icon\" ><i class=\"icon elementor-icon flaticon flaticon-correct\" aria-hidden=\"true\"><\/i><\/span><\/div><div class=\"content_wrapper\"><div class=\"wgl-infobox-title_wrapper\"><h3 class=\"wgl-infobox_title\">Capraia ist ein Meeresschutzgebiet, das in verschiedene Zonen unterteilt ist<\/h3><\/div><\/div><\/div><\/div>\t\t\t\t<\/div>\n\t\t\t\t<\/div>\n\t\t\t\t<div class=\"elementor-element elementor-element-1b0c45a elementor-widget__width-initial aleft elementor-widget-icon-box wgl-icon-box elementor-view-default elementor-widget elementor-widget-wgl-info-box\" data-id=\"1b0c45a\" data-element_type=\"widget\" data-e-type=\"widget\" data-widget_type=\"wgl-info-box.default\">\n\t\t\t\t<div class=\"elementor-widget-container\">\n\t\t\t\t\t<div class=\"wgl-infobox\"><div class=\"wgl-infobox_wrapper wgl-layout-left\"><div class=\"media-wrapper icon-wrapper\"><span class=\"wgl-icon\" ><i class=\"icon elementor-icon flaticon flaticon-correct\" aria-hidden=\"true\"><\/i><\/span><\/div><div class=\"content_wrapper\"><div class=\"wgl-infobox-title_wrapper\"><h3 class=\"wgl-infobox_title\">Mehrere Tauchpl\u00e4tze sind ausschlie\u00dflich erfahrenen Tauchern vorbehalten<\/h3><\/div><\/div><\/div><\/div>\t\t\t\t<\/div>\n\t\t\t\t<\/div>\n\t\t\t\t<div class=\"elementor-element elementor-element-0f8cad7 elementor-widget__width-initial aleft elementor-widget-icon-box wgl-icon-box elementor-view-default elementor-widget elementor-widget-wgl-info-box\" data-id=\"0f8cad7\" data-element_type=\"widget\" data-e-type=\"widget\" data-widget_type=\"wgl-info-box.default\">\n\t\t\t\t<div class=\"elementor-widget-container\">\n\t\t\t\t\t<div class=\"wgl-infobox\"><div class=\"wgl-infobox_wrapper wgl-layout-left\"><div class=\"media-wrapper icon-wrapper\"><span class=\"wgl-icon\" ><i class=\"icon elementor-icon flaticon flaticon-correct\" aria-hidden=\"true\"><\/i><\/span><\/div><div class=\"content_wrapper\"><div class=\"wgl-infobox-title_wrapper\"><h3 class=\"wgl-infobox_title\">\u00dcber 50 Meter Sichtweite das ganze Jahr \u00fcber<\/h3><\/div><\/div><\/div><\/div>\t\t\t\t<\/div>\n\t\t\t\t<\/div>\n\t\t<div class=\"elementor-element elementor-element-497dae9 e-con-full e-flex e-con e-child\" data-id=\"497dae9\" data-element_type=\"container\" data-e-type=\"container\">\n\t\t<div class=\"elementor-element elementor-element-08ff205 e-con-full e-flex e-con e-child\" data-id=\"08ff205\" data-element_type=\"container\" data-e-type=\"container\">\n\t\t\t\t<div class=\"elementor-element elementor-element-3fc1d1c elementor-widget elementor-widget-shortcode\" data-id=\"3fc1d1c\" data-element_type=\"widget\" data-e-type=\"widget\" data-widget_type=\"shortcode.default\">\n\t\t\t\t\t\t\t<div class=\"elementor-shortcode\"><div class=\"leaflet-map WPLeafletMap\" style=\"height:500px; width:100%;\"><\/div><script>\nwindow.WPLeafletMapPlugin = window.WPLeafletMapPlugin || [];\nwindow.WPLeafletMapPlugin.push(function WPLeafletMapShortcode() {\/*<script>*\/\nvar baseUrl = atob('aHR0cHM6Ly90aWxlLm9wZW5zdHJlZXRtYXAub3JnL3t6fS97eH0ve3l9LnBuZw==');\nvar base = (!baseUrl && window.MQ) ?\n    window.MQ.mapLayer() : L.tileLayer(baseUrl,\n        L.Util.extend({}, {\n            detectRetina: 0,\n        },\n        {\"subdomains\":\"abc\",\"noWrap\":false,\"maxZoom\":19}        )\n    );\n    var options = L.Util.extend({}, {\n        layers: [base],\n        attributionControl: false\n    },\n    {\"dragging\":false,\"zoomControl\":true,\"scrollWheelZoom\":true,\"doubleClickZoom\":false,\"fitBounds\":false,\"minZoom\":0,\"maxZoom\":19,\"maxBounds\":null,\"attribution\":\"<a href=\\\"http:\\\/\\\/leafletjs.com\\\" title=\\\"A JS library for interactive maps\\\">Leaflet<\\\/a>; \\u00a9 <a href=\\\"http:\\\/\\\/www.openstreetmap.org\\\/copyright\\\">OpenStreetMap<\\\/a> contributors\"},\n    {});\nwindow.WPLeafletMapPlugin.createMap(options).setView([43.041460324825,9.8209492497471],12);});<\/script>\n\n<script>\nwindow.WPLeafletMapPlugin = window.WPLeafletMapPlugin || [];\nwindow.WPLeafletMapPlugin.push(function WPLeafletMarkerShortcode() {\/*<script>*\/\nvar map = window.WPLeafletMapPlugin.getCurrentMap();\nvar group = window.WPLeafletMapPlugin.getCurrentGroup();\nvar marker_options = window.WPLeafletMapPlugin.getIconOptions({});\nvar marker = L.marker(\n    [43.010833,9.820556],\n    marker_options\n);\nvar is_image = map.is_image_map;\nif (marker_options.draggable) {\n    marker.on('dragend', function () {\n        var latlng = this.getLatLng();\n        var lat = latlng.lat;\n        var lng = latlng.lng;\n        if (is_image) {\n            console.log('leaflet-marker y=' + lat + ' x=' + lng);\n        } else {\n            console.log('leaflet-marker lat=' + lat + ' lng=' + lng);\n        }\n    });\n}\nmarker.addTo( group );\nmarker.bindPopup(window.WPLeafletMapPlugin.unescape('&lt;br&gt;&lt;a href=\\&quot;\/de\/tauchplatze\/insel-capraia\/scoglione-felsen\/\\&quot;&gt;Scoglione Felsen&lt;\/a&gt;&lt;br&gt;'));window.WPLeafletMapPlugin.markers.push( marker );\n        });<\/script>\n\n<script>\nwindow.WPLeafletMapPlugin = window.WPLeafletMapPlugin || [];\nwindow.WPLeafletMapPlugin.push(function WPLeafletMarkerShortcode() {\/*<script>*\/\nvar map = window.WPLeafletMapPlugin.getCurrentMap();\nvar group = window.WPLeafletMapPlugin.getCurrentGroup();\nvar marker_options = window.WPLeafletMapPlugin.getIconOptions({});\nvar marker = L.marker(\n    [43.026111,9.840556],\n    marker_options\n);\nvar is_image = map.is_image_map;\nif (marker_options.draggable) {\n    marker.on('dragend', function () {\n        var latlng = this.getLatLng();\n        var lat = latlng.lat;\n        var lng = latlng.lng;\n        if (is_image) {\n            console.log('leaflet-marker y=' + lat + ' x=' + lng);\n        } else {\n            console.log('leaflet-marker lat=' + lat + ' lng=' + lng);\n        }\n    });\n}\nmarker.addTo( group );\nmarker.bindPopup(window.WPLeafletMapPlugin.unescape('&lt;br&gt;&lt;a href=\\&quot;\/de\/tauchplatze\/insel-capraia\/kap-civitata\/\\&quot;&gt;Kap Civitata&lt;\/a&gt;&lt;br&gt;'));window.WPLeafletMapPlugin.markers.push( marker );\n        });<\/script>\n\n<script>\nwindow.WPLeafletMapPlugin = window.WPLeafletMapPlugin || [];\nwindow.WPLeafletMapPlugin.push(function WPLeafletMarkerShortcode() {\/*<script>*\/\nvar map = window.WPLeafletMapPlugin.getCurrentMap();\nvar group = window.WPLeafletMapPlugin.getCurrentGroup();\nvar marker_options = window.WPLeafletMapPlugin.getIconOptions({});\nvar marker = L.marker(\n    [43.001944,9.815278],\n    marker_options\n);\nvar is_image = map.is_image_map;\nif (marker_options.draggable) {\n    marker.on('dragend', function () {\n        var latlng = this.getLatLng();\n        var lat = latlng.lat;\n        var lng = latlng.lng;\n        if (is_image) {\n            console.log('leaflet-marker y=' + lat + ' x=' + lng);\n        } else {\n            console.log('leaflet-marker lat=' + lat + ' lng=' + lng);\n        }\n    });\n}\nmarker.addTo( group );\nmarker.bindPopup(window.WPLeafletMapPlugin.unescape('&lt;br&gt;&lt;a href=\\&quot;\/de\/tauchplatze\/insel-capraia\/kap-zenobito\/\\&quot;&gt;Kap Zenobito&lt;\/a&gt;&lt;br&gt;'));window.WPLeafletMapPlugin.markers.push( marker );\n        });<\/script>\n\n<script>\nwindow.WPLeafletMapPlugin = window.WPLeafletMapPlugin || [];\nwindow.WPLeafletMapPlugin.push(function WPLeafletMarkerShortcode() {\/*<script>*\/\nvar map = window.WPLeafletMapPlugin.getCurrentMap();\nvar group = window.WPLeafletMapPlugin.getCurrentGroup();\nvar marker_options = window.WPLeafletMapPlugin.getIconOptions({});\nvar marker = L.marker(\n    [43.005,9.822222],\n    marker_options\n);\nvar is_image = map.is_image_map;\nif (marker_options.draggable) {\n    marker.on('dragend', function () {\n        var latlng = this.getLatLng();\n        var lat = latlng.lat;\n        var lng = latlng.lng;\n        if (is_image) {\n            console.log('leaflet-marker y=' + lat + ' x=' + lng);\n        } else {\n            console.log('leaflet-marker lat=' + lat + ' lng=' + lng);\n        }\n    });\n}\nmarker.addTo( group );\nmarker.bindPopup(window.WPLeafletMapPlugin.unescape('&lt;br&gt;&lt;a href=\\&quot;\/de\/tauchplatze\/insel-capraia\/turco-untiefe\/\\&quot;&gt;Turco Untiefe&lt;\/a&gt;&lt;br&gt;'));window.WPLeafletMapPlugin.markers.push( marker );\n        });<\/script><\/div>\n\t\t\t\t\t\t<\/div>\n\t\t\t\t<\/div>\n\t\t<div class=\"elementor-element elementor-element-ae906a8 e-con-full animated-slow e-flex elementor-invisible e-con e-child\" data-id=\"ae906a8\" data-element_type=\"container\" data-e-type=\"container\" data-settings=\"{&quot;animation&quot;:&quot;fadeInRight&quot;}\">\n\t\t\t\t<div class=\"elementor-element elementor-element-1f62249 elementor-position-inline-start elementor-mobile-position-inline-start elementor-view-default elementor-widget elementor-widget-icon-box\" data-id=\"1f62249\" data-element_type=\"widget\" data-e-type=\"widget\" data-widget_type=\"icon-box.default\">\n\t\t\t\t\t\t\t<div class=\"elementor-icon-box-wrapper\">\n\n\t\t\t\t\t\t<div class=\"elementor-icon-box-icon\">\n\t\t\t\t<a href=\"\/de\/tauchplatze\/insel-capraia\/scoglione-felsen\/\" class=\"elementor-icon\" tabindex=\"-1\" aria-label=\"Scoglione Felsen\">\n\t\t\t\t<i aria-hidden=\"true\" class=\"flaticon flaticon-pin\"><\/i>\t\t\t\t<\/a>\n\t\t\t<\/div>\n\t\t\t\n\t\t\t\t\t\t<div class=\"elementor-icon-box-content\">\n\n\t\t\t\t\t\t\t\t\t<h4 class=\"elementor-icon-box-title\">\n\t\t\t\t\t\t<a href=\"\/de\/tauchplatze\/insel-capraia\/scoglione-felsen\/\" >\n\t\t\t\t\t\t\tScoglione Felsen\t\t\t\t\t\t<\/a>\n\t\t\t\t\t<\/h4>\n\t\t\t\t\n\t\t\t\t\n\t\t\t<\/div>\n\t\t\t\n\t\t<\/div>\n\t\t\t\t\t\t<\/div>\n\t\t\t\t<div class=\"elementor-element elementor-element-a7bc22a elementor-position-inline-start elementor-mobile-position-inline-start elementor-view-default elementor-widget elementor-widget-icon-box\" data-id=\"a7bc22a\" data-element_type=\"widget\" data-e-type=\"widget\" data-widget_type=\"icon-box.default\">\n\t\t\t\t\t\t\t<div class=\"elementor-icon-box-wrapper\">\n\n\t\t\t\t\t\t<div class=\"elementor-icon-box-icon\">\n\t\t\t\t<a href=\"\/de\/tauchplatze\/insel-capraia\/kap-civitata\/\" class=\"elementor-icon\" tabindex=\"-1\" aria-label=\"Kap Civitata\">\n\t\t\t\t<i aria-hidden=\"true\" class=\"flaticon flaticon-pin\"><\/i>\t\t\t\t<\/a>\n\t\t\t<\/div>\n\t\t\t\n\t\t\t\t\t\t<div class=\"elementor-icon-box-content\">\n\n\t\t\t\t\t\t\t\t\t<h4 class=\"elementor-icon-box-title\">\n\t\t\t\t\t\t<a href=\"\/de\/tauchplatze\/insel-capraia\/kap-civitata\/\" >\n\t\t\t\t\t\t\tKap Civitata\t\t\t\t\t\t<\/a>\n\t\t\t\t\t<\/h4>\n\t\t\t\t\n\t\t\t\t\n\t\t\t<\/div>\n\t\t\t\n\t\t<\/div>\n\t\t\t\t\t\t<\/div>\n\t\t\t\t<div class=\"elementor-element elementor-element-98d7d1f elementor-position-inline-start elementor-mobile-position-inline-start elementor-view-default elementor-widget elementor-widget-icon-box\" data-id=\"98d7d1f\" data-element_type=\"widget\" data-e-type=\"widget\" data-widget_type=\"icon-box.default\">\n\t\t\t\t\t\t\t<div class=\"elementor-icon-box-wrapper\">\n\n\t\t\t\t\t\t<div class=\"elementor-icon-box-icon\">\n\t\t\t\t<a href=\"\/de\/tauchplatze\/insel-capraia\/kap-zenobito\/\" class=\"elementor-icon\" tabindex=\"-1\" aria-label=\"Kap Zenobito\">\n\t\t\t\t<i aria-hidden=\"true\" class=\"flaticon flaticon-pin\"><\/i>\t\t\t\t<\/a>\n\t\t\t<\/div>\n\t\t\t\n\t\t\t\t\t\t<div class=\"elementor-icon-box-content\">\n\n\t\t\t\t\t\t\t\t\t<h4 class=\"elementor-icon-box-title\">\n\t\t\t\t\t\t<a href=\"\/de\/tauchplatze\/insel-capraia\/kap-zenobito\/\" >\n\t\t\t\t\t\t\tKap Zenobito\t\t\t\t\t\t<\/a>\n\t\t\t\t\t<\/h4>\n\t\t\t\t\n\t\t\t\t\n\t\t\t<\/div>\n\t\t\t\n\t\t<\/div>\n\t\t\t\t\t\t<\/div>\n\t\t\t\t<div class=\"elementor-element elementor-element-b0f048d elementor-position-inline-start elementor-mobile-position-inline-start elementor-view-default elementor-widget elementor-widget-icon-box\" data-id=\"b0f048d\" data-element_type=\"widget\" data-e-type=\"widget\" data-widget_type=\"icon-box.default\">\n\t\t\t\t\t\t\t<div class=\"elementor-icon-box-wrapper\">\n\n\t\t\t\t\t\t<div class=\"elementor-icon-box-icon\">\n\t\t\t\t<a href=\"\/de\/tauchplatze\/insel-capraia\/turco-untiefe\/\" class=\"elementor-icon\" tabindex=\"-1\" aria-label=\"Turco Untiefe\">\n\t\t\t\t<i aria-hidden=\"true\" class=\"flaticon flaticon-pin\"><\/i>\t\t\t\t<\/a>\n\t\t\t<\/div>\n\t\t\t\n\t\t\t\t\t\t<div class=\"elementor-icon-box-content\">\n\n\t\t\t\t\t\t\t\t\t<h4 class=\"elementor-icon-box-title\">\n\t\t\t\t\t\t<a href=\"\/de\/tauchplatze\/insel-capraia\/turco-untiefe\/\" >\n\t\t\t\t\t\t\tTurco Untiefe\t\t\t\t\t\t<\/a>\n\t\t\t\t\t<\/h4>\n\t\t\t\t\n\t\t\t\t\n\t\t\t<\/div>\n\t\t\t\n\t\t<\/div>\n\t\t\t\t\t\t<\/div>\n\t\t\t\t<\/div>\n\t\t\t\t<\/div>\n\t\t\t\t\t<\/div>\n\t\t\t\t<\/div>\n\t\t<div class=\"elementor-element elementor-element-04c037e e-flex e-con-boxed e-con e-parent\" data-id=\"04c037e\" data-element_type=\"container\" data-e-type=\"container\">\n\t\t\t\t\t<div class=\"e-con-inner\">\n\t\t\t\t<div class=\"elementor-element elementor-element-43a8f30 elementor-widget elementor-widget-spacer\" data-id=\"43a8f30\" data-element_type=\"widget\" data-e-type=\"widget\" data-widget_type=\"spacer.default\">\n\t\t\t\t\t\t\t<div class=\"elementor-spacer\">\n\t\t\t<div class=\"elementor-spacer-inner\"><\/div>\n\t\t<\/div>\n\t\t\t\t\t\t<\/div>\n\t\t\t\t\t<\/div>\n\t\t\t\t<\/div>\n\t\t\t\t<section class=\"elementor-section elementor-top-section elementor-element elementor-element-95b9ec5 elementor-section-full_width elementor-section-height-default elementor-section-height-default\" data-id=\"95b9ec5\" data-element_type=\"section\" data-e-type=\"section\" data-settings=\"{&quot;background_background&quot;:&quot;classic&quot;}\">\n\t\t\t\t\t\t<div class=\"elementor-container elementor-column-gap-wide\">\n\t\t\t\t\t<div class=\"elementor-column elementor-col-100 elementor-top-column elementor-element elementor-element-9f9bf56\" data-id=\"9f9bf56\" data-element_type=\"column\" data-e-type=\"column\">\n\t\t\t<div class=\"elementor-widget-wrap elementor-element-populated\">\n\t\t\t\t\t\t<div class=\"elementor-element elementor-element-f0b293b aleft elementor-widget elementor-widget-wgl-double-headings\" data-id=\"f0b293b\" data-element_type=\"widget\" data-e-type=\"widget\" data-widget_type=\"wgl-double-headings.default\">\n\t\t\t\t<div class=\"elementor-widget-container\">\n\t\t\t\t\t<div class=\"wgl-double_heading\"><div class=\"dbl__subtitle type-default\"><span class=\"svg_media\"><svg version=\"1.1\" xmlns=\"http:\/\/www.w3.org\/2000\/svg\" xmlns:xlink=\"http:\/\/www.w3.org\/1999\/xlink\" x=\"0px\" y=\"0px\" viewBox=\"0 0 100 13.6\" style=\"enable-background:new 0 0 100 13.6;\" xml:space=\"preserve\"><path class=\"st0\" d=\"M28.8,9.7L33,6.9l4.3,2.9c7.7,5.2,17.7,5.2,25.4,0L67,6.9l4.3,2.9c3.9,2.6,8.3,3.9,12.7,3.9c4.4,0,8.8-1.3,12.7-3.9l3.2-2.1C99.9,6.3,100,5,100,3.7c0-0.6,0-1.1,0-1.7l-0.6-0.9L93.5,5c-5.8,3.9-13.3,3.9-19.1,0L67,0l-7.4,5c-5.8,3.9-13.3,3.9-19.1,0L33,0l-7.4,5C19.8,8.9,12.3,8.9,6.5,5L0.7,1.1L0,2c0,0.6,0,1.1,0,1.7C0,5,0.1,6.3,0.2,7.6l3.2,2.1C11.1,14.9,21,14.9,28.8,9.7z\"\/><\/svg><\/span>Das k\u00f6nnte Sie auch interessieren<\/div><\/div>\t\t\t\t<\/div>\n\t\t\t\t<\/div>\n\t\t\t\t<div class=\"elementor-element elementor-element-82d1c7d item_col-3 elementor-widget elementor-widget-wgl-accordion-service\" data-id=\"82d1c7d\" data-element_type=\"widget\" data-e-type=\"widget\" data-widget_type=\"wgl-accordion-service.default\">\n\t\t\t\t<div class=\"elementor-widget-container\">\n\t\t\t\t\t\r\n        <div class=\"wgl-accordion-services\">                <div class=\"wgl-services_item\">\r\n                    <div class=\"wgl-services_media-wrap \" style=\"background-image: url(https:\/\/www.divinginelba.com\/wp-content\/uploads\/2025\/12\/Polpo.jpg); background-position: center center; background-size: cover; \"><div class=\"button-read-more flaticon flaticon-arrow-right\"><\/div><\/div>\r\n                    <div class=\"wgl-services_content-wrap\">                        <div class=\"wgl-services_icon-wrap\">                            <span class=\"wgl-services_icon\">\r\n                                <i aria-hidden=\"true\" class=\"flaticon flaticon-snorkel\"><\/i>                            <\/span>\r\n                                                    <\/div><div class=\"wgl-services_wrapper_title\">                            <div class=\"wgl-services_watermark\">Tauchg\u00e4nge<\/div>                            <h3 class=\"wgl-services_title\">Insel Elba<\/h3><\/div>                        <div class=\"wgl-services_text\">\u00dcber 30 Tauchpl\u00e4tze f\u00fcr alle Ausbildungsstufen geeignet<\/div>                        <div class=\"wgl-services_link_wrapper\">\r\n                            <a class=\"wgl-services_link button-read-more flaticon flaticon-arrow-right\" href=\"\/de\/tauchplatze\/insel-elba\/\"><span>Scopri di pi\u00f9<\/span><\/a>\r\n                        <\/div>\r\n                                        <\/div>\r\n                <\/div>                <div class=\"wgl-services_item\">\r\n                    <div class=\"wgl-services_media-wrap \" style=\"background-image: url(https:\/\/www.divinginelba.com\/wp-content\/uploads\/2025\/12\/Cernia2-sp2.jpg); background-position: center center; background-size: cover; \"><div class=\"button-read-more flaticon flaticon-arrow-right\"><\/div><\/div>\r\n                    <div class=\"wgl-services_content-wrap\">                        <div class=\"wgl-services_icon-wrap\">                            <span class=\"wgl-services_icon\">\r\n                                <i aria-hidden=\"true\" class=\"flaticon flaticon-snorkel\"><\/i>                            <\/span>\r\n                                                    <\/div><div class=\"wgl-services_wrapper_title\">                            <div class=\"wgl-services_watermark\">Tauchg\u00e4nge<\/div>                            <h3 class=\"wgl-services_title\">Pianosa<\/h3><\/div>                        <div class=\"wgl-services_text\">6 Bojen, die ausschlie\u00dflich f\u00fcr Ger\u00e4tetauchg\u00e4nge innerhalb der Zone des Integral-Naturschutzgebiets vorgesehen sind<\/div>                        <div class=\"wgl-services_link_wrapper\">\r\n                            <a class=\"wgl-services_link button-read-more flaticon flaticon-arrow-right\" href=\"\/de\/tauchplatze\/insel-pianosa\/\"><span>Scopri di pi\u00f9<\/span><\/a>\r\n                        <\/div>\r\n                                        <\/div>\r\n                <\/div>                <div class=\"wgl-services_item\">\r\n                    <div class=\"wgl-services_media-wrap \" style=\"background-image: url(https:\/\/www.divinginelba.com\/wp-content\/uploads\/2025\/12\/immersioni-capraia.jpg); background-position: center center; background-size: cover; \"><div class=\"button-read-more flaticon flaticon-arrow-right\"><\/div><\/div>\r\n                    <div class=\"wgl-services_content-wrap\">                        <div class=\"wgl-services_icon-wrap\">                            <span class=\"wgl-services_icon\">\r\n                                <i aria-hidden=\"true\" class=\"flaticon flaticon-snorkel\"><\/i>                            <\/span>\r\n                                                    <\/div><div class=\"wgl-services_wrapper_title\">                            <div class=\"wgl-services_watermark\">Tauchg\u00e4nge<\/div>                            <h3 class=\"wgl-services_title\">Capraia<\/h3><\/div>                        <div class=\"wgl-services_text\">Wundersch\u00f6ne Full-Day-Ausfahrten nach Capraia<\/div>                        <div class=\"wgl-services_link_wrapper\">\r\n                            <a class=\"wgl-services_link button-read-more flaticon flaticon-arrow-right\" href=\"\/de\/tauchplatze\/insel-capraia\/\"><span>Scopri di pi\u00f9<\/span><\/a>\r\n                        <\/div>\r\n                                        <\/div>\r\n                <\/div>        <\/div>\r\n\r\n        \t\t\t\t<\/div>\n\t\t\t\t<\/div>\n\t\t\t\t\t<\/div>\n\t\t<\/div>\n\t\t\t\t\t<\/div>\n\t\t<\/section>\n\t\t\t\t<\/div>\n\t\t","protected":false},"excerpt":{"rendered":"<p>Tauchg\u00e4nge auf Capraia Tauchg\u00e4nge auf Capraia bieten eine intensive Begegnung mit einem \u00fcberraschend wilden Meer: vulkanische Unterwasserlandschaften, vom Meer geformte Grotten und eine au\u00dfergew\u00f6hnlich artenreiche Biodiversit\u00e4t zwischen Licht und tiefem Blau. Ein urspr\u00fcngliches Erlebnis, bei dem die Stille unter Wasser die authentische Sch\u00f6nheit des Mittelmeers noch verst\u00e4rkt. Die Sichtweiten sind au\u00dfergew\u00f6hnlich klar, und neben der [&hellip;]<\/p>\n","protected":false},"author":2,"featured_media":0,"parent":12417,"menu_order":0,"comment_status":"closed","ping_status":"closed","template":"","meta":{"footnotes":""},"class_list":["post-12924","page","type-page","status-publish","hentry"],"_links":{"self":[{"href":"https:\/\/www.divinginelba.com\/de\/wp-json\/wp\/v2\/pages\/12924","targetHints":{"allow":["GET"]}}],"collection":[{"href":"https:\/\/www.divinginelba.com\/de\/wp-json\/wp\/v2\/pages"}],"about":[{"href":"https:\/\/www.divinginelba.com\/de\/wp-json\/wp\/v2\/types\/page"}],"author":[{"embeddable":true,"href":"https:\/\/www.divinginelba.com\/de\/wp-json\/wp\/v2\/users\/2"}],"replies":[{"embeddable":true,"href":"https:\/\/www.divinginelba.com\/de\/wp-json\/wp\/v2\/comments?post=12924"}],"version-history":[{"count":5,"href":"https:\/\/www.divinginelba.com\/de\/wp-json\/wp\/v2\/pages\/12924\/revisions"}],"predecessor-version":[{"id":15278,"href":"https:\/\/www.divinginelba.com\/de\/wp-json\/wp\/v2\/pages\/12924\/revisions\/15278"}],"up":[{"embeddable":true,"href":"https:\/\/www.divinginelba.com\/de\/wp-json\/wp\/v2\/pages\/12417"}],"wp:attachment":[{"href":"https:\/\/www.divinginelba.com\/de\/wp-json\/wp\/v2\/media?parent=12924"}],"curies":[{"name":"wp","href":"https:\/\/api.w.org\/{rel}","templated":true}]}}