{"id":12923,"date":"2026-01-26T16:38:06","date_gmt":"2026-01-26T15:38:06","guid":{"rendered":"http:\/\/divinginelba.youelba.com\/isola-di-capraia\/"},"modified":"2026-02-25T07:47:20","modified_gmt":"2026-02-25T06:47:20","slug":"ile-de-capraia","status":"publish","type":"page","link":"https:\/\/www.divinginelba.com\/fr\/sites-de-plongee\/ile-de-capraia\/","title":{"rendered":"\u00cele de Capraia"},"content":{"rendered":"\t\t<div data-elementor-type=\"wp-page\" data-elementor-id=\"12923\" class=\"elementor elementor-12923 elementor-6808\">\n\t\t\t\t<div class=\"elementor-element elementor-element-d76ed56 animated-slow e-flex e-con-boxed elementor-invisible e-con e-parent\" data-id=\"d76ed56\" data-element_type=\"container\" data-e-type=\"container\" data-settings=\"{&quot;animation&quot;:&quot;fadeIn&quot;,&quot;background_background&quot;:&quot;classic&quot;}\">\n\t\t\t\t\t<div class=\"e-con-inner\">\n\t\t\t\t<div class=\"elementor-element elementor-element-77baefc acenter elementor-widget elementor-widget-wgl-double-headings\" data-id=\"77baefc\" data-element_type=\"widget\" data-e-type=\"widget\" data-widget_type=\"wgl-double-headings.default\">\n\t\t\t\t<div class=\"elementor-widget-container\">\n\t\t\t\t\t<div class=\"wgl-double_heading\"><div class=\"dbl__subtitle type-default\"><span class=\"svg_media\"><svg version=\"1.1\" xmlns=\"http:\/\/www.w3.org\/2000\/svg\" xmlns:xlink=\"http:\/\/www.w3.org\/1999\/xlink\" x=\"0px\" y=\"0px\" viewBox=\"0 0 100 13.6\" style=\"enable-background:new 0 0 100 13.6;\" xml:space=\"preserve\"><path class=\"st0\" d=\"M28.8,9.7L33,6.9l4.3,2.9c7.7,5.2,17.7,5.2,25.4,0L67,6.9l4.3,2.9c3.9,2.6,8.3,3.9,12.7,3.9c4.4,0,8.8-1.3,12.7-3.9l3.2-2.1C99.9,6.3,100,5,100,3.7c0-0.6,0-1.1,0-1.7l-0.6-0.9L93.5,5c-5.8,3.9-13.3,3.9-19.1,0L67,0l-7.4,5c-5.8,3.9-13.3,3.9-19.1,0L33,0l-7.4,5C19.8,8.9,12.3,8.9,6.5,5L0.7,1.1L0,2c0,0.6,0,1.1,0,1.7C0,5,0.1,6.3,0.2,7.6l3.2,2.1C11.1,14.9,21,14.9,28.8,9.7z\"\/><\/svg><\/span> <\/div><h3 class=\"dbl__title-wrapper\"><span class=\"dbl__title\">Plong\u00e9es \u00e0 Capraia<\/span><\/h3><\/div>\t\t\t\t<\/div>\n\t\t\t\t<\/div>\n\t\t\t\t<div class=\"elementor-element elementor-element-3b2ab5d elementor-widget__width-initial animated-slow elementor-invisible elementor-widget elementor-widget-text-editor\" data-id=\"3b2ab5d\" data-element_type=\"widget\" data-e-type=\"widget\" data-settings=\"{&quot;_animation&quot;:&quot;fadeIn&quot;}\" data-widget_type=\"text-editor.default\">\n\t\t\t\t\t\t\t\t\tLes plong\u00e9es \u00e0 Capraia offrent une rencontre intime avec une mer \u00e9tonnamment sauvage : fonds volcaniques, grottes sculpt\u00e9es par le temps et une biodiversit\u00e9 extr\u00eamement riche qui danse entre lumi\u00e8re et bleu profond. Une exp\u00e9rience pure, o\u00f9 le silence de l\u2019eau amplifie la beaut\u00e9 authentique de la M\u00e9diterran\u00e9e. La visibilit\u00e9 est toujours exceptionnelle et, au-del\u00e0 de la faune typique de l\u2019archipel, il est possible de faire des rencontres particuli\u00e8res.\t\t\t\t\t\t\t\t<\/div>\n\t\t\t\t<div class=\"elementor-element elementor-element-5169f91 elementor-widget__width-initial aleft elementor-widget-icon-box wgl-icon-box elementor-view-default elementor-widget elementor-widget-wgl-info-box\" data-id=\"5169f91\" data-element_type=\"widget\" data-e-type=\"widget\" data-widget_type=\"wgl-info-box.default\">\n\t\t\t\t<div class=\"elementor-widget-container\">\n\t\t\t\t\t<div class=\"wgl-infobox\"><div class=\"wgl-infobox_wrapper wgl-layout-left\"><div class=\"media-wrapper icon-wrapper\"><span class=\"wgl-icon\" ><i class=\"icon elementor-icon flaticon flaticon-correct\" aria-hidden=\"true\"><\/i><\/span><\/div><div class=\"content_wrapper\"><div class=\"wgl-infobox-title_wrapper\"><h3 class=\"wgl-infobox_title\">Capraia est une aire marine prot\u00e9g\u00e9e, divis\u00e9e en diff\u00e9rentes zones<\/h3><\/div><\/div><\/div><\/div>\t\t\t\t<\/div>\n\t\t\t\t<\/div>\n\t\t\t\t<div class=\"elementor-element elementor-element-1b0c45a elementor-widget__width-initial aleft elementor-widget-icon-box wgl-icon-box elementor-view-default elementor-widget elementor-widget-wgl-info-box\" data-id=\"1b0c45a\" data-element_type=\"widget\" data-e-type=\"widget\" data-widget_type=\"wgl-info-box.default\">\n\t\t\t\t<div class=\"elementor-widget-container\">\n\t\t\t\t\t<div class=\"wgl-infobox\"><div class=\"wgl-infobox_wrapper wgl-layout-left\"><div class=\"media-wrapper icon-wrapper\"><span class=\"wgl-icon\" ><i class=\"icon elementor-icon flaticon flaticon-correct\" aria-hidden=\"true\"><\/i><\/span><\/div><div class=\"content_wrapper\"><div class=\"wgl-infobox-title_wrapper\"><h3 class=\"wgl-infobox_title\">Les sites sont vari\u00e9s et r\u00e9serv\u00e9s aux plongeurs exp\u00e9riment\u00e9s<\/h3><\/div><\/div><\/div><\/div>\t\t\t\t<\/div>\n\t\t\t\t<\/div>\n\t\t\t\t<div class=\"elementor-element elementor-element-0f8cad7 elementor-widget__width-initial aleft elementor-widget-icon-box wgl-icon-box elementor-view-default elementor-widget elementor-widget-wgl-info-box\" data-id=\"0f8cad7\" data-element_type=\"widget\" data-e-type=\"widget\" data-widget_type=\"wgl-info-box.default\">\n\t\t\t\t<div class=\"elementor-widget-container\">\n\t\t\t\t\t<div class=\"wgl-infobox\"><div class=\"wgl-infobox_wrapper wgl-layout-left\"><div class=\"media-wrapper icon-wrapper\"><span class=\"wgl-icon\" ><i class=\"icon elementor-icon flaticon flaticon-correct\" aria-hidden=\"true\"><\/i><\/span><\/div><div class=\"content_wrapper\"><div class=\"wgl-infobox-title_wrapper\"><h3 class=\"wgl-infobox_title\">Plus de 50 m\u00e8tres de visibilit\u00e9 toute l\u2019ann\u00e9e<\/h3><\/div><\/div><\/div><\/div>\t\t\t\t<\/div>\n\t\t\t\t<\/div>\n\t\t<div class=\"elementor-element elementor-element-497dae9 e-con-full e-flex e-con e-child\" data-id=\"497dae9\" data-element_type=\"container\" data-e-type=\"container\">\n\t\t<div class=\"elementor-element elementor-element-08ff205 e-con-full e-flex e-con e-child\" data-id=\"08ff205\" data-element_type=\"container\" data-e-type=\"container\">\n\t\t\t\t<div class=\"elementor-element elementor-element-3fc1d1c elementor-widget elementor-widget-shortcode\" data-id=\"3fc1d1c\" data-element_type=\"widget\" data-e-type=\"widget\" data-widget_type=\"shortcode.default\">\n\t\t\t\t\t\t\t<div class=\"elementor-shortcode\"><div class=\"leaflet-map WPLeafletMap\" style=\"height:500px; width:100%;\"><\/div><script>\nwindow.WPLeafletMapPlugin = window.WPLeafletMapPlugin || [];\nwindow.WPLeafletMapPlugin.push(function WPLeafletMapShortcode() {\/*<script>*\/\nvar baseUrl = atob('aHR0cHM6Ly90aWxlLm9wZW5zdHJlZXRtYXAub3JnL3t6fS97eH0ve3l9LnBuZw==');\nvar base = (!baseUrl && window.MQ) ?\n    window.MQ.mapLayer() : L.tileLayer(baseUrl,\n        L.Util.extend({}, {\n            detectRetina: 0,\n        },\n        {\"subdomains\":\"abc\",\"noWrap\":false,\"maxZoom\":19}        )\n    );\n    var options = L.Util.extend({}, {\n        layers: [base],\n        attributionControl: false\n    },\n    {\"dragging\":false,\"zoomControl\":true,\"scrollWheelZoom\":true,\"doubleClickZoom\":false,\"fitBounds\":false,\"minZoom\":0,\"maxZoom\":19,\"maxBounds\":null,\"attribution\":\"<a href=\\\"http:\\\/\\\/leafletjs.com\\\" title=\\\"A JS library for interactive maps\\\">Leaflet<\\\/a>; \\u00a9 <a href=\\\"http:\\\/\\\/www.openstreetmap.org\\\/copyright\\\">OpenStreetMap<\\\/a> contributors\"},\n    {});\nwindow.WPLeafletMapPlugin.createMap(options).setView([43.041460324825,9.8209492497471],12);});<\/script>\n\n<script>\nwindow.WPLeafletMapPlugin = window.WPLeafletMapPlugin || [];\nwindow.WPLeafletMapPlugin.push(function WPLeafletMarkerShortcode() {\/*<script>*\/\nvar map = window.WPLeafletMapPlugin.getCurrentMap();\nvar group = window.WPLeafletMapPlugin.getCurrentGroup();\nvar marker_options = window.WPLeafletMapPlugin.getIconOptions({});\nvar marker = L.marker(\n    [43.010833,9.820556],\n    marker_options\n);\nvar is_image = map.is_image_map;\nif (marker_options.draggable) {\n    marker.on('dragend', function () {\n        var latlng = this.getLatLng();\n        var lat = latlng.lat;\n        var lng = latlng.lng;\n        if (is_image) {\n            console.log('leaflet-marker y=' + lat + ' x=' + lng);\n        } else {\n            console.log('leaflet-marker lat=' + lat + ' lng=' + lng);\n        }\n    });\n}\nmarker.addTo( group );\nmarker.bindPopup(window.WPLeafletMapPlugin.unescape('&lt;br&gt;&lt;a href=\\&quot;\/fr\/sites-de-plongee\/ile-de-capraia\/scoglione\/\\&quot;&gt;Scoglione&lt;\/a&gt;&lt;br&gt;'));window.WPLeafletMapPlugin.markers.push( marker );\n        });<\/script>\n\n<script>\nwindow.WPLeafletMapPlugin = window.WPLeafletMapPlugin || [];\nwindow.WPLeafletMapPlugin.push(function WPLeafletMarkerShortcode() {\/*<script>*\/\nvar map = window.WPLeafletMapPlugin.getCurrentMap();\nvar group = window.WPLeafletMapPlugin.getCurrentGroup();\nvar marker_options = window.WPLeafletMapPlugin.getIconOptions({});\nvar marker = L.marker(\n    [43.026111,9.840556],\n    marker_options\n);\nvar is_image = map.is_image_map;\nif (marker_options.draggable) {\n    marker.on('dragend', function () {\n        var latlng = this.getLatLng();\n        var lat = latlng.lat;\n        var lng = latlng.lng;\n        if (is_image) {\n            console.log('leaflet-marker y=' + lat + ' x=' + lng);\n        } else {\n            console.log('leaflet-marker lat=' + lat + ' lng=' + lng);\n        }\n    });\n}\nmarker.addTo( group );\nmarker.bindPopup(window.WPLeafletMapPlugin.unescape('&lt;br&gt;&lt;a href=\\&quot;\/fr\/sites-de-plongee\/ile-de-capraia\/pointe-civitata\/\\&quot;&gt;Pointe Civitata&lt;\/a&gt;&lt;br&gt;'));window.WPLeafletMapPlugin.markers.push( marker );\n        });<\/script>\n\n<script>\nwindow.WPLeafletMapPlugin = window.WPLeafletMapPlugin || [];\nwindow.WPLeafletMapPlugin.push(function WPLeafletMarkerShortcode() {\/*<script>*\/\nvar map = window.WPLeafletMapPlugin.getCurrentMap();\nvar group = window.WPLeafletMapPlugin.getCurrentGroup();\nvar marker_options = window.WPLeafletMapPlugin.getIconOptions({});\nvar marker = L.marker(\n    [43.001944,9.815278],\n    marker_options\n);\nvar is_image = map.is_image_map;\nif (marker_options.draggable) {\n    marker.on('dragend', function () {\n        var latlng = this.getLatLng();\n        var lat = latlng.lat;\n        var lng = latlng.lng;\n        if (is_image) {\n            console.log('leaflet-marker y=' + lat + ' x=' + lng);\n        } else {\n            console.log('leaflet-marker lat=' + lat + ' lng=' + lng);\n        }\n    });\n}\nmarker.addTo( group );\nmarker.bindPopup(window.WPLeafletMapPlugin.unescape('&lt;br&gt;&lt;a href=\\&quot;\/\/fr\/sites-de-plongee\/ile-de-capraia\/pointe-zenobito\/\\&quot;&gt;Pointe Zenobito&lt;\/a&gt;&lt;br&gt;'));window.WPLeafletMapPlugin.markers.push( marker );\n        });<\/script>\n\n<script>\nwindow.WPLeafletMapPlugin = window.WPLeafletMapPlugin || [];\nwindow.WPLeafletMapPlugin.push(function WPLeafletMarkerShortcode() {\/*<script>*\/\nvar map = window.WPLeafletMapPlugin.getCurrentMap();\nvar group = window.WPLeafletMapPlugin.getCurrentGroup();\nvar marker_options = window.WPLeafletMapPlugin.getIconOptions({});\nvar marker = L.marker(\n    [43.005,9.822222],\n    marker_options\n);\nvar is_image = map.is_image_map;\nif (marker_options.draggable) {\n    marker.on('dragend', function () {\n        var latlng = this.getLatLng();\n        var lat = latlng.lat;\n        var lng = latlng.lng;\n        if (is_image) {\n            console.log('leaflet-marker y=' + lat + ' x=' + lng);\n        } else {\n            console.log('leaflet-marker lat=' + lat + ' lng=' + lng);\n        }\n    });\n}\nmarker.addTo( group );\nmarker.bindPopup(window.WPLeafletMapPlugin.unescape('&lt;br&gt;&lt;a href=\\&quot;\/fr\/sites-de-plongee\/ile-de-capraia\/haut-fond-du-turc\/\\&quot;&gt;Haut-fond du Turc&lt;\/a&gt;&lt;br&gt;'));window.WPLeafletMapPlugin.markers.push( marker );\n        });<\/script><\/div>\n\t\t\t\t\t\t<\/div>\n\t\t\t\t<\/div>\n\t\t<div class=\"elementor-element elementor-element-ae906a8 e-con-full animated-slow e-flex elementor-invisible e-con e-child\" data-id=\"ae906a8\" data-element_type=\"container\" data-e-type=\"container\" data-settings=\"{&quot;animation&quot;:&quot;fadeInRight&quot;}\">\n\t\t\t\t<div class=\"elementor-element elementor-element-1f62249 elementor-position-inline-start elementor-mobile-position-inline-start elementor-view-default elementor-widget elementor-widget-icon-box\" data-id=\"1f62249\" data-element_type=\"widget\" data-e-type=\"widget\" data-widget_type=\"icon-box.default\">\n\t\t\t\t\t\t\t<div class=\"elementor-icon-box-wrapper\">\n\n\t\t\t\t\t\t<div class=\"elementor-icon-box-icon\">\n\t\t\t\t<a href=\"\/fr\/sites-de-plongee\/ile-de-capraia\/scoglione\/\" class=\"elementor-icon\" tabindex=\"-1\" aria-label=\"Scoglione\">\n\t\t\t\t<i aria-hidden=\"true\" class=\"flaticon flaticon-pin\"><\/i>\t\t\t\t<\/a>\n\t\t\t<\/div>\n\t\t\t\n\t\t\t\t\t\t<div class=\"elementor-icon-box-content\">\n\n\t\t\t\t\t\t\t\t\t<h4 class=\"elementor-icon-box-title\">\n\t\t\t\t\t\t<a href=\"\/fr\/sites-de-plongee\/ile-de-capraia\/scoglione\/\" >\n\t\t\t\t\t\t\tScoglione\t\t\t\t\t\t<\/a>\n\t\t\t\t\t<\/h4>\n\t\t\t\t\n\t\t\t\t\n\t\t\t<\/div>\n\t\t\t\n\t\t<\/div>\n\t\t\t\t\t\t<\/div>\n\t\t\t\t<div class=\"elementor-element elementor-element-a7bc22a elementor-position-inline-start elementor-mobile-position-inline-start elementor-view-default elementor-widget elementor-widget-icon-box\" data-id=\"a7bc22a\" data-element_type=\"widget\" data-e-type=\"widget\" data-widget_type=\"icon-box.default\">\n\t\t\t\t\t\t\t<div class=\"elementor-icon-box-wrapper\">\n\n\t\t\t\t\t\t<div class=\"elementor-icon-box-icon\">\n\t\t\t\t<a href=\"\/fr\/sites-de-plongee\/ile-de-capraia\/pointe-civitata\/\" class=\"elementor-icon\" tabindex=\"-1\" aria-label=\"Pointe Civitata\">\n\t\t\t\t<i aria-hidden=\"true\" class=\"flaticon flaticon-pin\"><\/i>\t\t\t\t<\/a>\n\t\t\t<\/div>\n\t\t\t\n\t\t\t\t\t\t<div class=\"elementor-icon-box-content\">\n\n\t\t\t\t\t\t\t\t\t<h4 class=\"elementor-icon-box-title\">\n\t\t\t\t\t\t<a href=\"\/fr\/sites-de-plongee\/ile-de-capraia\/pointe-civitata\/\" >\n\t\t\t\t\t\t\tPointe Civitata\t\t\t\t\t\t<\/a>\n\t\t\t\t\t<\/h4>\n\t\t\t\t\n\t\t\t\t\n\t\t\t<\/div>\n\t\t\t\n\t\t<\/div>\n\t\t\t\t\t\t<\/div>\n\t\t\t\t<div class=\"elementor-element elementor-element-98d7d1f elementor-position-inline-start elementor-mobile-position-inline-start elementor-view-default elementor-widget elementor-widget-icon-box\" data-id=\"98d7d1f\" data-element_type=\"widget\" data-e-type=\"widget\" data-widget_type=\"icon-box.default\">\n\t\t\t\t\t\t\t<div class=\"elementor-icon-box-wrapper\">\n\n\t\t\t\t\t\t<div class=\"elementor-icon-box-icon\">\n\t\t\t\t<a href=\"\/fr\/sites-de-plongee\/ile-de-capraia\/pointe-zenobito\/\" class=\"elementor-icon\" tabindex=\"-1\" aria-label=\"Pointe Zenobito\">\n\t\t\t\t<i aria-hidden=\"true\" class=\"flaticon flaticon-pin\"><\/i>\t\t\t\t<\/a>\n\t\t\t<\/div>\n\t\t\t\n\t\t\t\t\t\t<div class=\"elementor-icon-box-content\">\n\n\t\t\t\t\t\t\t\t\t<h4 class=\"elementor-icon-box-title\">\n\t\t\t\t\t\t<a href=\"\/fr\/sites-de-plongee\/ile-de-capraia\/pointe-zenobito\/\" >\n\t\t\t\t\t\t\tPointe Zenobito\t\t\t\t\t\t<\/a>\n\t\t\t\t\t<\/h4>\n\t\t\t\t\n\t\t\t\t\n\t\t\t<\/div>\n\t\t\t\n\t\t<\/div>\n\t\t\t\t\t\t<\/div>\n\t\t\t\t<div class=\"elementor-element elementor-element-b0f048d elementor-position-inline-start elementor-mobile-position-inline-start elementor-view-default elementor-widget elementor-widget-icon-box\" data-id=\"b0f048d\" data-element_type=\"widget\" data-e-type=\"widget\" data-widget_type=\"icon-box.default\">\n\t\t\t\t\t\t\t<div class=\"elementor-icon-box-wrapper\">\n\n\t\t\t\t\t\t<div class=\"elementor-icon-box-icon\">\n\t\t\t\t<a href=\"\/fr\/sites-de-plongee\/ile-de-capraia\/haut-fond-du-turc\/\" class=\"elementor-icon\" tabindex=\"-1\" aria-label=\"Haut-fond du Turc\">\n\t\t\t\t<i aria-hidden=\"true\" class=\"flaticon flaticon-pin\"><\/i>\t\t\t\t<\/a>\n\t\t\t<\/div>\n\t\t\t\n\t\t\t\t\t\t<div class=\"elementor-icon-box-content\">\n\n\t\t\t\t\t\t\t\t\t<h4 class=\"elementor-icon-box-title\">\n\t\t\t\t\t\t<a href=\"\/fr\/sites-de-plongee\/ile-de-capraia\/haut-fond-du-turc\/\" >\n\t\t\t\t\t\t\tHaut-fond du Turc\t\t\t\t\t\t<\/a>\n\t\t\t\t\t<\/h4>\n\t\t\t\t\n\t\t\t\t\n\t\t\t<\/div>\n\t\t\t\n\t\t<\/div>\n\t\t\t\t\t\t<\/div>\n\t\t\t\t<\/div>\n\t\t\t\t<\/div>\n\t\t\t\t\t<\/div>\n\t\t\t\t<\/div>\n\t\t<div class=\"elementor-element elementor-element-04c037e e-flex e-con-boxed e-con e-parent\" data-id=\"04c037e\" data-element_type=\"container\" data-e-type=\"container\">\n\t\t\t\t\t<div class=\"e-con-inner\">\n\t\t\t\t<div class=\"elementor-element elementor-element-43a8f30 elementor-widget elementor-widget-spacer\" data-id=\"43a8f30\" data-element_type=\"widget\" data-e-type=\"widget\" data-widget_type=\"spacer.default\">\n\t\t\t\t\t\t\t<div class=\"elementor-spacer\">\n\t\t\t<div class=\"elementor-spacer-inner\"><\/div>\n\t\t<\/div>\n\t\t\t\t\t\t<\/div>\n\t\t\t\t\t<\/div>\n\t\t\t\t<\/div>\n\t\t\t\t<section class=\"elementor-section elementor-top-section elementor-element elementor-element-c7aca31 elementor-section-full_width elementor-section-height-default elementor-section-height-default\" data-id=\"c7aca31\" data-element_type=\"section\" data-e-type=\"section\" data-settings=\"{&quot;background_background&quot;:&quot;classic&quot;}\">\n\t\t\t\t\t\t<div class=\"elementor-container elementor-column-gap-wide\">\n\t\t\t\t\t<div class=\"elementor-column elementor-col-100 elementor-top-column elementor-element elementor-element-76af7b1\" data-id=\"76af7b1\" data-element_type=\"column\" data-e-type=\"column\">\n\t\t\t<div class=\"elementor-widget-wrap elementor-element-populated\">\n\t\t\t\t\t\t<div class=\"elementor-element elementor-element-824ba49 aleft elementor-widget elementor-widget-wgl-double-headings\" data-id=\"824ba49\" data-element_type=\"widget\" data-e-type=\"widget\" data-widget_type=\"wgl-double-headings.default\">\n\t\t\t\t<div class=\"elementor-widget-container\">\n\t\t\t\t\t<div class=\"wgl-double_heading\"><div class=\"dbl__subtitle type-default\"><span class=\"svg_media\"><svg version=\"1.1\" xmlns=\"http:\/\/www.w3.org\/2000\/svg\" xmlns:xlink=\"http:\/\/www.w3.org\/1999\/xlink\" x=\"0px\" y=\"0px\" viewBox=\"0 0 100 13.6\" style=\"enable-background:new 0 0 100 13.6;\" xml:space=\"preserve\"><path class=\"st0\" d=\"M28.8,9.7L33,6.9l4.3,2.9c7.7,5.2,17.7,5.2,25.4,0L67,6.9l4.3,2.9c3.9,2.6,8.3,3.9,12.7,3.9c4.4,0,8.8-1.3,12.7-3.9l3.2-2.1C99.9,6.3,100,5,100,3.7c0-0.6,0-1.1,0-1.7l-0.6-0.9L93.5,5c-5.8,3.9-13.3,3.9-19.1,0L67,0l-7.4,5c-5.8,3.9-13.3,3.9-19.1,0L33,0l-7.4,5C19.8,8.9,12.3,8.9,6.5,5L0.7,1.1L0,2c0,0.6,0,1.1,0,1.7C0,5,0.1,6.3,0.2,7.6l3.2,2.1C11.1,14.9,21,14.9,28.8,9.7z\"\/><\/svg><\/span>Cela pourrait aussi vous int\u00e9resser<\/div><\/div>\t\t\t\t<\/div>\n\t\t\t\t<\/div>\n\t\t\t\t<div class=\"elementor-element elementor-element-bc2c029 item_col-3 elementor-widget elementor-widget-wgl-accordion-service\" data-id=\"bc2c029\" data-element_type=\"widget\" data-e-type=\"widget\" data-widget_type=\"wgl-accordion-service.default\">\n\t\t\t\t<div class=\"elementor-widget-container\">\n\t\t\t\t\t\r\n        <div class=\"wgl-accordion-services\">                <div class=\"wgl-services_item\">\r\n                    <div class=\"wgl-services_media-wrap \" style=\"background-image: url(https:\/\/www.divinginelba.com\/wp-content\/uploads\/2025\/12\/Polpo.jpg); background-position: center center; background-size: cover; \"><div class=\"button-read-more flaticon flaticon-arrow-right\"><\/div><\/div>\r\n                    <div class=\"wgl-services_content-wrap\">                        <div class=\"wgl-services_icon-wrap\">                            <span class=\"wgl-services_icon\">\r\n                                <i aria-hidden=\"true\" class=\"flaticon flaticon-snorkel\"><\/i>                            <\/span>\r\n                                                    <\/div><div class=\"wgl-services_wrapper_title\">                            <div class=\"wgl-services_watermark\">Plong\u00e9es<\/div>                            <h3 class=\"wgl-services_title\">\u00cele d\u2019Elbe<\/h3><\/div>                        <div class=\"wgl-services_text\">Plus de 30 sites de plong\u00e9e adapt\u00e9s \u00e0 tous les niveaux<\/div>                        <div class=\"wgl-services_link_wrapper\">\r\n                            <a class=\"wgl-services_link button-read-more flaticon flaticon-arrow-right\" href=\"\/fr\/sites-de-plongee\/ile-delbe\/\"><span>En savoir plus<\/span><\/a>\r\n                        <\/div>\r\n                                        <\/div>\r\n                <\/div>                <div class=\"wgl-services_item\">\r\n                    <div class=\"wgl-services_media-wrap \" style=\"background-image: url(https:\/\/www.divinginelba.com\/wp-content\/uploads\/2025\/12\/Cernia2-sp2.jpg); background-position: center center; background-size: cover; \"><div class=\"button-read-more flaticon flaticon-arrow-right\"><\/div><\/div>\r\n                    <div class=\"wgl-services_content-wrap\">                        <div class=\"wgl-services_icon-wrap\">                            <span class=\"wgl-services_icon\">\r\n                                <i aria-hidden=\"true\" class=\"flaticon flaticon-snorkel\"><\/i>                            <\/span>\r\n                                                    <\/div><div class=\"wgl-services_wrapper_title\">                            <div class=\"wgl-services_watermark\">Plong\u00e9es<\/div>                            <h3 class=\"wgl-services_title\">Pianosa<\/h3><\/div>                        <div class=\"wgl-services_text\">6 bou\u00e9es d\u00e9di\u00e9es exclusivement \u00e0 la plong\u00e9e sous-marine \u00e0 l\u2019int\u00e9rieur de la zone de Parc Int\u00e9gral<\/div>                        <div class=\"wgl-services_link_wrapper\">\r\n                            <a class=\"wgl-services_link button-read-more flaticon flaticon-arrow-right\" href=\"\/fr\/sites-de-plongee\/ile-de-pianosa\/\"><span>En savoir plus<\/span><\/a>\r\n                        <\/div>\r\n                                        <\/div>\r\n                <\/div>                <div class=\"wgl-services_item\">\r\n                    <div class=\"wgl-services_media-wrap \" style=\"background-image: url(https:\/\/www.divinginelba.com\/wp-content\/uploads\/2025\/12\/immersioni-capraia.jpg); background-position: center center; background-size: cover; \"><div class=\"button-read-more flaticon flaticon-arrow-right\"><\/div><\/div>\r\n                    <div class=\"wgl-services_content-wrap\">                        <div class=\"wgl-services_icon-wrap\">                            <span class=\"wgl-services_icon\">\r\n                                <i aria-hidden=\"true\" class=\"flaticon flaticon-snorkel\"><\/i>                            <\/span>\r\n                                                    <\/div><div class=\"wgl-services_wrapper_title\">                            <div class=\"wgl-services_watermark\">Plong\u00e9es<\/div>                            <h3 class=\"wgl-services_title\">Capraia<\/h3><\/div>                        <div class=\"wgl-services_text\">Magnifiques full day \u00e0 Capraia<\/div>                        <div class=\"wgl-services_link_wrapper\">\r\n                            <a class=\"wgl-services_link button-read-more flaticon flaticon-arrow-right\" href=\"\/fr\/sites-de-plongee\/ile-de-capraia\/\"><span>En savoir plus<\/span><\/a>\r\n                        <\/div>\r\n                                        <\/div>\r\n                <\/div>        <\/div>\r\n\r\n        \t\t\t\t<\/div>\n\t\t\t\t<\/div>\n\t\t\t\t\t<\/div>\n\t\t<\/div>\n\t\t\t\t\t<\/div>\n\t\t<\/section>\n\t\t\t\t<\/div>\n\t\t","protected":false},"excerpt":{"rendered":"<p>Plong\u00e9es \u00e0 Capraia Les plong\u00e9es \u00e0 Capraia offrent une rencontre intime avec une mer \u00e9tonnamment sauvage : fonds volcaniques, grottes sculpt\u00e9es par le temps et une biodiversit\u00e9 extr\u00eamement riche qui danse entre lumi\u00e8re et bleu profond. Une exp\u00e9rience pure, o\u00f9 le silence de l\u2019eau amplifie la beaut\u00e9 authentique de la M\u00e9diterran\u00e9e. La visibilit\u00e9 est toujours [&hellip;]<\/p>\n","protected":false},"author":2,"featured_media":0,"parent":13200,"menu_order":0,"comment_status":"closed","ping_status":"closed","template":"","meta":{"footnotes":""},"class_list":["post-12923","page","type-page","status-publish","hentry"],"_links":{"self":[{"href":"https:\/\/www.divinginelba.com\/fr\/wp-json\/wp\/v2\/pages\/12923","targetHints":{"allow":["GET"]}}],"collection":[{"href":"https:\/\/www.divinginelba.com\/fr\/wp-json\/wp\/v2\/pages"}],"about":[{"href":"https:\/\/www.divinginelba.com\/fr\/wp-json\/wp\/v2\/types\/page"}],"author":[{"embeddable":true,"href":"https:\/\/www.divinginelba.com\/fr\/wp-json\/wp\/v2\/users\/2"}],"replies":[{"embeddable":true,"href":"https:\/\/www.divinginelba.com\/fr\/wp-json\/wp\/v2\/comments?post=12923"}],"version-history":[{"count":5,"href":"https:\/\/www.divinginelba.com\/fr\/wp-json\/wp\/v2\/pages\/12923\/revisions"}],"predecessor-version":[{"id":17144,"href":"https:\/\/www.divinginelba.com\/fr\/wp-json\/wp\/v2\/pages\/12923\/revisions\/17144"}],"up":[{"embeddable":true,"href":"https:\/\/www.divinginelba.com\/fr\/wp-json\/wp\/v2\/pages\/13200"}],"wp:attachment":[{"href":"https:\/\/www.divinginelba.com\/fr\/wp-json\/wp\/v2\/media?parent=12923"}],"curies":[{"name":"wp","href":"https:\/\/api.w.org\/{rel}","templated":true}]}}