{"id":13200,"date":"2025-12-10T11:54:07","date_gmt":"2025-12-10T10:54:07","guid":{"rendered":"http:\/\/divinginelba.youelba.com\/siti-di-immersione\/"},"modified":"2026-02-21T13:10:47","modified_gmt":"2026-02-21T12:10:47","slug":"sites-de-plongee","status":"publish","type":"page","link":"https:\/\/www.divinginelba.com\/fr\/sites-de-plongee\/","title":{"rendered":"Sites de plong\u00e9e"},"content":{"rendered":"\t\t<div data-elementor-type=\"wp-page\" data-elementor-id=\"13200\" class=\"elementor elementor-13200 elementor-3785\">\n\t\t\t\t\t\t<section class=\"elementor-section elementor-top-section elementor-element elementor-element-46dd677 elementor-section-boxed elementor-section-height-default elementor-section-height-default\" data-id=\"46dd677\" data-element_type=\"section\" data-e-type=\"section\">\n\t\t\t\t\t\t<div class=\"elementor-container elementor-column-gap-default\">\n\t\t\t\t\t<div class=\"elementor-column elementor-col-100 elementor-top-column elementor-element elementor-element-00cf7e3\" data-id=\"00cf7e3\" data-element_type=\"column\" data-e-type=\"column\">\n\t\t\t<div class=\"elementor-widget-wrap elementor-element-populated\">\n\t\t\t\t\t\t<div class=\"elementor-element elementor-element-e622874 elementor-widget elementor-widget-spacer\" data-id=\"e622874\" data-element_type=\"widget\" data-e-type=\"widget\" data-widget_type=\"spacer.default\">\n\t\t\t\t\t\t\t<div class=\"elementor-spacer\">\n\t\t\t<div class=\"elementor-spacer-inner\"><\/div>\n\t\t<\/div>\n\t\t\t\t\t\t<\/div>\n\t\t\t\t\t<\/div>\n\t\t<\/div>\n\t\t\t\t\t<\/div>\n\t\t<\/section>\n\t\t\t\t<section class=\"elementor-section elementor-top-section elementor-element elementor-element-e751927 elementor-section-boxed elementor-section-height-default elementor-section-height-default\" data-id=\"e751927\" data-element_type=\"section\" data-e-type=\"section\">\n\t\t\t\t\t\t<div class=\"elementor-container elementor-column-gap-default\">\n\t\t\t\t\t<div class=\"elementor-column elementor-col-100 elementor-top-column elementor-element elementor-element-7963bb4\" data-id=\"7963bb4\" data-element_type=\"column\" data-e-type=\"column\">\n\t\t\t<div class=\"elementor-widget-wrap elementor-element-populated\">\n\t\t\t\t\t\t<div class=\"elementor-element elementor-element-4bda63a acenter animated-slow elementor-invisible elementor-widget elementor-widget-wgl-double-headings\" data-id=\"4bda63a\" data-element_type=\"widget\" data-e-type=\"widget\" data-settings=\"{&quot;_animation&quot;:&quot;fadeIn&quot;}\" data-widget_type=\"wgl-double-headings.default\">\n\t\t\t\t<div class=\"elementor-widget-container\">\n\t\t\t\t\t<div class=\"wgl-double_heading\"><div class=\"dbl__subtitle type-default\"><span class=\"svg_media\"><svg version=\"1.1\" xmlns=\"http:\/\/www.w3.org\/2000\/svg\" xmlns:xlink=\"http:\/\/www.w3.org\/1999\/xlink\" x=\"0px\" y=\"0px\" viewBox=\"0 0 100 13.6\" style=\"enable-background:new 0 0 100 13.6;\" xml:space=\"preserve\"><path class=\"st0\" d=\"M28.8,9.7L33,6.9l4.3,2.9c7.7,5.2,17.7,5.2,25.4,0L67,6.9l4.3,2.9c3.9,2.6,8.3,3.9,12.7,3.9c4.4,0,8.8-1.3,12.7-3.9l3.2-2.1C99.9,6.3,100,5,100,3.7c0-0.6,0-1.1,0-1.7l-0.6-0.9L93.5,5c-5.8,3.9-13.3,3.9-19.1,0L67,0l-7.4,5c-5.8,3.9-13.3,3.9-19.1,0L33,0l-7.4,5C19.8,8.9,12.3,8.9,6.5,5L0.7,1.1L0,2c0,0.6,0,1.1,0,1.7C0,5,0.1,6.3,0.2,7.6l3.2,2.1C11.1,14.9,21,14.9,28.8,9.7z\"\/><\/svg><\/span> <\/div><h3 class=\"dbl__title-wrapper\"><span class=\"dbl__title\">Sites de plong\u00e9e<\/span><\/h3><\/div>\t\t\t\t<\/div>\n\t\t\t\t<\/div>\n\t\t\t\t\t<\/div>\n\t\t<\/div>\n\t\t\t\t\t<\/div>\n\t\t<\/section>\n\t\t\t\t<section class=\"elementor-section elementor-top-section elementor-element elementor-element-a8a9cf3 elementor-section-boxed elementor-section-height-default elementor-section-height-default\" data-id=\"a8a9cf3\" data-element_type=\"section\" data-e-type=\"section\">\n\t\t\t\t\t\t<div class=\"elementor-container elementor-column-gap-default\">\n\t\t\t\t\t<div class=\"elementor-column elementor-col-100 elementor-top-column elementor-element elementor-element-96ac2ce\" data-id=\"96ac2ce\" data-element_type=\"column\" data-e-type=\"column\">\n\t\t\t<div class=\"elementor-widget-wrap elementor-element-populated\">\n\t\t\t\t\t\t<div class=\"elementor-element elementor-element-9d30ae4 elementor-widget elementor-widget-spacer\" data-id=\"9d30ae4\" data-element_type=\"widget\" data-e-type=\"widget\" data-widget_type=\"spacer.default\">\n\t\t\t\t\t\t\t<div class=\"elementor-spacer\">\n\t\t\t<div class=\"elementor-spacer-inner\"><\/div>\n\t\t<\/div>\n\t\t\t\t\t\t<\/div>\n\t\t\t\t\t<\/div>\n\t\t<\/div>\n\t\t\t\t\t<\/div>\n\t\t<\/section>\n\t\t\t\t<section class=\"elementor-section elementor-top-section elementor-element elementor-element-ac0c1d0 animated-slow elementor-section-boxed elementor-section-height-default elementor-section-height-default elementor-invisible\" data-id=\"ac0c1d0\" data-element_type=\"section\" data-e-type=\"section\" data-settings=\"{&quot;animation&quot;:&quot;fadeIn&quot;}\">\n\t\t\t\t\t\t<div class=\"elementor-container elementor-column-gap-default\">\n\t\t\t\t\t<div class=\"elementor-column elementor-col-100 elementor-top-column elementor-element elementor-element-702b9ad\" data-id=\"702b9ad\" data-element_type=\"column\" data-e-type=\"column\">\n\t\t\t<div class=\"elementor-widget-wrap elementor-element-populated\">\n\t\t\t\t\t\t<div class=\"elementor-element elementor-element-206483f elementor-widget elementor-widget-text-editor\" data-id=\"206483f\" data-element_type=\"widget\" data-e-type=\"widget\" data-widget_type=\"text-editor.default\">\n\t\t\t\t\t\t\t\t\t<p>L\u2019Archipel Toscan offre certains des sites de plong\u00e9e les plus int\u00e9ressants de la M\u00e9diterran\u00e9e, caract\u00e9ris\u00e9s par des fonds marins vari\u00e9s en morphologie, profondeur et biodiversit\u00e9.<\/p><p>Des tombants recouverts de gorgones, des secs peupl\u00e9s de grands bancs de poissons, des \u00e9paves et des fonds marins pr\u00e9serv\u00e9s rendent chaque plong\u00e9e diff\u00e9rente, adapt\u00e9e aussi bien aux plongeurs r\u00e9cr\u00e9atifs qu\u2019aux plongeurs plus exp\u00e9riment\u00e9s.<\/p><p>Les plong\u00e9es se d\u00e9roulent dans des zones de grande valeur naturaliste telles que l\u2019\u00eele d\u2019Elbe, l\u2019\u00eele de Pianosa et l\u2019\u00eele de Capraia, chacune offrant des caract\u00e9ristiques uniques et des paysages sous-marins facilement reconnaissables.<\/p>\t\t\t\t\t\t\t\t<\/div>\n\t\t\t\t\t<\/div>\n\t\t<\/div>\n\t\t\t\t\t<\/div>\n\t\t<\/section>\n\t\t\t\t<section class=\"elementor-section elementor-top-section elementor-element elementor-element-e82e657 elementor-section-boxed elementor-section-height-default elementor-section-height-default\" data-id=\"e82e657\" data-element_type=\"section\" data-e-type=\"section\">\n\t\t\t\t\t\t<div class=\"elementor-container elementor-column-gap-default\">\n\t\t\t\t\t<div class=\"elementor-column elementor-col-100 elementor-top-column elementor-element elementor-element-1c07d5a\" data-id=\"1c07d5a\" data-element_type=\"column\" data-e-type=\"column\">\n\t\t\t<div class=\"elementor-widget-wrap elementor-element-populated\">\n\t\t\t\t\t\t<div class=\"elementor-element elementor-element-1c9241d elementor-widget elementor-widget-spacer\" data-id=\"1c9241d\" data-element_type=\"widget\" data-e-type=\"widget\" data-widget_type=\"spacer.default\">\n\t\t\t\t\t\t\t<div class=\"elementor-spacer\">\n\t\t\t<div class=\"elementor-spacer-inner\"><\/div>\n\t\t<\/div>\n\t\t\t\t\t\t<\/div>\n\t\t\t\t\t<\/div>\n\t\t<\/div>\n\t\t\t\t\t<\/div>\n\t\t<\/section>\n\t\t\t\t<section class=\"elementor-section elementor-top-section elementor-element elementor-element-6b8f3d8 elementor-section-full_width elementor-section-height-default elementor-section-height-default\" data-id=\"6b8f3d8\" data-element_type=\"section\" data-e-type=\"section\" data-settings=\"{&quot;background_background&quot;:&quot;classic&quot;}\">\n\t\t\t\t\t\t<div class=\"elementor-container elementor-column-gap-wide\">\n\t\t\t\t\t<div class=\"elementor-column elementor-col-100 elementor-top-column elementor-element elementor-element-be5381e\" data-id=\"be5381e\" data-element_type=\"column\" data-e-type=\"column\">\n\t\t\t<div class=\"elementor-widget-wrap elementor-element-populated\">\n\t\t\t\t\t\t<div class=\"elementor-element elementor-element-6e49936 item_col-3 elementor-widget elementor-widget-wgl-accordion-service\" data-id=\"6e49936\" data-element_type=\"widget\" data-e-type=\"widget\" data-widget_type=\"wgl-accordion-service.default\">\n\t\t\t\t<div class=\"elementor-widget-container\">\n\t\t\t\t\t\r\n        <div class=\"wgl-accordion-services\">                <div class=\"wgl-services_item\">\r\n                    <div class=\"wgl-services_media-wrap \" style=\"background-image: url(https:\/\/www.divinginelba.com\/wp-content\/uploads\/2025\/12\/Polpo.jpg); background-position: center center; background-size: cover; \"><div class=\"button-read-more flaticon flaticon-arrow-right\"><\/div><\/div>\r\n                    <div class=\"wgl-services_content-wrap\">                        <div class=\"wgl-services_icon-wrap\">                            <span class=\"wgl-services_icon\">\r\n                                <i aria-hidden=\"true\" class=\"flaticon flaticon-snorkel\"><\/i>                            <\/span>\r\n                                                    <\/div><div class=\"wgl-services_wrapper_title\">                            <div class=\"wgl-services_watermark\">Plong\u00e9es<\/div>                            <h3 class=\"wgl-services_title\">\u00cele d\u2019Elbe<\/h3><\/div>                        <div class=\"wgl-services_text\">Plus de 30 sites de plong\u00e9e adapt\u00e9s \u00e0 tous les niveaux<\/div>                        <div class=\"wgl-services_link_wrapper\">\r\n                            <a class=\"wgl-services_link button-read-more flaticon flaticon-arrow-right\" href=\"\/fr\/sites-de-plongee\/ile-delbe\/\"><span>En savoir plus<\/span><\/a>\r\n                        <\/div>\r\n                                        <\/div>\r\n                <\/div>                <div class=\"wgl-services_item\">\r\n                    <div class=\"wgl-services_media-wrap \" style=\"background-image: url(https:\/\/www.divinginelba.com\/wp-content\/uploads\/2025\/12\/Cernia2-sp2.jpg); background-position: center center; background-size: cover; \"><div class=\"button-read-more flaticon flaticon-arrow-right\"><\/div><\/div>\r\n                    <div class=\"wgl-services_content-wrap\">                        <div class=\"wgl-services_icon-wrap\">                            <span class=\"wgl-services_icon\">\r\n                                <i aria-hidden=\"true\" class=\"flaticon flaticon-snorkel\"><\/i>                            <\/span>\r\n                                                    <\/div><div class=\"wgl-services_wrapper_title\">                            <div class=\"wgl-services_watermark\">Plong\u00e9es<\/div>                            <h3 class=\"wgl-services_title\">Pianosa<\/h3><\/div>                        <div class=\"wgl-services_text\">6 bou\u00e9es d\u00e9di\u00e9es exclusivement \u00e0 la plong\u00e9e sous-marine \u00e0 l\u2019int\u00e9rieur de la zone de Parc Int\u00e9gral<\/div>                        <div class=\"wgl-services_link_wrapper\">\r\n                            <a class=\"wgl-services_link button-read-more flaticon flaticon-arrow-right\" href=\"\/fr\/sites-de-plongee\/ile-de-pianosa\/\"><span>En savoir plus<\/span><\/a>\r\n                        <\/div>\r\n                                        <\/div>\r\n                <\/div>                <div class=\"wgl-services_item\">\r\n                    <div class=\"wgl-services_media-wrap \" style=\"background-image: url(https:\/\/www.divinginelba.com\/wp-content\/uploads\/2025\/12\/immersioni-capraia.jpg); background-position: center center; background-size: cover; \"><div class=\"button-read-more flaticon flaticon-arrow-right\"><\/div><\/div>\r\n                    <div class=\"wgl-services_content-wrap\">                        <div class=\"wgl-services_icon-wrap\">                            <span class=\"wgl-services_icon\">\r\n                                <i aria-hidden=\"true\" class=\"flaticon flaticon-snorkel\"><\/i>                            <\/span>\r\n                                                    <\/div><div class=\"wgl-services_wrapper_title\">                            <div class=\"wgl-services_watermark\">Plong\u00e9es<\/div>                            <h3 class=\"wgl-services_title\">Capraia<\/h3><\/div>                        <div class=\"wgl-services_text\">Magnifiques full day \u00e0 Capraia<\/div>                        <div class=\"wgl-services_link_wrapper\">\r\n                            <a class=\"wgl-services_link button-read-more flaticon flaticon-arrow-right\" href=\"\/fr\/sites-de-plongee\/ile-de-capraia\/\"><span>En savoir plus<\/span><\/a>\r\n                        <\/div>\r\n                                        <\/div>\r\n                <\/div>        <\/div>\r\n\r\n        \t\t\t\t<\/div>\n\t\t\t\t<\/div>\n\t\t\t\t\t<\/div>\n\t\t<\/div>\n\t\t\t\t\t<\/div>\n\t\t<\/section>\n\t\t\t\t<\/div>\n\t\t","protected":false},"excerpt":{"rendered":"<p>Sites de plong\u00e9e L\u2019Archipel Toscan offre certains des sites de plong\u00e9e les plus int\u00e9ressants de la M\u00e9diterran\u00e9e, caract\u00e9ris\u00e9s par des fonds marins vari\u00e9s en morphologie, profondeur et biodiversit\u00e9. Des tombants recouverts de gorgones, des secs peupl\u00e9s de grands bancs de poissons, des \u00e9paves et des fonds marins pr\u00e9serv\u00e9s rendent chaque plong\u00e9e diff\u00e9rente, adapt\u00e9e aussi bien [&hellip;]<\/p>\n","protected":false},"author":2,"featured_media":0,"parent":0,"menu_order":0,"comment_status":"closed","ping_status":"closed","template":"","meta":{"footnotes":""},"class_list":["post-13200","page","type-page","status-publish","hentry"],"_links":{"self":[{"href":"https:\/\/www.divinginelba.com\/fr\/wp-json\/wp\/v2\/pages\/13200","targetHints":{"allow":["GET"]}}],"collection":[{"href":"https:\/\/www.divinginelba.com\/fr\/wp-json\/wp\/v2\/pages"}],"about":[{"href":"https:\/\/www.divinginelba.com\/fr\/wp-json\/wp\/v2\/types\/page"}],"author":[{"embeddable":true,"href":"https:\/\/www.divinginelba.com\/fr\/wp-json\/wp\/v2\/users\/2"}],"replies":[{"embeddable":true,"href":"https:\/\/www.divinginelba.com\/fr\/wp-json\/wp\/v2\/comments?post=13200"}],"version-history":[{"count":5,"href":"https:\/\/www.divinginelba.com\/fr\/wp-json\/wp\/v2\/pages\/13200\/revisions"}],"predecessor-version":[{"id":16547,"href":"https:\/\/www.divinginelba.com\/fr\/wp-json\/wp\/v2\/pages\/13200\/revisions\/16547"}],"wp:attachment":[{"href":"https:\/\/www.divinginelba.com\/fr\/wp-json\/wp\/v2\/media?parent=13200"}],"curies":[{"name":"wp","href":"https:\/\/api.w.org\/{rel}","templated":true}]}}