{"id":13327,"date":"2025-12-19T14:34:47","date_gmt":"2025-12-19T13:34:47","guid":{"rendered":"http:\/\/divinginelba.youelba.com\/approfondimenti\/"},"modified":"2026-02-21T10:25:52","modified_gmt":"2026-02-21T09:25:52","slug":"approfondissements","status":"publish","type":"page","link":"https:\/\/www.divinginelba.com\/fr\/approfondissements\/","title":{"rendered":"Approfondissements"},"content":{"rendered":"\t\t<div data-elementor-type=\"wp-page\" data-elementor-id=\"13327\" class=\"elementor elementor-13327 elementor-4578\">\n\t\t\t\t\t\t<section class=\"elementor-section elementor-top-section elementor-element elementor-element-6374c20 elementor-section-boxed elementor-section-height-default elementor-section-height-default\" data-id=\"6374c20\" data-element_type=\"section\" data-e-type=\"section\">\n\t\t\t\t\t\t<div class=\"elementor-container elementor-column-gap-default\">\n\t\t\t\t\t<div class=\"elementor-column elementor-col-100 elementor-top-column elementor-element elementor-element-df9ce0a\" data-id=\"df9ce0a\" data-element_type=\"column\" data-e-type=\"column\">\n\t\t\t<div class=\"elementor-widget-wrap elementor-element-populated\">\n\t\t\t\t\t\t<div class=\"elementor-element elementor-element-2ec57b2 elementor-widget elementor-widget-spacer\" data-id=\"2ec57b2\" data-element_type=\"widget\" data-e-type=\"widget\" data-widget_type=\"spacer.default\">\n\t\t\t\t\t\t\t<div class=\"elementor-spacer\">\n\t\t\t<div class=\"elementor-spacer-inner\"><\/div>\n\t\t<\/div>\n\t\t\t\t\t\t<\/div>\n\t\t\t\t\t<\/div>\n\t\t<\/div>\n\t\t\t\t\t<\/div>\n\t\t<\/section>\n\t\t\t\t<section class=\"elementor-section elementor-top-section elementor-element elementor-element-3bb3597 elementor-section-boxed elementor-section-height-default elementor-section-height-default\" data-id=\"3bb3597\" data-element_type=\"section\" data-e-type=\"section\">\n\t\t\t\t\t\t<div class=\"elementor-container elementor-column-gap-default\">\n\t\t\t\t\t<div class=\"elementor-column elementor-col-100 elementor-top-column elementor-element elementor-element-6450196\" data-id=\"6450196\" data-element_type=\"column\" data-e-type=\"column\">\n\t\t\t<div class=\"elementor-widget-wrap elementor-element-populated\">\n\t\t\t\t\t\t<div class=\"elementor-element elementor-element-f4eaa15 acenter elementor-widget elementor-widget-wgl-double-headings\" data-id=\"f4eaa15\" data-element_type=\"widget\" data-e-type=\"widget\" data-widget_type=\"wgl-double-headings.default\">\n\t\t\t\t<div class=\"elementor-widget-container\">\n\t\t\t\t\t<div class=\"wgl-double_heading\"><div class=\"dbl__subtitle type-default\"><span class=\"svg_media\"><svg version=\"1.1\" xmlns=\"http:\/\/www.w3.org\/2000\/svg\" xmlns:xlink=\"http:\/\/www.w3.org\/1999\/xlink\" x=\"0px\" y=\"0px\" viewBox=\"0 0 100 13.6\" style=\"enable-background:new 0 0 100 13.6;\" xml:space=\"preserve\"><path class=\"st0\" d=\"M28.8,9.7L33,6.9l4.3,2.9c7.7,5.2,17.7,5.2,25.4,0L67,6.9l4.3,2.9c3.9,2.6,8.3,3.9,12.7,3.9c4.4,0,8.8-1.3,12.7-3.9l3.2-2.1C99.9,6.3,100,5,100,3.7c0-0.6,0-1.1,0-1.7l-0.6-0.9L93.5,5c-5.8,3.9-13.3,3.9-19.1,0L67,0l-7.4,5c-5.8,3.9-13.3,3.9-19.1,0L33,0l-7.4,5C19.8,8.9,12.3,8.9,6.5,5L0.7,1.1L0,2c0,0.6,0,1.1,0,1.7C0,5,0.1,6.3,0.2,7.6l3.2,2.1C11.1,14.9,21,14.9,28.8,9.7z\"\/><\/svg><\/span> <\/div><h3 class=\"dbl__title-wrapper\"><span class=\"dbl__title\">Approfondissements<\/span><\/h3><\/div>\t\t\t\t<\/div>\n\t\t\t\t<\/div>\n\t\t\t\t\t<\/div>\n\t\t<\/div>\n\t\t\t\t\t<\/div>\n\t\t<\/section>\n\t\t\t\t<section class=\"elementor-section elementor-top-section elementor-element elementor-element-4c269fe elementor-section-boxed elementor-section-height-default elementor-section-height-default\" data-id=\"4c269fe\" data-element_type=\"section\" data-e-type=\"section\">\n\t\t\t\t\t\t<div class=\"elementor-container elementor-column-gap-default\">\n\t\t\t\t\t<div class=\"elementor-column elementor-col-100 elementor-top-column elementor-element elementor-element-65dfeac\" data-id=\"65dfeac\" data-element_type=\"column\" data-e-type=\"column\">\n\t\t\t<div class=\"elementor-widget-wrap elementor-element-populated\">\n\t\t\t\t\t\t<div class=\"elementor-element elementor-element-6f34fa8 elementor-widget elementor-widget-spacer\" data-id=\"6f34fa8\" data-element_type=\"widget\" data-e-type=\"widget\" data-widget_type=\"spacer.default\">\n\t\t\t\t\t\t\t<div class=\"elementor-spacer\">\n\t\t\t<div class=\"elementor-spacer-inner\"><\/div>\n\t\t<\/div>\n\t\t\t\t\t\t<\/div>\n\t\t\t\t\t<\/div>\n\t\t<\/div>\n\t\t\t\t\t<\/div>\n\t\t<\/section>\n\t\t\t\t<section class=\"elementor-section elementor-top-section elementor-element elementor-element-0ec01a2 elementor-section-boxed elementor-section-height-default elementor-section-height-default\" data-id=\"0ec01a2\" data-element_type=\"section\" data-e-type=\"section\">\n\t\t\t\t\t\t<div class=\"elementor-container elementor-column-gap-default\">\n\t\t\t\t\t<div class=\"elementor-column elementor-col-100 elementor-top-column elementor-element elementor-element-cfe7dfd\" data-id=\"cfe7dfd\" data-element_type=\"column\" data-e-type=\"column\">\n\t\t\t<div class=\"elementor-widget-wrap elementor-element-populated\">\n\t\t\t\t\t\t<div class=\"elementor-element elementor-element-275a7dc elementor-widget elementor-widget-wgl-blog\" data-id=\"275a7dc\" data-element_type=\"widget\" data-e-type=\"widget\" data-settings=\"{&quot;blog_columns&quot;:&quot;6&quot;}\" data-widget_type=\"wgl-blog.default\">\n\t\t\t\t<div class=\"elementor-widget-container\">\n\t\t\t\t\t<section class=\"wgl_cpt_section\"><div class=\"blog-posts\"><div class=\"container-grid row blog_masonry blog_columns-2 masonry blog-style-standard\"><div class=\"wgl_col-6 item\"><div class=\"blog-post format-standard-image\"><div class=\"blog-post_wrapper\"><div class=\"blog-post_media\"><div class=\"blog-post_media_part\"><a href=\"https:\/\/www.divinginelba.com\/fr\/tu-es-ce-que-tu-manges\/\" class=\"blog-post_feature-link\"><img src='https:\/\/www.divinginelba.com\/wp-content\/uploads\/2016\/11\/IMG_6433-740x500.jpg' alt='' \/><\/a><\/div><span class=\"post_meta-categories\"><span><a href=\"https:\/\/www.divinginelba.com\/fr\/category\/biologie-marine\/\">Biologie marine<\/a><\/span><span><a href=\"https:\/\/www.divinginelba.com\/fr\/category\/diving\/\">DIVING<\/a><\/span><span><a href=\"https:\/\/www.divinginelba.com\/fr\/category\/ile-delbe\/\">\u00cele d\u2019Elbe<\/a><\/span><\/span><\/div><div class=\"blog-post_content\"><div class=\"post_meta-wrap\"><div class=\"meta-wrapper post-meta-data\"><span class=\"post_author\">by <a href=\"https:\/\/www.divinginelba.com\/fr\/author\/diving-in-elba\/\">Diving in Elba<\/a><\/span><\/div><\/div><h3 class=\"blog-post_title\"><a href=\"https:\/\/www.divinginelba.com\/fr\/tu-es-ce-que-tu-manges\/\">TU ES CE QUE TU MANGES<\/a><\/h3><div class=\"blog-post_text\"><p>Comment trouver sous l\u2019eau ce que vous cherchez en sachant ce qu\u2019il mange !\nBeaucoup s\u2019\u00e9tonnent de l\u2019habilet\u00e9 de certaines guides \u00e0 trouver \u00e0...<\/p><\/div><div class=\"read-more-wrap\"><a href=\"https:\/\/www.divinginelba.com\/fr\/tu-es-ce-que-tu-manges\/\" class=\"button-read-more flaticon flaticon-arrow-right\"><span>Leggi tutto<\/span><\/a><\/div><\/div><\/div><\/div><\/div><div class=\"wgl_col-6 item\"><div class=\"blog-post format-standard-image\"><div class=\"blog-post_wrapper\"><div class=\"blog-post_media\"><div class=\"blog-post_media_part\"><a href=\"https:\/\/www.divinginelba.com\/fr\/pourquoi-participer-aux-nettoyages-des-plages\/\" class=\"blog-post_feature-link\"><img src='https:\/\/www.divinginelba.com\/wp-content\/uploads\/2019\/08\/Isola-dElba-740x500.jpg' alt='' \/><\/a><\/div><span class=\"post_meta-categories\"><span><a href=\"https:\/\/www.divinginelba.com\/fr\/category\/ile-delbe\/\">\u00cele d\u2019Elbe<\/a><\/span><\/span><\/div><div class=\"blog-post_content\"><div class=\"post_meta-wrap\"><div class=\"meta-wrapper post-meta-data\"><span class=\"post_author\">by <a href=\"https:\/\/www.divinginelba.com\/fr\/author\/diving-in-elba\/\">Diving in Elba<\/a><\/span><\/div><\/div><h3 class=\"blog-post_title\"><a href=\"https:\/\/www.divinginelba.com\/fr\/pourquoi-participer-aux-nettoyages-des-plages\/\">Pourquoi participer aux nettoyages des plages<\/a><\/h3><div class=\"blog-post_text\"><p>La mer et les plages ont la capacit\u00e9 d\u2019enivrer tous nos sens : le bruit des vagues qui se brisent sur le rivage, la sensation du sable humide...<\/p><\/div><div class=\"read-more-wrap\"><a href=\"https:\/\/www.divinginelba.com\/fr\/pourquoi-participer-aux-nettoyages-des-plages\/\" class=\"button-read-more flaticon flaticon-arrow-right\"><span>Leggi tutto<\/span><\/a><\/div><\/div><\/div><\/div><\/div><div class=\"wgl_col-6 item\"><div class=\"blog-post format-standard-image\"><div class=\"blog-post_wrapper\"><div class=\"blog-post_media\"><div class=\"blog-post_media_part\"><a href=\"https:\/\/www.divinginelba.com\/fr\/voyage-aux-maldives\/\" class=\"blog-post_feature-link\"><img src='https:\/\/www.divinginelba.com\/wp-content\/uploads\/2023\/05\/Crociere_Macana_1-740x500.jpg' alt='' \/><\/a><\/div><span class=\"post_meta-categories\"><span><a href=\"https:\/\/www.divinginelba.com\/fr\/category\/promotions\/\">Promotions<\/a><\/span><\/span><\/div><div class=\"blog-post_content\"><div class=\"post_meta-wrap\"><div class=\"meta-wrapper post-meta-data\"><span class=\"post_author\">by <a href=\"https:\/\/www.divinginelba.com\/fr\/author\/diving-in-elba\/\">Diving in Elba<\/a><\/span><\/div><\/div><h3 class=\"blog-post_title\"><a href=\"https:\/\/www.divinginelba.com\/fr\/voyage-aux-maldives\/\">Voyage aux Maldives<\/a><\/h3><div class=\"blog-post_text\"><p>Chaque ann\u00e9e, nous proposons des voyages exotiques\nLe dernier a eu lieu \u00e0 bord du Princess Haleema de Macana Maldives\n\n\n\nUne croisi\u00e8re de ce type...<\/p><\/div><div class=\"read-more-wrap\"><a href=\"https:\/\/www.divinginelba.com\/fr\/voyage-aux-maldives\/\" class=\"button-read-more flaticon flaticon-arrow-right\"><span>Leggi tutto<\/span><\/a><\/div><\/div><\/div><\/div><\/div><div class=\"wgl_col-6 item\"><div class=\"blog-post format-standard-image\"><div class=\"blog-post_wrapper\"><div class=\"blog-post_media\"><div class=\"blog-post_media_part\"><a href=\"https:\/\/www.divinginelba.com\/fr\/la-legende-de-loeil-de-santa-lucia\/\" class=\"blog-post_feature-link\"><img src='https:\/\/www.divinginelba.com\/wp-content\/uploads\/2024\/11\/occhi-di-santa-lucia-1x-740x500.jpg' alt='' \/><\/a><\/div><span class=\"post_meta-categories\"><span><a href=\"https:\/\/www.divinginelba.com\/fr\/category\/biologie-marine\/\">Biologie marine<\/a><\/span><span><a href=\"https:\/\/www.divinginelba.com\/fr\/category\/diving\/\">DIVING<\/a><\/span><span><a href=\"https:\/\/www.divinginelba.com\/fr\/category\/ile-delbe\/\">\u00cele d\u2019Elbe<\/a><\/span><\/span><\/div><div class=\"blog-post_content\"><div class=\"post_meta-wrap\"><div class=\"meta-wrapper post-meta-data\"><span class=\"post_author\">by <a href=\"https:\/\/www.divinginelba.com\/fr\/author\/diving-in-elba\/\">Diving in Elba<\/a><\/span><\/div><\/div><h3 class=\"blog-post_title\"><a href=\"https:\/\/www.divinginelba.com\/fr\/la-legende-de-loeil-de-santa-lucia\/\">La l\u00e9gende de l\u2019\u0152il de Santa Lucia<\/a><\/h3><div class=\"blog-post_text\"><p>Recherche semi-s\u00e9rieuse entre histoire et mythe L\u2019\u0152il de Santa Lucia est le charmant fruit du \u00ab travail d\u2019ing\u00e9nierie \u00bb d\u2019une esp\u00e8ce marine, un...<\/p><\/div><div class=\"read-more-wrap\"><a href=\"https:\/\/www.divinginelba.com\/fr\/la-legende-de-loeil-de-santa-lucia\/\" class=\"button-read-more flaticon flaticon-arrow-right\"><span>Leggi tutto<\/span><\/a><\/div><\/div><\/div><\/div><\/div><div class=\"wgl_col-6 item\"><div class=\"blog-post format-standard format-no_featured\"><div class=\"blog-post_wrapper\"><span class=\"post_meta-categories\"><span><a href=\"https:\/\/www.divinginelba.com\/fr\/category\/diving\/\">DIVING<\/a><\/span><span><a href=\"https:\/\/www.divinginelba.com\/fr\/category\/ile-delbe\/\">\u00cele d\u2019Elbe<\/a><\/span><\/span><div class=\"blog-post_content\"><div class=\"post_meta-wrap\"><div class=\"meta-wrapper post-meta-data\"><span class=\"post_author\">by <a href=\"https:\/\/www.divinginelba.com\/fr\/author\/diving-in-elba\/\">Diving in Elba<\/a><\/span><\/div><\/div><h3 class=\"blog-post_title\"><a href=\"https:\/\/www.divinginelba.com\/fr\/20-ans-dhistoire\/\">20 ans d\u2019histoire<\/a><\/h3><div class=\"blog-post_text\"><p>20 ans d\u2019histoire de notre centre de plong\u00e9e<\/p><\/div><div class=\"read-more-wrap\"><a href=\"https:\/\/www.divinginelba.com\/fr\/20-ans-dhistoire\/\" class=\"button-read-more flaticon flaticon-arrow-right\"><span>Leggi tutto<\/span><\/a><\/div><\/div><\/div><\/div><\/div><div class=\"wgl_col-6 item\"><div class=\"blog-post format-standard-image\"><div class=\"blog-post_wrapper\"><div class=\"blog-post_media\"><div class=\"blog-post_media_part\"><a href=\"https:\/\/www.divinginelba.com\/fr\/animaux-fantastiques-ou-les-trouver-version-plongee-sous-marine-predateurs-insoupconnes-les-etoiles-de-mer\/\" class=\"blog-post_feature-link\"><img src='https:\/\/www.divinginelba.com\/wp-content\/uploads\/2020\/03\/coraaligeno-740x500.jpg' alt='' \/><\/a><\/div><span class=\"post_meta-categories\"><span><a href=\"https:\/\/www.divinginelba.com\/fr\/category\/biologie-marine\/\">Biologie marine<\/a><\/span><span><a href=\"https:\/\/www.divinginelba.com\/fr\/category\/ile-delbe\/\">\u00cele d\u2019Elbe<\/a><\/span><\/span><\/div><div class=\"blog-post_content\"><div class=\"post_meta-wrap\"><div class=\"meta-wrapper post-meta-data\"><span class=\"post_author\">by <a href=\"https:\/\/www.divinginelba.com\/fr\/author\/diving-in-elba\/\">Diving in Elba<\/a><\/span><\/div><\/div><h3 class=\"blog-post_title\"><a href=\"https:\/\/www.divinginelba.com\/fr\/animaux-fantastiques-ou-les-trouver-version-plongee-sous-marine-predateurs-insoupconnes-les-etoiles-de-mer\/\">Animaux fantastiques, o\u00f9 les trouver \u2013 version plong\u00e9e sous-marine<\/a><\/h3><div class=\"blog-post_text\"><p>J\u2019en profite pendant cette p\u00e9riode de confinement forc\u00e9 pour reprendre la rubrique **\u00ab Animaux fantastiques o\u00f9 les trouver, version plong\u00e9e...<\/p><\/div><div class=\"read-more-wrap\"><a href=\"https:\/\/www.divinginelba.com\/fr\/animaux-fantastiques-ou-les-trouver-version-plongee-sous-marine-predateurs-insoupconnes-les-etoiles-de-mer\/\" class=\"button-read-more flaticon flaticon-arrow-right\"><span>Leggi tutto<\/span><\/a><\/div><\/div><\/div><\/div><\/div><\/div><\/div><ul class=\"wgl-pagination acenter\"><li class='page'><span aria-current=\"page\" class=\"page-numbers current\">1<\/span><\/li><li class='page'><a class=\"page-numbers\" href=\"https:\/\/www.divinginelba.com\/fr\/wp-json\/wp\/v2\/pages\/13327\/page\/2\/\">2<\/a><\/li><li class='page'><a class=\"page-numbers\" href=\"https:\/\/www.divinginelba.com\/fr\/wp-json\/wp\/v2\/pages\/13327\/page\/3\/\">3<\/a><\/li><li class='page'><a class=\"next page-numbers\" href=\"https:\/\/www.divinginelba.com\/fr\/wp-json\/wp\/v2\/pages\/13327\/page\/2\/\"><i class=\"flaticon flaticon-arrow-right\"><\/i><\/a><\/li><\/ul><\/section>\t\t\t\t<\/div>\n\t\t\t\t<\/div>\n\t\t\t\t\t<\/div>\n\t\t<\/div>\n\t\t\t\t\t<\/div>\n\t\t<\/section>\n\t\t\t\t<section class=\"elementor-section elementor-top-section elementor-element elementor-element-a30272a elementor-section-boxed elementor-section-height-default elementor-section-height-default\" data-id=\"a30272a\" data-element_type=\"section\" data-e-type=\"section\">\n\t\t\t\t\t\t<div class=\"elementor-container elementor-column-gap-default\">\n\t\t\t\t\t<div class=\"elementor-column elementor-col-100 elementor-top-column elementor-element elementor-element-521fc5b\" data-id=\"521fc5b\" data-element_type=\"column\" data-e-type=\"column\">\n\t\t\t<div class=\"elementor-widget-wrap elementor-element-populated\">\n\t\t\t\t\t\t<div class=\"elementor-element elementor-element-fa288c1 elementor-widget elementor-widget-spacer\" data-id=\"fa288c1\" data-element_type=\"widget\" data-e-type=\"widget\" data-widget_type=\"spacer.default\">\n\t\t\t\t\t\t\t<div class=\"elementor-spacer\">\n\t\t\t<div class=\"elementor-spacer-inner\"><\/div>\n\t\t<\/div>\n\t\t\t\t\t\t<\/div>\n\t\t\t\t\t<\/div>\n\t\t<\/div>\n\t\t\t\t\t<\/div>\n\t\t<\/section>\n\t\t\t\t<\/div>\n\t\t","protected":false},"excerpt":{"rendered":"<p>Approfondissements Non cat\u00e9goris\u00e9by Diving in Elba Qu&#8217;est-ce que ne vous attendez de la Mer Mediterran\u00e8e Souvent, de nombreux plongeurs disent qu&#8217;ils \u00e9taient dans des endroits exotiques pour faire la photographie macro ou nous parlent de petites&#8230; Leggi tutto<\/p>\n","protected":false},"author":2,"featured_media":0,"parent":0,"menu_order":0,"comment_status":"closed","ping_status":"closed","template":"","meta":{"footnotes":""},"class_list":["post-13327","page","type-page","status-publish","hentry"],"_links":{"self":[{"href":"https:\/\/www.divinginelba.com\/fr\/wp-json\/wp\/v2\/pages\/13327","targetHints":{"allow":["GET"]}}],"collection":[{"href":"https:\/\/www.divinginelba.com\/fr\/wp-json\/wp\/v2\/pages"}],"about":[{"href":"https:\/\/www.divinginelba.com\/fr\/wp-json\/wp\/v2\/types\/page"}],"author":[{"embeddable":true,"href":"https:\/\/www.divinginelba.com\/fr\/wp-json\/wp\/v2\/users\/2"}],"replies":[{"embeddable":true,"href":"https:\/\/www.divinginelba.com\/fr\/wp-json\/wp\/v2\/comments?post=13327"}],"version-history":[{"count":5,"href":"https:\/\/www.divinginelba.com\/fr\/wp-json\/wp\/v2\/pages\/13327\/revisions"}],"predecessor-version":[{"id":16282,"href":"https:\/\/www.divinginelba.com\/fr\/wp-json\/wp\/v2\/pages\/13327\/revisions\/16282"}],"wp:attachment":[{"href":"https:\/\/www.divinginelba.com\/fr\/wp-json\/wp\/v2\/media?parent=13327"}],"curies":[{"name":"wp","href":"https:\/\/api.w.org\/{rel}","templated":true}]}}