{"id":13337,"date":"2026-01-26T10:12:36","date_gmt":"2026-01-26T09:12:36","guid":{"rendered":"http:\/\/divinginelba.youelba.com\/corsi\/corsi-per-bambini\/"},"modified":"2026-04-01T14:58:33","modified_gmt":"2026-04-01T12:58:33","slug":"cours-pour-enfants","status":"publish","type":"page","link":"https:\/\/www.divinginelba.com\/fr\/cours\/cours-pour-enfants\/","title":{"rendered":"Cours pour enfants"},"content":{"rendered":"\t\t<div data-elementor-type=\"wp-page\" data-elementor-id=\"13337\" class=\"elementor elementor-13337 elementor-6538\">\n\t\t\t\t\t\t<section class=\"elementor-section elementor-top-section elementor-element elementor-element-7898bf7 elementor-section-boxed elementor-section-height-default elementor-section-height-default\" data-id=\"7898bf7\" data-element_type=\"section\" data-e-type=\"section\" data-settings=\"{&quot;background_background&quot;:&quot;classic&quot;}\">\n\t\t\t\t\t\t<div class=\"elementor-container elementor-column-gap-narrow\">\n\t\t\t\t\t<div class=\"elementor-column elementor-col-100 elementor-top-column elementor-element elementor-element-0d729c8\" data-id=\"0d729c8\" data-element_type=\"column\" data-e-type=\"column\">\n\t\t\t<div class=\"elementor-widget-wrap elementor-element-populated\">\n\t\t\t\t<div class=\"elementor-element elementor-element-3c78dc6 e-flex e-con-boxed e-con e-parent\" data-id=\"3c78dc6\" data-element_type=\"container\" data-e-type=\"container\">\n\t\t\t\t\t<div class=\"e-con-inner\">\n\t\t\t\t<div class=\"elementor-element elementor-element-b28d9bb animated-slow aleft elementor-invisible elementor-widget elementor-widget-wgl-double-headings\" data-id=\"b28d9bb\" data-element_type=\"widget\" data-e-type=\"widget\" data-settings=\"{&quot;_animation&quot;:&quot;fadeIn&quot;}\" data-widget_type=\"wgl-double-headings.default\">\n\t\t\t\t<div class=\"elementor-widget-container\">\n\t\t\t\t\t<div class=\"wgl-double_heading\"><div class=\"dbl__subtitle type-default\"><span class=\"svg_media\"><svg version=\"1.1\" xmlns=\"http:\/\/www.w3.org\/2000\/svg\" xmlns:xlink=\"http:\/\/www.w3.org\/1999\/xlink\" x=\"0px\" y=\"0px\" viewBox=\"0 0 100 13.6\" style=\"enable-background:new 0 0 100 13.6;\" xml:space=\"preserve\"><path class=\"st0\" d=\"M28.8,9.7L33,6.9l4.3,2.9c7.7,5.2,17.7,5.2,25.4,0L67,6.9l4.3,2.9c3.9,2.6,8.3,3.9,12.7,3.9c4.4,0,8.8-1.3,12.7-3.9l3.2-2.1C99.9,6.3,100,5,100,3.7c0-0.6,0-1.1,0-1.7l-0.6-0.9L93.5,5c-5.8,3.9-13.3,3.9-19.1,0L67,0l-7.4,5c-5.8,3.9-13.3,3.9-19.1,0L33,0l-7.4,5C19.8,8.9,12.3,8.9,6.5,5L0.7,1.1L0,2c0,0.6,0,1.1,0,1.7C0,5,0.1,6.3,0.2,7.6l3.2,2.1C11.1,14.9,21,14.9,28.8,9.7z\"\/><\/svg><\/span> <\/div><h3 class=\"dbl__title-wrapper\"><span class=\"dbl__title\">Programme Explorers<\/span><\/h3><\/div>\t\t\t\t<\/div>\n\t\t\t\t<\/div>\n\t\t\t\t<div class=\"elementor-element elementor-element-f3503ca animated-slow elementor-invisible elementor-widget elementor-widget-text-editor\" data-id=\"f3503ca\" data-element_type=\"widget\" data-e-type=\"widget\" data-settings=\"{&quot;_animation&quot;:&quot;fadeIn&quot;}\" data-widget_type=\"text-editor.default\">\n\t\t\t\t\t\t\t\t\t<p>Le programme <strong>Explorers<\/strong> permet aux enfants, d\u00e8s 6 ans, de plonger et d\u2019explorer le monde aquatique qui les entoure.<\/p><p>Ils acquerront une base solide en mati\u00e8re de protection des oc\u00e9ans et auront l\u2019opportunit\u00e9 de d\u00e9couvrir quatre grandes aventures aquatiques : snorkeling, scuba diving, freediving et mermaid.<\/p><p>Les Explorers SSI peuvent \u00e9galement obtenir de nombreuses sp\u00e9cialisations en poursuivant leurs exp\u00e9riences sous-marines \u00e0 travers des cours sp\u00e9cifiques tels que l\u2019\u00e9cologie des mammif\u00e8res marins, la photographie sous-marine et bien d\u2019autres encore.<\/p>\t\t\t\t\t\t\t\t<\/div>\n\t\t\t\t<div class=\"elementor-element elementor-element-1cc3f85 elementor-widget elementor-widget-catalogbooking\" data-id=\"1cc3f85\" data-element_type=\"widget\" data-e-type=\"widget\" data-widget_type=\"catalogbooking.default\">\n\t\t\t\t<div class=\"elementor-widget-container\">\n\t\t\t\t\t\n<script>\n  if (typeof hasAmeliaEntitiesApiCall === 'undefined' && ('' === '' && '' !== '1')) {\n    var hasAmeliaEntitiesApiCall = true;\n  }\n  var ameliaShortcodeData = (typeof ameliaShortcodeData === 'undefined') ? [] : ameliaShortcodeData;\n  ameliaShortcodeData.push(\n    {\n      'hasApiCall': (typeof hasAmeliaEntitiesApiCall !== 'undefined') && hasAmeliaEntitiesApiCall,\n      'trigger': '',\n      'trigger_type': '',\n      'triggered_form': 'cbf',\n      'in_dialog': '',\n      'show': '',\n      'counter': '1000',\n      'package': '',\n      'category': '5',\n      'service': '',\n      'employee': '',\n      'location': '',\n      'categories_hidden': '1'\n    }\n  );\n  var ameliaShortcodeDataTriggered = (typeof ameliaShortcodeDataTriggered === 'undefined') ? [] : ameliaShortcodeDataTriggered;\n  if (ameliaShortcodeData[ameliaShortcodeData.length - 1].trigger !== '') {\n    if (ameliaShortcodeDataTriggered.filter(a => a.counter === ameliaShortcodeData[ameliaShortcodeData.length - 1].counter).length === 0) {\n      ameliaShortcodeDataTriggered.push(ameliaShortcodeData.pop());\n    } else {\n      ameliaShortcodeData.pop()\n    }\n  }\n  if (typeof hasAmeliaEntitiesApiCall !== 'undefined' && hasAmeliaEntitiesApiCall) {\n    hasAmeliaEntitiesApiCall = false;\n  }\n<\/script>\n\n<div\n  id=\"amelia-v2-booking-1000\"\n  class=\"amelia-v2-booking\"\n>\n    <catalog-form-wrapper><\/catalog-form-wrapper><\/div>\n\t\t\t\t<\/div>\n\t\t\t\t<\/div>\n\t\t\t\t\t<\/div>\n\t\t\t\t<\/div>\n\t\t\t\t\t<\/div>\n\t\t<\/div>\n\t\t\t\t\t<\/div>\n\t\t<\/section>\n\t\t<div class=\"elementor-element elementor-element-9bfee28 e-flex e-con-boxed e-con e-parent\" data-id=\"9bfee28\" data-element_type=\"container\" data-e-type=\"container\">\n\t\t\t\t\t<div class=\"e-con-inner\">\n\t\t\t\t<div class=\"elementor-element elementor-element-57406e9 acenter elementor-widget elementor-widget-wgl-double-headings\" data-id=\"57406e9\" data-element_type=\"widget\" data-e-type=\"widget\" data-widget_type=\"wgl-double-headings.default\">\n\t\t\t\t<div class=\"elementor-widget-container\">\n\t\t\t\t\t<div class=\"wgl-double_heading\"><div class=\"dbl__subtitle type-default\"><span class=\"svg_media\"><svg version=\"1.1\" xmlns=\"http:\/\/www.w3.org\/2000\/svg\" xmlns:xlink=\"http:\/\/www.w3.org\/1999\/xlink\" x=\"0px\" y=\"0px\" viewBox=\"0 0 100 13.6\" style=\"enable-background:new 0 0 100 13.6;\" xml:space=\"preserve\"><path class=\"st0\" d=\"M28.8,9.7L33,6.9l4.3,2.9c7.7,5.2,17.7,5.2,25.4,0L67,6.9l4.3,2.9c3.9,2.6,8.3,3.9,12.7,3.9c4.4,0,8.8-1.3,12.7-3.9l3.2-2.1C99.9,6.3,100,5,100,3.7c0-0.6,0-1.1,0-1.7l-0.6-0.9L93.5,5c-5.8,3.9-13.3,3.9-19.1,0L67,0l-7.4,5c-5.8,3.9-13.3,3.9-19.1,0L33,0l-7.4,5C19.8,8.9,12.3,8.9,6.5,5L0.7,1.1L0,2c0,0.6,0,1.1,0,1.7C0,5,0.1,6.3,0.2,7.6l3.2,2.1C11.1,14.9,21,14.9,28.8,9.7z\"\/><\/svg><\/span> <\/div><h3 class=\"dbl__title-wrapper\"><span class=\"dbl__title\">Tous les parcours de formation<\/span><\/h3><\/div>\t\t\t\t<\/div>\n\t\t\t\t<\/div>\n\t\t\t\t<div class=\"elementor-element elementor-element-1add523 elementor-widget elementor-widget-text-editor\" data-id=\"1add523\" data-element_type=\"widget\" data-e-type=\"widget\" data-widget_type=\"text-editor.default\">\n\t\t\t\t\t\t\t\t\tD\u00e9couvrez les cours disponibles, du premier brevet \u00e0 la formation avanc\u00e9e.\t\t\t\t\t\t\t\t<\/div>\n\t\t\t\t\t<\/div>\n\t\t\t\t<\/div>\n\t\t<div class=\"elementor-element elementor-element-c90f9c6 e-con-full e-flex elementor-invisible e-con e-parent\" data-id=\"c90f9c6\" data-element_type=\"container\" data-e-type=\"container\" data-settings=\"{&quot;animation&quot;:&quot;fadeIn&quot;}\">\n\t\t<div class=\"elementor-element elementor-element-a8cbcbf e-con-full elementor-hidden-mobile e-flex e-con e-child\" data-id=\"a8cbcbf\" data-element_type=\"container\" data-e-type=\"container\">\n\t\t\t\t<\/div>\n\t\t<div class=\"elementor-element elementor-element-e699561 e-con-full e-flex e-con e-child\" data-id=\"e699561\" data-element_type=\"container\" data-e-type=\"container\">\n\t\t\t\t<div class=\"elementor-element elementor-element-149aa5b aright animation_lifting elementor-widget-image-box wgl-image-box elementor-widget elementor-widget-wgl-info-box\" data-id=\"149aa5b\" data-element_type=\"widget\" data-e-type=\"widget\" data-widget_type=\"wgl-info-box.default\">\n\t\t\t\t<div class=\"elementor-widget-container\">\n\t\t\t\t\t<a class=\"wgl-infobox__link\" href=\"\/fr\/cours\/cours-recreatifs-de-niveau-initial\/\"><\/a><div class=\"wgl-infobox\"><div class=\"wgl-infobox_wrapper wgl-layout-top\"><div class=\"media-wrapper img-wrapper\"><figure class=\"wgl-image-box_img\"><span ><img fetchpriority=\"high\" decoding=\"async\" width=\"301\" height=\"240\" src=\"https:\/\/www.divinginelba.com\/wp-content\/uploads\/2026\/01\/sub-2.png\" class=\"attachment-full size-full wp-image-7339\" alt=\"\" \/><\/span><\/figure><\/div><div class=\"content_wrapper\"><div class=\"wgl-infobox-title_wrapper\"><h3 class=\"wgl-infobox_title\">Cours r\u00e9cr\u00e9atifs de niveau initial<\/h3><\/div><div class=\"wgl-infobox_content\">Parcours con\u00e7us pour ceux qui d\u00e9couvrent le monde de la plong\u00e9e.<\/div><\/div><\/div><\/div>\t\t\t\t<\/div>\n\t\t\t\t<\/div>\n\t\t\t\t<\/div>\n\t\t<div class=\"elementor-element elementor-element-b56ef0c e-con-full e-flex e-con e-child\" data-id=\"b56ef0c\" data-element_type=\"container\" data-e-type=\"container\">\n\t\t\t\t<div class=\"elementor-element elementor-element-4f4b879 aright animation_lifting elementor-widget-image-box wgl-image-box elementor-widget elementor-widget-wgl-info-box\" data-id=\"4f4b879\" data-element_type=\"widget\" data-e-type=\"widget\" data-widget_type=\"wgl-info-box.default\">\n\t\t\t\t<div class=\"elementor-widget-container\">\n\t\t\t\t\t<a class=\"wgl-infobox__link\" href=\"\/fr\/cours\/cours-recreatifs-avances\/\"><\/a><div class=\"wgl-infobox\"><div class=\"wgl-infobox_wrapper wgl-layout-top\"><div class=\"media-wrapper img-wrapper\"><figure class=\"wgl-image-box_img\"><span ><img decoding=\"async\" width=\"525\" height=\"240\" src=\"https:\/\/www.divinginelba.com\/wp-content\/uploads\/2026\/01\/sub.png\" class=\"attachment-full size-full wp-image-7337\" alt=\"\" srcset=\"https:\/\/www.divinginelba.com\/wp-content\/uploads\/2026\/01\/sub.png 525w, https:\/\/www.divinginelba.com\/wp-content\/uploads\/2026\/01\/sub-300x137.png 300w\" sizes=\"(max-width: 525px) 100vw, 525px\" \/><\/span><\/figure><\/div><div class=\"content_wrapper\"><div class=\"wgl-infobox-title_wrapper\"><h3 class=\"wgl-infobox_title\">Cours r\u00e9cr\u00e9atifs avanc\u00e9s<\/h3><\/div><div class=\"wgl-infobox_content\">Cours destin\u00e9s aux plongeurs d\u00e9j\u00e0 certifi\u00e9s souhaitant \u00e9largir leurs comp\u00e9tences.<\/div><\/div><\/div><\/div>\t\t\t\t<\/div>\n\t\t\t\t<\/div>\n\t\t\t\t<\/div>\n\t\t<div class=\"elementor-element elementor-element-6419c22 e-con-full e-flex e-con e-child\" data-id=\"6419c22\" data-element_type=\"container\" data-e-type=\"container\">\n\t\t\t\t<div class=\"elementor-element elementor-element-d8ebc66 aright animation_lifting elementor-widget-image-box wgl-image-box elementor-widget elementor-widget-wgl-info-box\" data-id=\"d8ebc66\" data-element_type=\"widget\" data-e-type=\"widget\" data-widget_type=\"wgl-info-box.default\">\n\t\t\t\t<div class=\"elementor-widget-container\">\n\t\t\t\t\t<a class=\"wgl-infobox__link\" href=\"\/fr\/cours\/cours-techniques-extended-range\/\"><\/a><div class=\"wgl-infobox\"><div class=\"wgl-infobox_wrapper wgl-layout-left\"><div class=\"media-wrapper img-wrapper\"><figure class=\"wgl-image-box_img\"><span ><img decoding=\"async\" width=\"240\" height=\"290\" src=\"https:\/\/www.divinginelba.com\/wp-content\/uploads\/2026\/01\/sub-3.png\" class=\"attachment-full size-full wp-image-7338\" alt=\"\" \/><\/span><\/figure><\/div><div class=\"content_wrapper\"><div class=\"wgl-infobox-title_wrapper\"><h3 class=\"wgl-infobox_title\">Cours techniques Extended Range<\/h3><\/div><div class=\"wgl-infobox_content\">Formation avanc\u00e9e pour des plong\u00e9es plus exigeantes et plus conscientes.<\/div><\/div><\/div><\/div>\t\t\t\t<\/div>\n\t\t\t\t<\/div>\n\t\t\t\t<\/div>\n\t\t<div class=\"elementor-element elementor-element-ff24310 e-con-full elementor-hidden-mobile e-flex e-con e-child\" data-id=\"ff24310\" data-element_type=\"container\" data-e-type=\"container\">\n\t\t\t\t<\/div>\n\t\t\t\t<\/div>\n\t\t<div class=\"elementor-element elementor-element-13e90dc e-con-full e-flex elementor-invisible e-con e-parent\" data-id=\"13e90dc\" data-element_type=\"container\" data-e-type=\"container\" data-settings=\"{&quot;animation&quot;:&quot;fadeIn&quot;}\">\n\t\t<div class=\"elementor-element elementor-element-2575a80 e-con-full elementor-hidden-mobile e-flex e-con e-child\" data-id=\"2575a80\" data-element_type=\"container\" data-e-type=\"container\">\n\t\t\t\t<\/div>\n\t\t<div class=\"elementor-element elementor-element-f4a97fc e-con-full e-flex e-con e-child\" data-id=\"f4a97fc\" data-element_type=\"container\" data-e-type=\"container\">\n\t\t\t\t<div class=\"elementor-element elementor-element-6421842 aright animation_lifting elementor-widget-image-box wgl-image-box elementor-widget elementor-widget-wgl-info-box\" data-id=\"6421842\" data-element_type=\"widget\" data-e-type=\"widget\" data-widget_type=\"wgl-info-box.default\">\n\t\t\t\t<div class=\"elementor-widget-container\">\n\t\t\t\t\t<a class=\"wgl-infobox__link\" href=\"\/fr\/cours\/cours-dapnee\/\"><\/a><div class=\"wgl-infobox\"><div class=\"wgl-infobox_wrapper wgl-layout-left\"><div class=\"media-wrapper img-wrapper\"><figure class=\"wgl-image-box_img\"><span ><img loading=\"lazy\" decoding=\"async\" width=\"240\" height=\"307\" src=\"https:\/\/www.divinginelba.com\/wp-content\/uploads\/2026\/01\/apnea.png\" class=\"attachment-full size-full wp-image-7342\" alt=\"\" srcset=\"https:\/\/www.divinginelba.com\/wp-content\/uploads\/2026\/01\/apnea.png 240w, https:\/\/www.divinginelba.com\/wp-content\/uploads\/2026\/01\/apnea-235x300.png 235w\" sizes=\"(max-width: 240px) 100vw, 240px\" \/><\/span><\/figure><\/div><div class=\"content_wrapper\"><div class=\"wgl-infobox-title_wrapper\"><h3 class=\"wgl-infobox_title\">Cours d\u2019apn\u00e9e<\/h3><\/div><div class=\"wgl-infobox_content\">Cours d\u00e9di\u00e9s \u00e0 l\u2019apn\u00e9e, du premier contact au perfectionnement.<\/div><\/div><\/div><\/div>\t\t\t\t<\/div>\n\t\t\t\t<\/div>\n\t\t\t\t<\/div>\n\t\t<div class=\"elementor-element elementor-element-7439e80 e-con-full e-flex e-con e-child\" data-id=\"7439e80\" data-element_type=\"container\" data-e-type=\"container\">\n\t\t\t\t<div class=\"elementor-element elementor-element-3209f1c aright animation_lifting elementor-widget-image-box wgl-image-box elementor-widget elementor-widget-wgl-info-box\" data-id=\"3209f1c\" data-element_type=\"widget\" data-e-type=\"widget\" data-widget_type=\"wgl-info-box.default\">\n\t\t\t\t<div class=\"elementor-widget-container\">\n\t\t\t\t\t<a class=\"wgl-infobox__link\" href=\"\/fr\/cours\/cours-pour-enfants\/\"><\/a><div class=\"wgl-infobox\"><div class=\"wgl-infobox_wrapper wgl-layout-top\"><div class=\"media-wrapper img-wrapper\"><figure class=\"wgl-image-box_img\"><span ><img loading=\"lazy\" decoding=\"async\" width=\"349\" height=\"240\" src=\"https:\/\/www.divinginelba.com\/wp-content\/uploads\/2026\/01\/bambino.png\" class=\"attachment-full size-full wp-image-7386\" alt=\"\" srcset=\"https:\/\/www.divinginelba.com\/wp-content\/uploads\/2026\/01\/bambino.png 349w, https:\/\/www.divinginelba.com\/wp-content\/uploads\/2026\/01\/bambino-300x206.png 300w\" sizes=\"(max-width: 349px) 100vw, 349px\" \/><\/span><\/figure><\/div><div class=\"content_wrapper\"><div class=\"wgl-infobox-title_wrapper\"><h3 class=\"wgl-infobox_title\">Cours pour enfants<\/h3><\/div><div class=\"wgl-infobox_content\">Activit\u00e9s p\u00e9dagogiques con\u00e7ues pour les plus jeunes, avec des programmes sp\u00e9cifiques.<\/div><\/div><\/div><\/div>\t\t\t\t<\/div>\n\t\t\t\t<\/div>\n\t\t\t\t<\/div>\n\t\t<div class=\"elementor-element elementor-element-acea6dd e-con-full e-flex e-con e-child\" data-id=\"acea6dd\" data-element_type=\"container\" data-e-type=\"container\">\n\t\t\t\t<div class=\"elementor-element elementor-element-8517699 aright animation_lifting elementor-widget-image-box wgl-image-box elementor-widget elementor-widget-wgl-info-box\" data-id=\"8517699\" data-element_type=\"widget\" data-e-type=\"widget\" data-widget_type=\"wgl-info-box.default\">\n\t\t\t\t<div class=\"elementor-widget-container\">\n\t\t\t\t\t<a class=\"wgl-infobox__link\" href=\"\/fr\/cours\/cours-professionnels\/\"><\/a><div class=\"wgl-infobox\"><div class=\"wgl-infobox_wrapper wgl-layout-top\"><div class=\"media-wrapper img-wrapper\"><figure class=\"wgl-image-box_img\"><span ><img loading=\"lazy\" decoding=\"async\" width=\"304\" height=\"240\" src=\"https:\/\/www.divinginelba.com\/wp-content\/uploads\/2026\/01\/sub-4.png\" class=\"attachment-full size-full wp-image-7385\" alt=\"\" srcset=\"https:\/\/www.divinginelba.com\/wp-content\/uploads\/2026\/01\/sub-4.png 304w, https:\/\/www.divinginelba.com\/wp-content\/uploads\/2026\/01\/sub-4-300x237.png 300w\" sizes=\"(max-width: 304px) 100vw, 304px\" \/><\/span><\/figure><\/div><div class=\"content_wrapper\"><div class=\"wgl-infobox-title_wrapper\"><h3 class=\"wgl-infobox_title\">Cours professionnels<\/h3><\/div><div class=\"wgl-infobox_content\">Parcours destin\u00e9s \u00e0 ceux qui souhaitent transformer leur passion pour la mer en profession<\/div><\/div><\/div><\/div>\t\t\t\t<\/div>\n\t\t\t\t<\/div>\n\t\t\t\t<\/div>\n\t\t<div class=\"elementor-element elementor-element-1a01061 e-con-full elementor-hidden-mobile e-flex e-con e-child\" data-id=\"1a01061\" data-element_type=\"container\" data-e-type=\"container\">\n\t\t\t\t<\/div>\n\t\t\t\t<\/div>\n\t\t\t\t<section class=\"elementor-section elementor-top-section elementor-element elementor-element-39b6568 elementor-section-boxed elementor-section-height-default elementor-section-height-default\" data-id=\"39b6568\" data-element_type=\"section\" data-e-type=\"section\">\n\t\t\t\t\t\t<div class=\"elementor-container elementor-column-gap-no\">\n\t\t\t\t\t<div class=\"elementor-column elementor-col-100 elementor-top-column elementor-element elementor-element-0c03e50\" data-id=\"0c03e50\" data-element_type=\"column\" data-e-type=\"column\">\n\t\t\t<div class=\"elementor-widget-wrap elementor-element-populated\">\n\t\t\t\t\t\t<section class=\"elementor-section elementor-inner-section elementor-element elementor-element-9265be7 elementor-section-boxed elementor-section-height-default elementor-section-height-default\" data-id=\"9265be7\" data-element_type=\"section\" data-e-type=\"section\" data-settings=\"{&quot;background_background&quot;:&quot;classic&quot;}\">\n\t\t\t\t\t\t<div class=\"elementor-container elementor-column-gap-no\">\n\t\t\t\t\t<div class=\"elementor-column elementor-col-33 elementor-inner-column elementor-element elementor-element-0ab2830\" data-id=\"0ab2830\" data-element_type=\"column\" data-e-type=\"column\" data-settings=\"{&quot;background_background&quot;:&quot;classic&quot;}\">\n\t\t\t<div class=\"elementor-widget-wrap elementor-element-populated\">\n\t\t\t\t\t\t<div class=\"elementor-element elementor-element-2e7ffe8 elementor-widget elementor-widget-spacer\" data-id=\"2e7ffe8\" data-element_type=\"widget\" data-e-type=\"widget\" data-widget_type=\"spacer.default\">\n\t\t\t\t\t\t\t<div class=\"elementor-spacer\">\n\t\t\t<div class=\"elementor-spacer-inner\"><\/div>\n\t\t<\/div>\n\t\t\t\t\t\t<\/div>\n\t\t\t\t\t<\/div>\n\t\t<\/div>\n\t\t\t\t<div class=\"elementor-column elementor-col-33 elementor-inner-column elementor-element elementor-element-88965cf\" data-id=\"88965cf\" data-element_type=\"column\" data-e-type=\"column\">\n\t\t\t<div class=\"elementor-widget-wrap elementor-element-populated\">\n\t\t\t\t\t\t<div class=\"elementor-element elementor-element-d454c10 elementor-view-stacked elementor-widget__width-initial aleft elementor-widget-icon-box wgl-icon-box elementor-shape-circle elementor-widget elementor-widget-wgl-info-box\" data-id=\"d454c10\" data-element_type=\"widget\" data-e-type=\"widget\" data-widget_type=\"wgl-info-box.default\">\n\t\t\t\t<div class=\"elementor-widget-container\">\n\t\t\t\t\t<a class=\"wgl-infobox__link\" href=\"tel:+393473715788\"><\/a><div class=\"wgl-infobox\"><div class=\"wgl-infobox_wrapper wgl-layout-top\"><div class=\"media-wrapper icon-wrapper\"><span class=\"wgl-icon\" ><i class=\"icon elementor-icon flaticon flaticon-phone-2\" aria-hidden=\"true\"><\/i><\/span><\/div><div class=\"content_wrapper\"><div class=\"wgl-infobox-title_wrapper\"><\/div><\/div><\/div><\/div>\t\t\t\t<\/div>\n\t\t\t\t<\/div>\n\t\t\t\t\t<\/div>\n\t\t<\/div>\n\t\t\t\t<div class=\"elementor-column elementor-col-33 elementor-inner-column elementor-element elementor-element-14ea7f5\" data-id=\"14ea7f5\" data-element_type=\"column\" data-e-type=\"column\" data-settings=\"{&quot;background_background&quot;:&quot;classic&quot;}\">\n\t\t\t<div class=\"elementor-widget-wrap elementor-element-populated\">\n\t\t\t\t\t\t<div class=\"elementor-element elementor-element-f2a4952 elementor-widget elementor-widget-text-editor\" data-id=\"f2a4952\" data-element_type=\"widget\" data-e-type=\"widget\" data-widget_type=\"text-editor.default\">\n\t\t\t\t\t\t\t\t\t<p style=\"margin-bottom: 0px;\"><span style=\"color: #ffffff; font-size: 30px;\">Questions ?\n\u00c9crivez-nous<\/span> <span style=\"color: #d80019;\" class=\"additional-font\"><a href=\"https:\/\/wa.me\/393473715788\" target=\"_blank\" rel=\"noopener\">+39 347 3715788<\/a> <\/span><\/p>\t\t\t\t\t\t\t\t<\/div>\n\t\t\t\t\t<\/div>\n\t\t<\/div>\n\t\t\t\t\t<\/div>\n\t\t<\/section>\n\t\t\t\t\t<\/div>\n\t\t<\/div>\n\t\t\t\t\t<\/div>\n\t\t<\/section>\n\t\t\t\t<section class=\"elementor-section elementor-top-section elementor-element elementor-element-244f7ad elementor-section-boxed elementor-section-height-default elementor-section-height-default\" data-id=\"244f7ad\" data-element_type=\"section\" data-e-type=\"section\">\n\t\t\t\t\t\t<div class=\"elementor-container elementor-column-gap-default\">\n\t\t\t\t\t<div class=\"elementor-column elementor-col-100 elementor-top-column elementor-element elementor-element-0be7d81\" data-id=\"0be7d81\" data-element_type=\"column\" data-e-type=\"column\">\n\t\t\t<div class=\"elementor-widget-wrap elementor-element-populated\">\n\t\t\t\t\t\t<div class=\"elementor-element elementor-element-c907efc elementor-widget elementor-widget-spacer\" data-id=\"c907efc\" data-element_type=\"widget\" data-e-type=\"widget\" data-widget_type=\"spacer.default\">\n\t\t\t\t\t\t\t<div class=\"elementor-spacer\">\n\t\t\t<div class=\"elementor-spacer-inner\"><\/div>\n\t\t<\/div>\n\t\t\t\t\t\t<\/div>\n\t\t\t\t\t<\/div>\n\t\t<\/div>\n\t\t\t\t\t<\/div>\n\t\t<\/section>\n\t\t\t\t<\/div>\n\t\t","protected":false},"excerpt":{"rendered":"<p>Programme Explorers Le programme Explorers permet aux enfants, d\u00e8s 6 ans, de plonger et d\u2019explorer le monde aquatique qui les entoure. Ils acquerront une base solide en mati\u00e8re de protection des oc\u00e9ans et auront l\u2019opportunit\u00e9 de d\u00e9couvrir quatre grandes aventures aquatiques : snorkeling, scuba diving, freediving et mermaid. Les Explorers SSI peuvent \u00e9galement obtenir de [&hellip;]<\/p>\n","protected":false},"author":2,"featured_media":0,"parent":13331,"menu_order":0,"comment_status":"closed","ping_status":"closed","template":"","meta":{"footnotes":""},"class_list":["post-13337","page","type-page","status-publish","hentry"],"_links":{"self":[{"href":"https:\/\/www.divinginelba.com\/fr\/wp-json\/wp\/v2\/pages\/13337","targetHints":{"allow":["GET"]}}],"collection":[{"href":"https:\/\/www.divinginelba.com\/fr\/wp-json\/wp\/v2\/pages"}],"about":[{"href":"https:\/\/www.divinginelba.com\/fr\/wp-json\/wp\/v2\/types\/page"}],"author":[{"embeddable":true,"href":"https:\/\/www.divinginelba.com\/fr\/wp-json\/wp\/v2\/users\/2"}],"replies":[{"embeddable":true,"href":"https:\/\/www.divinginelba.com\/fr\/wp-json\/wp\/v2\/comments?post=13337"}],"version-history":[{"count":6,"href":"https:\/\/www.divinginelba.com\/fr\/wp-json\/wp\/v2\/pages\/13337\/revisions"}],"predecessor-version":[{"id":18092,"href":"https:\/\/www.divinginelba.com\/fr\/wp-json\/wp\/v2\/pages\/13337\/revisions\/18092"}],"up":[{"embeddable":true,"href":"https:\/\/www.divinginelba.com\/fr\/wp-json\/wp\/v2\/pages\/13331"}],"wp:attachment":[{"href":"https:\/\/www.divinginelba.com\/fr\/wp-json\/wp\/v2\/media?parent=13337"}],"curies":[{"name":"wp","href":"https:\/\/api.w.org\/{rel}","templated":true}]}}