{"id":13378,"date":"2025-12-23T10:51:52","date_gmt":"2025-12-23T09:51:52","guid":{"rendered":"http:\/\/divinginelba.youelba.com\/escursioni\/escursioni-private\/"},"modified":"2026-02-21T12:19:27","modified_gmt":"2026-02-21T11:19:27","slug":"excursions-privees","status":"publish","type":"page","link":"https:\/\/www.divinginelba.com\/fr\/excursions\/excursions-privees\/","title":{"rendered":"Excursions priv\u00e9es"},"content":{"rendered":"\t\t<div data-elementor-type=\"wp-page\" data-elementor-id=\"13378\" class=\"elementor elementor-13378 elementor-4648\">\n\t\t\t\t\t\t<section class=\"elementor-section elementor-top-section elementor-element elementor-element-cb8473f animated-slow elementor-section-boxed elementor-section-height-default elementor-section-height-default elementor-invisible\" data-id=\"cb8473f\" data-element_type=\"section\" data-e-type=\"section\" data-settings=\"{&quot;background_background&quot;:&quot;classic&quot;,&quot;animation&quot;:&quot;fadeIn&quot;}\">\n\t\t\t\t\t\t<div class=\"elementor-container elementor-column-gap-narrow\">\n\t\t\t\t\t<div class=\"elementor-column elementor-col-100 elementor-top-column elementor-element elementor-element-a067189\" data-id=\"a067189\" data-element_type=\"column\" data-e-type=\"column\">\n\t\t\t<div class=\"elementor-widget-wrap elementor-element-populated\">\n\t\t\t\t<div class=\"elementor-element elementor-element-195c607 e-flex e-con-boxed e-con e-parent\" data-id=\"195c607\" data-element_type=\"container\" data-e-type=\"container\">\n\t\t\t\t\t<div class=\"e-con-inner\">\n\t\t\t\t<div class=\"elementor-element elementor-element-89e5f5d aleft elementor-widget elementor-widget-wgl-double-headings\" data-id=\"89e5f5d\" data-element_type=\"widget\" data-e-type=\"widget\" data-widget_type=\"wgl-double-headings.default\">\n\t\t\t\t<div class=\"elementor-widget-container\">\n\t\t\t\t\t<div class=\"wgl-double_heading\"><div class=\"dbl__subtitle type-default\"><span class=\"svg_media\"><svg version=\"1.1\" xmlns=\"http:\/\/www.w3.org\/2000\/svg\" xmlns:xlink=\"http:\/\/www.w3.org\/1999\/xlink\" x=\"0px\" y=\"0px\" viewBox=\"0 0 100 13.6\" style=\"enable-background:new 0 0 100 13.6;\" xml:space=\"preserve\"><path class=\"st0\" d=\"M28.8,9.7L33,6.9l4.3,2.9c7.7,5.2,17.7,5.2,25.4,0L67,6.9l4.3,2.9c3.9,2.6,8.3,3.9,12.7,3.9c4.4,0,8.8-1.3,12.7-3.9l3.2-2.1C99.9,6.3,100,5,100,3.7c0-0.6,0-1.1,0-1.7l-0.6-0.9L93.5,5c-5.8,3.9-13.3,3.9-19.1,0L67,0l-7.4,5c-5.8,3.9-13.3,3.9-19.1,0L33,0l-7.4,5C19.8,8.9,12.3,8.9,6.5,5L0.7,1.1L0,2c0,0.6,0,1.1,0,1.7C0,5,0.1,6.3,0.2,7.6l3.2,2.1C11.1,14.9,21,14.9,28.8,9.7z\"\/><\/svg><\/span> <\/div><h3 class=\"dbl__title-wrapper\"><span class=\"dbl__title\">R\u00e9servez un bateau en exclusivit\u00e9<\/span><\/h3><\/div>\t\t\t\t<\/div>\n\t\t\t\t<\/div>\n\t\t\t\t<div class=\"elementor-element elementor-element-c0ae0d2 elementor-widget elementor-widget-text-editor\" data-id=\"c0ae0d2\" data-element_type=\"widget\" data-e-type=\"widget\" data-widget_type=\"text-editor.default\">\n\t\t\t\t\t\t\t\t\tPossibilit\u00e9 d\u2019organiser des excursions priv\u00e9es avec des services exclusifs pour les clients les plus exigeants. Plong\u00e9es techniques ou r\u00e9cr\u00e9atives, snorkeling ou apn\u00e9e dans un cadre intime. R\u00e9servez un bateau rien que pour vous : un \u00e9quipage sera enti\u00e8rement d\u00e9di\u00e9 \u00e0 vos besoins.\t\t\t\t\t\t\t\t<\/div>\n\t\t<div class=\"elementor-element elementor-element-74cd528 e-con-full e-flex e-con e-child\" data-id=\"74cd528\" data-element_type=\"container\" data-e-type=\"container\">\n\t\t\t\t<div class=\"elementor-element elementor-element-3afa790 elementor-widget__width-auto elementor-absolute elementor-widget elementor-widget-image\" data-id=\"3afa790\" data-element_type=\"widget\" data-e-type=\"widget\" data-settings=\"{&quot;_position&quot;:&quot;absolute&quot;}\" data-widget_type=\"image.default\">\n\t\t\t\t\t\t\t\t\t\t\t\t\t\t\t<img decoding=\"async\" src=\"https:\/\/www.divinginelba.com\/wp-content\/uploads\/elementor\/thumbs\/cavalluccio_filigrana-rid0qximq1t9eb9xn0ma926ilbk4dc84vn6iy3oveo.png\" title=\"cavalluccio_filigrana\" alt=\"cavalluccio_filigrana\" loading=\"lazy\" \/>\t\t\t\t\t\t\t\t\t\t\t\t\t\t\t<\/div>\n\t\t\t\t<\/div>\n\t\t<div class=\"elementor-element elementor-element-7eca8ae e-con-full e-flex e-con e-child\" data-id=\"7eca8ae\" data-element_type=\"container\" data-e-type=\"container\">\n\t\t\t\t<div class=\"elementor-element elementor-element-880c3f1 elementor-widget elementor-widget-heading\" data-id=\"880c3f1\" data-element_type=\"widget\" data-e-type=\"widget\" data-widget_type=\"heading.default\">\n\t\t\t\t\t<h6 class=\"elementor-heading-title elementor-size-default\">Contactez-nous pour organiser votre excursion. R\u00e9servez votre bateau en exclusivit\u00e9 !<\/h6>\t\t\t\t<\/div>\n\t\t\t\t<div class=\"elementor-element elementor-element-a7fb092 aright a-mobileleft a-tabletleft elementor-widget-icon-box wgl-icon-box elementor-widget elementor-widget-wgl-button\" data-id=\"a7fb092\" data-element_type=\"widget\" data-e-type=\"widget\" data-widget_type=\"wgl-button.default\">\n\t\t\t\t<div class=\"elementor-widget-container\">\n\t\t\t\t\t<div class=\"button-wrapper\"><a  class=\"wgl-button btn-size-lg \" role=\"button\" href=\"https:\/\/wa.me\/393473715788\" target=\"_blank\"><span class=\"morph_element theme_mode\"><\/span><div class=\"button-content-wrapper align-icon-right\"><div class=\"media-wrapper icon-wrapper\"><span class=\"wgl-icon\" ><i class=\"icon elementor-icon flaticon flaticon-arrow-right\" aria-hidden=\"true\"><\/i><\/span><\/div><span class=\"wgl-button-text\">Contactez-nous<\/span><\/div><\/a><\/div>\t\t\t\t<\/div>\n\t\t\t\t<\/div>\n\t\t\t\t<\/div>\n\t\t\t\t\t<\/div>\n\t\t\t\t<\/div>\n\t\t\t\t\t<\/div>\n\t\t<\/div>\n\t\t\t\t\t<\/div>\n\t\t<\/section>\n\t\t<div class=\"elementor-element elementor-element-c0c0024 e-flex e-con-boxed e-con e-parent\" data-id=\"c0c0024\" data-element_type=\"container\" data-e-type=\"container\">\n\t\t\t\t\t<div class=\"e-con-inner\">\n\t\t\t\t<div class=\"elementor-element elementor-element-581ef40 acenter elementor-widget elementor-widget-wgl-double-headings\" data-id=\"581ef40\" data-element_type=\"widget\" data-e-type=\"widget\" data-widget_type=\"wgl-double-headings.default\">\n\t\t\t\t<div class=\"elementor-widget-container\">\n\t\t\t\t\t<div class=\"wgl-double_heading\"><div class=\"dbl__subtitle type-default\"><span class=\"svg_media\"><svg version=\"1.1\" xmlns=\"http:\/\/www.w3.org\/2000\/svg\" xmlns:xlink=\"http:\/\/www.w3.org\/1999\/xlink\" x=\"0px\" y=\"0px\" viewBox=\"0 0 100 13.6\" style=\"enable-background:new 0 0 100 13.6;\" xml:space=\"preserve\"><path class=\"st0\" d=\"M28.8,9.7L33,6.9l4.3,2.9c7.7,5.2,17.7,5.2,25.4,0L67,6.9l4.3,2.9c3.9,2.6,8.3,3.9,12.7,3.9c4.4,0,8.8-1.3,12.7-3.9l3.2-2.1C99.9,6.3,100,5,100,3.7c0-0.6,0-1.1,0-1.7l-0.6-0.9L93.5,5c-5.8,3.9-13.3,3.9-19.1,0L67,0l-7.4,5c-5.8,3.9-13.3,3.9-19.1,0L33,0l-7.4,5C19.8,8.9,12.3,8.9,6.5,5L0.7,1.1L0,2c0,0.6,0,1.1,0,1.7C0,5,0.1,6.3,0.2,7.6l3.2,2.1C11.1,14.9,21,14.9,28.8,9.7z\"\/><\/svg><\/span> <\/div><h3 class=\"dbl__title-wrapper\"><span class=\"dbl__title\">Toutes les exp\u00e9riences \u00e0 vivre sous l\u2019eau<\/span><\/h3><\/div>\t\t\t\t<\/div>\n\t\t\t\t<\/div>\n\t\t\t\t<div class=\"elementor-element elementor-element-42a60ea elementor-widget elementor-widget-text-editor\" data-id=\"42a60ea\" data-element_type=\"widget\" data-e-type=\"widget\" data-widget_type=\"text-editor.default\">\n\t\t\t\t\t\t\t\t\tD\u00e9couvrez toutes les typologies d\u2019excursions et de plong\u00e9es disponibles\t\t\t\t\t\t\t\t<\/div>\n\t\t\t\t\t<\/div>\n\t\t\t\t<\/div>\n\t\t<div class=\"elementor-element elementor-element-f6858e9 e-con-full e-flex elementor-invisible e-con e-parent\" data-id=\"f6858e9\" data-element_type=\"container\" data-e-type=\"container\" data-settings=\"{&quot;animation&quot;:&quot;fadeIn&quot;}\">\n\t\t<div class=\"elementor-element elementor-element-8d96cf3 e-con-full e-flex e-con e-child\" data-id=\"8d96cf3\" data-element_type=\"container\" data-e-type=\"container\">\n\t\t\t\t<div class=\"elementor-element elementor-element-eebc9cc aright animation_lifting elementor-widget-image-box wgl-image-box elementor-widget elementor-widget-wgl-info-box\" data-id=\"eebc9cc\" data-element_type=\"widget\" data-e-type=\"widget\" data-widget_type=\"wgl-info-box.default\">\n\t\t\t\t<div class=\"elementor-widget-container\">\n\t\t\t\t\t<a class=\"wgl-infobox__link\" href=\"\/fr\/excursions\/snorkeling\/\"><\/a><div class=\"wgl-infobox\"><div class=\"wgl-infobox_wrapper wgl-layout-top\"><div class=\"media-wrapper img-wrapper\"><figure class=\"wgl-image-box_img\"><span ><img decoding=\"async\" src=\"https:\/\/www.divinginelba.com\/wp-content\/uploads\/2026\/01\/snorkeling-2.png\" title=\"\" alt=\"\" loading=\"lazy\" \/><\/span><\/figure><\/div><div class=\"content_wrapper\"><div class=\"wgl-infobox-title_wrapper\"><h3 class=\"wgl-infobox_title\">Snorkeling<\/h3><\/div><div class=\"wgl-infobox_content\">Excursions guid\u00e9es en surface, id\u00e9ales pour explorer criques et fonds marins de mani\u00e8re simple et relaxante.<\/div><\/div><\/div><\/div>\t\t\t\t<\/div>\n\t\t\t\t<\/div>\n\t\t\t\t<\/div>\n\t\t<div class=\"elementor-element elementor-element-8390c9b e-con-full e-flex e-con e-child\" data-id=\"8390c9b\" data-element_type=\"container\" data-e-type=\"container\">\n\t\t\t\t<div class=\"elementor-element elementor-element-cbf4098 aright animation_lifting elementor-widget-image-box wgl-image-box elementor-widget elementor-widget-wgl-info-box\" data-id=\"cbf4098\" data-element_type=\"widget\" data-e-type=\"widget\" data-widget_type=\"wgl-info-box.default\">\n\t\t\t\t<div class=\"elementor-widget-container\">\n\t\t\t\t\t<a class=\"wgl-infobox__link\" href=\"\/fr\/excursions\/plongees-recreatives\/\"><\/a><div class=\"wgl-infobox\"><div class=\"wgl-infobox_wrapper wgl-layout-top\"><div class=\"media-wrapper img-wrapper\"><figure class=\"wgl-image-box_img\"><span ><img fetchpriority=\"high\" decoding=\"async\" width=\"301\" height=\"240\" src=\"https:\/\/www.divinginelba.com\/wp-content\/uploads\/2026\/01\/sub-2.png\" class=\"attachment-full size-full wp-image-7339\" alt=\"\" \/><\/span><\/figure><\/div><div class=\"content_wrapper\"><div class=\"wgl-infobox-title_wrapper\"><h3 class=\"wgl-infobox_title\">Plong\u00e9es r\u00e9cr\u00e9atives<\/h3><\/div><div class=\"wgl-infobox_content\">Plong\u00e9es \u00e0 la d\u00e9couverte des fonds les plus fascinants de l\u2019\u00eele d\u2019Elbe.<\/div><\/div><\/div><\/div>\t\t\t\t<\/div>\n\t\t\t\t<\/div>\n\t\t\t\t<\/div>\n\t\t<div class=\"elementor-element elementor-element-a52dc53 e-con-full e-flex e-con e-child\" data-id=\"a52dc53\" data-element_type=\"container\" data-e-type=\"container\">\n\t\t\t\t<div class=\"elementor-element elementor-element-ad619d6 aright animation_lifting elementor-widget-image-box wgl-image-box elementor-widget elementor-widget-wgl-info-box\" data-id=\"ad619d6\" data-element_type=\"widget\" data-e-type=\"widget\" data-widget_type=\"wgl-info-box.default\">\n\t\t\t\t<div class=\"elementor-widget-container\">\n\t\t\t\t\t<a class=\"wgl-infobox__link\" href=\"\/fr\/excursions\/plongees-techniques\/\"><\/a><div class=\"wgl-infobox\"><div class=\"wgl-infobox_wrapper wgl-layout-top\"><div class=\"media-wrapper img-wrapper\"><figure class=\"wgl-image-box_img\"><span ><img decoding=\"async\" width=\"525\" height=\"240\" src=\"https:\/\/www.divinginelba.com\/wp-content\/uploads\/2026\/01\/sub.png\" class=\"attachment-full size-full wp-image-7337\" alt=\"\" srcset=\"https:\/\/www.divinginelba.com\/wp-content\/uploads\/2026\/01\/sub.png 525w, https:\/\/www.divinginelba.com\/wp-content\/uploads\/2026\/01\/sub-300x137.png 300w\" sizes=\"(max-width: 525px) 100vw, 525px\" \/><\/span><\/figure><\/div><div class=\"content_wrapper\"><div class=\"wgl-infobox-title_wrapper\"><h3 class=\"wgl-infobox_title\">Plong\u00e9es techniques<\/h3><\/div><div class=\"wgl-infobox_content\">Plong\u00e9es avanc\u00e9es avec des profils plus exigeants et des environnements sp\u00e9cifiques.<\/div><\/div><\/div><\/div>\t\t\t\t<\/div>\n\t\t\t\t<\/div>\n\t\t\t\t<\/div>\n\t\t<div class=\"elementor-element elementor-element-d722199 e-con-full e-flex e-con e-child\" data-id=\"d722199\" data-element_type=\"container\" data-e-type=\"container\">\n\t\t\t\t<div class=\"elementor-element elementor-element-91d2da9 aright animation_lifting elementor-widget-image-box wgl-image-box elementor-widget elementor-widget-wgl-info-box\" data-id=\"91d2da9\" data-element_type=\"widget\" data-e-type=\"widget\" data-widget_type=\"wgl-info-box.default\">\n\t\t\t\t<div class=\"elementor-widget-container\">\n\t\t\t\t\t<a class=\"wgl-infobox__link\" href=\"\/fr\/excursions\/apnee\/\"><\/a><div class=\"wgl-infobox\"><div class=\"wgl-infobox_wrapper wgl-layout-left\"><div class=\"media-wrapper img-wrapper\"><figure class=\"wgl-image-box_img\"><span ><img decoding=\"async\" width=\"240\" height=\"307\" src=\"https:\/\/www.divinginelba.com\/wp-content\/uploads\/2026\/01\/apnea.png\" class=\"attachment-full size-full wp-image-7342\" alt=\"\" srcset=\"https:\/\/www.divinginelba.com\/wp-content\/uploads\/2026\/01\/apnea.png 240w, https:\/\/www.divinginelba.com\/wp-content\/uploads\/2026\/01\/apnea-235x300.png 235w\" sizes=\"(max-width: 240px) 100vw, 240px\" \/><\/span><\/figure><\/div><div class=\"content_wrapper\"><div class=\"wgl-infobox-title_wrapper\"><h3 class=\"wgl-infobox_title\">Apn\u00e9e<\/h3><\/div><div class=\"wgl-infobox_content\">Activit\u00e9s en apn\u00e9e pour d\u00e9couvrir la mer de mani\u00e8re essentielle et consciente.<\/div><\/div><\/div><\/div>\t\t\t\t<\/div>\n\t\t\t\t<\/div>\n\t\t\t\t<\/div>\n\t\t<div class=\"elementor-element elementor-element-3068e6a e-con-full e-flex e-con e-child\" data-id=\"3068e6a\" data-element_type=\"container\" data-e-type=\"container\">\n\t\t\t\t<div class=\"elementor-element elementor-element-faa1c6c aright animation_lifting elementor-widget-image-box wgl-image-box elementor-widget elementor-widget-wgl-info-box\" data-id=\"faa1c6c\" data-element_type=\"widget\" data-e-type=\"widget\" data-widget_type=\"wgl-info-box.default\">\n\t\t\t\t<div class=\"elementor-widget-container\">\n\t\t\t\t\t<a class=\"wgl-infobox__link\" href=\"\/fr\/excursions\/excursions-privees\/\"><\/a><div class=\"wgl-infobox\"><div class=\"wgl-infobox_wrapper wgl-layout-left\"><div class=\"media-wrapper img-wrapper\"><figure class=\"wgl-image-box_img\"><span ><img loading=\"lazy\" decoding=\"async\" width=\"240\" height=\"290\" src=\"https:\/\/www.divinginelba.com\/wp-content\/uploads\/2026\/01\/sub-3.png\" class=\"attachment-full size-full wp-image-7338\" alt=\"\" \/><\/span><\/figure><\/div><div class=\"content_wrapper\"><div class=\"wgl-infobox-title_wrapper\"><h3 class=\"wgl-infobox_title\">Excursions priv\u00e9es<\/h3><\/div><div class=\"wgl-infobox_content\">Sorties en mer pour ceux qui souhaitent vivre une exp\u00e9rience sur mesure.<\/div><\/div><\/div><\/div>\t\t\t\t<\/div>\n\t\t\t\t<\/div>\n\t\t\t\t<\/div>\n\t\t\t\t<\/div>\n\t\t\t\t<section class=\"elementor-section elementor-top-section elementor-element elementor-element-4d8101a elementor-section-boxed elementor-section-height-default elementor-section-height-default\" data-id=\"4d8101a\" data-element_type=\"section\" data-e-type=\"section\">\n\t\t\t\t\t\t<div class=\"elementor-container elementor-column-gap-default\">\n\t\t\t\t\t<div class=\"elementor-column elementor-col-100 elementor-top-column elementor-element elementor-element-6ca602f\" data-id=\"6ca602f\" data-element_type=\"column\" data-e-type=\"column\">\n\t\t\t<div class=\"elementor-widget-wrap elementor-element-populated\">\n\t\t\t\t\t\t<div class=\"elementor-element elementor-element-442d0a4 elementor-widget elementor-widget-spacer\" data-id=\"442d0a4\" data-element_type=\"widget\" data-e-type=\"widget\" data-widget_type=\"spacer.default\">\n\t\t\t\t\t\t\t<div class=\"elementor-spacer\">\n\t\t\t<div class=\"elementor-spacer-inner\"><\/div>\n\t\t<\/div>\n\t\t\t\t\t\t<\/div>\n\t\t\t\t\t<\/div>\n\t\t<\/div>\n\t\t\t\t\t<\/div>\n\t\t<\/section>\n\t\t\t\t<section class=\"elementor-section elementor-top-section elementor-element elementor-element-7c97a47 elementor-section-boxed elementor-section-height-default elementor-section-height-default\" data-id=\"7c97a47\" data-element_type=\"section\" data-e-type=\"section\">\n\t\t\t\t\t\t<div class=\"elementor-container elementor-column-gap-no\">\n\t\t\t\t\t<div class=\"elementor-column elementor-col-100 elementor-top-column elementor-element elementor-element-1118f8a\" data-id=\"1118f8a\" data-element_type=\"column\" data-e-type=\"column\">\n\t\t\t<div class=\"elementor-widget-wrap elementor-element-populated\">\n\t\t\t\t\t\t<section class=\"elementor-section elementor-inner-section elementor-element elementor-element-625ffbd elementor-section-boxed elementor-section-height-default elementor-section-height-default\" data-id=\"625ffbd\" data-element_type=\"section\" data-e-type=\"section\" data-settings=\"{&quot;background_background&quot;:&quot;classic&quot;}\">\n\t\t\t\t\t\t<div class=\"elementor-container elementor-column-gap-no\">\n\t\t\t\t\t<div class=\"elementor-column elementor-col-33 elementor-inner-column elementor-element elementor-element-333fb04\" data-id=\"333fb04\" data-element_type=\"column\" data-e-type=\"column\" data-settings=\"{&quot;background_background&quot;:&quot;classic&quot;}\">\n\t\t\t<div class=\"elementor-widget-wrap elementor-element-populated\">\n\t\t\t\t\t\t<div class=\"elementor-element elementor-element-bd46661 elementor-widget elementor-widget-spacer\" data-id=\"bd46661\" data-element_type=\"widget\" data-e-type=\"widget\" data-widget_type=\"spacer.default\">\n\t\t\t\t\t\t\t<div class=\"elementor-spacer\">\n\t\t\t<div class=\"elementor-spacer-inner\"><\/div>\n\t\t<\/div>\n\t\t\t\t\t\t<\/div>\n\t\t\t\t\t<\/div>\n\t\t<\/div>\n\t\t\t\t<div class=\"elementor-column elementor-col-33 elementor-inner-column elementor-element elementor-element-6775f13\" data-id=\"6775f13\" data-element_type=\"column\" data-e-type=\"column\">\n\t\t\t<div class=\"elementor-widget-wrap elementor-element-populated\">\n\t\t\t\t\t\t<div class=\"elementor-element elementor-element-b49f3bd elementor-view-stacked elementor-widget__width-initial aleft elementor-widget-icon-box wgl-icon-box elementor-shape-circle elementor-widget elementor-widget-wgl-info-box\" data-id=\"b49f3bd\" data-element_type=\"widget\" data-e-type=\"widget\" data-widget_type=\"wgl-info-box.default\">\n\t\t\t\t<div class=\"elementor-widget-container\">\n\t\t\t\t\t<a class=\"wgl-infobox__link\" href=\"tel:+393473715788\"><\/a><div class=\"wgl-infobox\"><div class=\"wgl-infobox_wrapper wgl-layout-top\"><div class=\"media-wrapper icon-wrapper\"><span class=\"wgl-icon\" ><i class=\"icon elementor-icon flaticon flaticon-phone-2\" aria-hidden=\"true\"><\/i><\/span><\/div><div class=\"content_wrapper\"><div class=\"wgl-infobox-title_wrapper\"><\/div><\/div><\/div><\/div>\t\t\t\t<\/div>\n\t\t\t\t<\/div>\n\t\t\t\t\t<\/div>\n\t\t<\/div>\n\t\t\t\t<div class=\"elementor-column elementor-col-33 elementor-inner-column elementor-element elementor-element-9d5a5d9\" data-id=\"9d5a5d9\" data-element_type=\"column\" data-e-type=\"column\" data-settings=\"{&quot;background_background&quot;:&quot;classic&quot;}\">\n\t\t\t<div class=\"elementor-widget-wrap elementor-element-populated\">\n\t\t\t\t\t\t<div class=\"elementor-element elementor-element-af7b8a7 elementor-widget elementor-widget-text-editor\" data-id=\"af7b8a7\" data-element_type=\"widget\" data-e-type=\"widget\" data-widget_type=\"text-editor.default\">\n\t\t\t\t\t\t\t\t\t<p style=\"margin-bottom: 0px;\"><span style=\"color: #ffffff; font-size: 30px;\">Questions ?\n\u00c9crivez-nous<\/span> <span style=\"color: #d80019;\" class=\"additional-font\"><a href=\"https:\/\/wa.me\/393473715788\" target=\"_blank\" rel=\"noopener\">+39 347 3715788<\/a> <\/span><\/p>\t\t\t\t\t\t\t\t<\/div>\n\t\t\t\t\t<\/div>\n\t\t<\/div>\n\t\t\t\t\t<\/div>\n\t\t<\/section>\n\t\t\t\t\t<\/div>\n\t\t<\/div>\n\t\t\t\t\t<\/div>\n\t\t<\/section>\n\t\t\t\t<section class=\"elementor-section elementor-top-section elementor-element elementor-element-244f7ad elementor-section-boxed elementor-section-height-default elementor-section-height-default\" data-id=\"244f7ad\" data-element_type=\"section\" data-e-type=\"section\">\n\t\t\t\t\t\t<div class=\"elementor-container elementor-column-gap-default\">\n\t\t\t\t\t<div class=\"elementor-column elementor-col-100 elementor-top-column elementor-element elementor-element-0be7d81\" data-id=\"0be7d81\" data-element_type=\"column\" data-e-type=\"column\">\n\t\t\t<div class=\"elementor-widget-wrap elementor-element-populated\">\n\t\t\t\t\t\t<div class=\"elementor-element elementor-element-c907efc elementor-widget elementor-widget-spacer\" data-id=\"c907efc\" data-element_type=\"widget\" data-e-type=\"widget\" data-widget_type=\"spacer.default\">\n\t\t\t\t\t\t\t<div class=\"elementor-spacer\">\n\t\t\t<div class=\"elementor-spacer-inner\"><\/div>\n\t\t<\/div>\n\t\t\t\t\t\t<\/div>\n\t\t\t\t\t<\/div>\n\t\t<\/div>\n\t\t\t\t\t<\/div>\n\t\t<\/section>\n\t\t\t\t<\/div>\n\t\t","protected":false},"excerpt":{"rendered":"<p>R\u00e9servez un bateau en exclusivit\u00e9 Possibilit\u00e9 d\u2019organiser des excursions priv\u00e9es avec des services exclusifs pour les clients les plus exigeants. Plong\u00e9es techniques ou r\u00e9cr\u00e9atives, snorkeling ou apn\u00e9e dans un cadre intime. R\u00e9servez un bateau rien que pour vous : un \u00e9quipage sera enti\u00e8rement d\u00e9di\u00e9 \u00e0 vos besoins. Contactez-nous pour organiser votre excursion. R\u00e9servez votre bateau [&hellip;]<\/p>\n","protected":false},"author":2,"featured_media":0,"parent":13371,"menu_order":0,"comment_status":"closed","ping_status":"closed","template":"","meta":{"footnotes":""},"class_list":["post-13378","page","type-page","status-publish","hentry"],"_links":{"self":[{"href":"https:\/\/www.divinginelba.com\/fr\/wp-json\/wp\/v2\/pages\/13378","targetHints":{"allow":["GET"]}}],"collection":[{"href":"https:\/\/www.divinginelba.com\/fr\/wp-json\/wp\/v2\/pages"}],"about":[{"href":"https:\/\/www.divinginelba.com\/fr\/wp-json\/wp\/v2\/types\/page"}],"author":[{"embeddable":true,"href":"https:\/\/www.divinginelba.com\/fr\/wp-json\/wp\/v2\/users\/2"}],"replies":[{"embeddable":true,"href":"https:\/\/www.divinginelba.com\/fr\/wp-json\/wp\/v2\/comments?post=13378"}],"version-history":[{"count":5,"href":"https:\/\/www.divinginelba.com\/fr\/wp-json\/wp\/v2\/pages\/13378\/revisions"}],"predecessor-version":[{"id":16479,"href":"https:\/\/www.divinginelba.com\/fr\/wp-json\/wp\/v2\/pages\/13378\/revisions\/16479"}],"up":[{"embeddable":true,"href":"https:\/\/www.divinginelba.com\/fr\/wp-json\/wp\/v2\/pages\/13371"}],"wp:attachment":[{"href":"https:\/\/www.divinginelba.com\/fr\/wp-json\/wp\/v2\/media?parent=13378"}],"curies":[{"name":"wp","href":"https:\/\/api.w.org\/{rel}","templated":true}]}}